{"id":1781,"date":"2023-05-29T13:29:34","date_gmt":"2023-05-29T05:29:34","guid":{"rendered":"https:\/\/cncsheetmachine.com\/?post_type=product&#038;p=1781"},"modified":"2023-06-01T10:13:49","modified_gmt":"2023-06-01T02:13:49","slug":"four-column-hydraulic-press-machine","status":"publish","type":"product","link":"https:\/\/www.cncsheetmachine.com\/es\/producto\/prensa-hidraulica-de-cuatro-columnas\/","title":{"rendered":"Prensa hidr\u00e1ulica de cuatro columnas"},"content":{"rendered":"<h2>Ventajas de la estructura de la m\u00e1quina hidr\u00e1ulica Y32<\/h2>\n<p>La m\u00e1quina consta principalmente de cama, cilindro de aceite, sistema hidr\u00e1ulico, el\u00e9ctrico, motor, columna, mesa y otras partes, la cama est\u00e1 hecha de placa de acero soldada o fundida, en forma de estructura de tres vigas y cuatro columnas, la m\u00e1quina principal es separado de la estaci\u00f3n hidr\u00e1ulica, y el nivel de l\u00edquido alto y bajo est\u00e1 indicado por la marca de aceite. La electricidad se controla de forma centralizada. La prensa hidr\u00e1ulica de cuatro columnas de la serie Y32 es una prensa hidr\u00e1ulica multifunci\u00f3n, que es adecuada para corregir el ajuste a presi\u00f3n de piezas de eje, perfiles y piezas tipo buje. Tambi\u00e9n se puede utilizar para doblar piezas de chapa. Acu\u00f1ar, formar. Tambi\u00e9n se puede utilizar para prensar productos de polvo y pl\u00e1stico menos exigentes, ajustar a presi\u00f3n y probar piezas de autom\u00f3viles.<\/p>\n<h2>M\u00e1quina hidr\u00e1ulica Y32 Ventajas del proceso<\/h2>\n<p>Toda la m\u00e1quina se suelda mediante soldadura por arco sumergido y, despu\u00e9s de la soldadura, se procesa por vibraci\u00f3n para garantizar el grado de no deformaci\u00f3n del cuerpo; el cuerpo est\u00e1 soldado con Q235, y la tensi\u00f3n interna se elimina mediante tratamiento a alta temperatura, recocido de alivio de tensi\u00f3n, normalizaci\u00f3n y tratamiento de envejecimiento natural para garantizar el rendimiento del cuerpo y evitar que el marco se deforme y da\u00f1e. La estaci\u00f3n hidr\u00e1ulica y la m\u00e1quina principal se pueden separar o conectar como una estructura completa, se puede seleccionar la posici\u00f3n y la marca de aceite muestra el nivel de l\u00edquido alto y bajo. Los cuatro pilares gu\u00eda y los v\u00e1stagos del pist\u00f3n de esta serie de prensas hidr\u00e1ulicas est\u00e1n templados y chapados con cobre y cromo duro para garantizar la resistencia al desgaste y la alta rugosidad de la superficie, que es resistente al desgaste y duradera.<\/p>\n<div class=\"J_module\">\n<div class=\"detail-decorate-json-renderer-container\">\n<div class=\"magic-0\">\n<div class=\"magic-1\" data-spm-anchor-id=\"a2700.details.0.i29.403c5960pWZBwp\">\n<div class=\"magic-2\">\n<div class=\"magic-3\">\n<h2>M\u00e1quina hidr\u00e1ulica Y32 <b>Detalles de producto<\/b><\/h2>\n<\/div>\n<\/div>\n<\/div>\n<\/div>\n<\/div>\n<\/div>\n<div class=\"J_module\">\n<div class=\"icbu-pc-images magic-5\">\n<div class=\"flex-layout-h\">\n<div class=\"text-wrapper magic-24\">\n<div class=\"text-wrapper-right text-theme-light text-align-left\">\n<h3 class=\"text-title\"><span class=\"magic-25\">Accesorios electricos<\/span><\/h3>\n<div class=\"text-content\">\n<div class=\"magic-26\">La selecci\u00f3n el\u00e9ctrica de marcas reconocidas como Delixi es segura y confiable. El circuito de la centralita est\u00e1 despejado. Est\u00e1 equipado con un rel\u00e9 de tiempo, que puede realizar un control de retardo. El diagrama esquem\u00e1tico el\u00e9ctrico se proporciona en el momento de la entrega, lo que hace que los clientes se sientan m\u00e1s c\u00f3modos y sin preocupaciones.<\/div>\n<div><img fetchpriority=\"high\" decoding=\"async\" class=\"alignnone size-medium wp-image-1784 aligncenter\" src=\"http:\/\/cncsheetmachine.com\/wp-content\/uploads\/2023\/05\/H5cdad94bfb884b9e8ff3c43a2d2f6d61x-300x197.png\" alt=\"\" width=\"300\" height=\"197\" srcset=\"https:\/\/www.cncsheetmachine.com\/wp-content\/uploads\/2023\/05\/H5cdad94bfb884b9e8ff3c43a2d2f6d61x-300x197.png 300w, https:\/\/www.cncsheetmachine.com\/wp-content\/uploads\/2023\/05\/H5cdad94bfb884b9e8ff3c43a2d2f6d61x.png 380w\" sizes=\"(max-width: 300px) 100vw, 300px\" \/><\/div>\n<\/div>\n<\/div>\n<\/div>\n<\/div>\n<\/div>\n<\/div>\n<div class=\"J_module\">\n<div class=\"icbu-pc-images magic-5\">\n<div class=\"flex-layout-h\">\n<div class=\"text-wrapper magic-27\">\n<div class=\"text-wrapper-left text-theme-light text-align-left\">\n<div class=\"text-title\">\n<h3><span class=\"magic-25\">Control de pantalla t\u00e1ctil PLC<\/span><\/h3>\n<\/div>\n<div class=\"text-content\">\n<div class=\"magic-26\">Interfaz hombre-m\u00e1quina, a trav\u00e9s del sistema inteligente para controlar el ajuste de par\u00e1metros de toda la m\u00e1quina, las partes de la m\u00e1quina est\u00e1n funcionando y el ajuste de par\u00e1metros es conveniente.<\/div>\n<div><img decoding=\"async\" class=\"alignnone size-medium wp-image-1785 aligncenter\" src=\"http:\/\/cncsheetmachine.com\/wp-content\/uploads\/2023\/05\/H9cf4b793a348460caca35b44b3bd2182U.png\" alt=\"\" width=\"300\" height=\"211\" \/><\/div>\n<\/div>\n<\/div>\n<\/div>\n<\/div>\n<\/div>\n<\/div>\n<div class=\"J_module\">\n<div class=\"icbu-pc-images magic-5\">\n<div class=\"flex-layout-h\">\n<div class=\"text-wrapper magic-24\">\n<div class=\"text-wrapper-right text-theme-light text-align-left\">\n<div class=\"text-title\">\n<h3><span class=\"magic-25\">Sistema de v\u00e1lvula de cartucho<\/span><\/h3>\n<\/div>\n<div class=\"text-content\">\n<div class=\"magic-26\">El sistema integrado de v\u00e1lvula de cartucho se adopta para reducir los puntos de fuga, una acci\u00f3n confiable y una larga vida \u00fatil. La v\u00e1lvula de cartucho de dos v\u00edas controla la direcci\u00f3n del flujo y la presi\u00f3n del aceite hidr\u00e1ulico para que la presi\u00f3n sea m\u00e1s estable.<\/div>\n<div><img decoding=\"async\" class=\"size-medium wp-image-1786 aligncenter\" src=\"http:\/\/cncsheetmachine.com\/wp-content\/uploads\/2023\/05\/H25e6d01e8b1645949b28e7472eed7dbdu-300x203.png\" alt=\"\" width=\"300\" height=\"203\" srcset=\"https:\/\/www.cncsheetmachine.com\/wp-content\/uploads\/2023\/05\/H25e6d01e8b1645949b28e7472eed7dbdu-300x203.png 300w, https:\/\/www.cncsheetmachine.com\/wp-content\/uploads\/2023\/05\/H25e6d01e8b1645949b28e7472eed7dbdu.png 362w\" sizes=\"(max-width: 300px) 100vw, 300px\" \/><\/div>\n<\/div>\n<\/div>\n<\/div>\n<\/div>\n<\/div>\n<\/div>\n<div class=\"J_module\">\n<div class=\"icbu-pc-images magic-5\">\n<div class=\"flex-layout-h\">\n<div class=\"text-wrapper magic-27\">\n<div class=\"text-wrapper-left text-theme-light text-align-left\">\n<div class=\"text-title\">\n<h3><span class=\"magic-25\">Parte anfitriona<\/span><\/h3>\n<\/div>\n<div class=\"text-content\">\n<div class=\"magic-26\">Todas las partes estructurales principales del fuselaje adoptan una estructura de soldadura de placa de acero, y la soldadura adopta una soldadura protegida con gas de di\u00f3xido de carbono para eliminar la tensi\u00f3n interna despu\u00e9s de la soldadura.<\/div>\n<div><img loading=\"lazy\" decoding=\"async\" class=\"size-medium wp-image-1787 aligncenter\" src=\"http:\/\/cncsheetmachine.com\/wp-content\/uploads\/2023\/05\/H372d15b2ccec4995ae60a03f07ef3b70N-300x258.png\" alt=\"\" width=\"300\" height=\"258\" srcset=\"https:\/\/www.cncsheetmachine.com\/wp-content\/uploads\/2023\/05\/H372d15b2ccec4995ae60a03f07ef3b70N-300x258.png 300w, https:\/\/www.cncsheetmachine.com\/wp-content\/uploads\/2023\/05\/H372d15b2ccec4995ae60a03f07ef3b70N.png 466w\" sizes=\"(max-width: 300px) 100vw, 300px\" \/><\/div>\n<\/div>\n<\/div>\n<\/div>\n<\/div>\n<\/div>\n<\/div>\n<div class=\"J_module\">\n<div class=\"icbu-pc-images magic-5\">\n<div class=\"flex-layout-h\">\n<div class=\"text-wrapper magic-24\">\n<div class=\"text-wrapper-right text-theme-light text-align-left\">\n<h3 class=\"text-title\"><span class=\"magic-25\">Sistema hidr\u00e1ulico<\/span><\/h3>\n<div class=\"text-content\">\n<div class=\"magic-26\">El sistema hidr\u00e1ulico se compone principalmente de bombas, bloques de v\u00e1lvulas, v\u00e1lvulas de llenado, sistemas de refrigeraci\u00f3n y filtrado, tuber\u00edas, etc., con la ayuda del sistema de control el\u00e9ctrico para controlar diversas acciones de la prensa hidr\u00e1ulica.<\/div>\n<div><img loading=\"lazy\" decoding=\"async\" class=\"size-medium wp-image-1788 aligncenter\" src=\"http:\/\/cncsheetmachine.com\/wp-content\/uploads\/2023\/05\/H5119121100cd42eda10d72f0a7ebd632Y-300x249.png\" alt=\"\" width=\"300\" height=\"249\" srcset=\"https:\/\/www.cncsheetmachine.com\/wp-content\/uploads\/2023\/05\/H5119121100cd42eda10d72f0a7ebd632Y-300x249.png 300w, https:\/\/www.cncsheetmachine.com\/wp-content\/uploads\/2023\/05\/H5119121100cd42eda10d72f0a7ebd632Y.png 480w\" sizes=\"(max-width: 300px) 100vw, 300px\" \/><\/div>\n<div><\/div>\n<div>\n<h2>M\u00e1quina hidr\u00e1ulica Y32 Fabricaci\u00f3n de productos<\/h2>\n<\/div>\n<div><\/div>\n<div><img loading=\"lazy\" decoding=\"async\" class=\"wp-image-1884 size-full aligncenter\" src=\"https:\/\/www.cncsheetmachine.com\/wp-content\/uploads\/2023\/05\/H919e8c8479de4eff9662f19b1006b6233.jpg\" alt=\"\" width=\"600\" height=\"455\" srcset=\"https:\/\/www.cncsheetmachine.com\/wp-content\/uploads\/2023\/05\/H919e8c8479de4eff9662f19b1006b6233.jpg 600w, https:\/\/www.cncsheetmachine.com\/wp-content\/uploads\/2023\/05\/H919e8c8479de4eff9662f19b1006b6233-300x228.jpg 300w\" sizes=\"(max-width: 600px) 100vw, 600px\" \/><\/div>\n<\/div>\n<\/div>\n<\/div>\n<\/div>\n<\/div>\n<\/div>","protected":false},"excerpt":{"rendered":"<p>Y32 hydraulic machine structure advantages The machine mainly consists of bed, oil cylinder, hydraulic system, electric, motor, column, table and other parts, the bed is made of steel plate welding or casting, in the form of three beams and four columns structure, the main machine is separated from the hydraulic station, and the high and [&hellip;]<\/p>","protected":false},"featured_media":1671,"comment_status":"open","ping_status":"closed","template":"","meta":{"site-sidebar-layout":"default","site-content-layout":"default","ast-site-content-layout":"default","site-content-style":"default","site-sidebar-style":"default","ast-global-header-display":"","ast-banner-title-visibility":"","ast-main-header-display":"","ast-hfb-above-header-display":"","ast-hfb-below-header-display":"","ast-hfb-mobile-header-display":"","site-post-title":"","ast-breadcrumbs-content":"","ast-featured-img":"","footer-sml-layout":"","ast-disable-related-posts":"","theme-transparent-header-meta":"default","adv-header-id-meta":"","stick-header-meta":"","header-above-stick-meta":"","header-main-stick-meta":"","header-below-stick-meta":"","astra-migrate-meta-layouts":"default","ast-page-background-enabled":"default","ast-page-background-meta":{"desktop":{"background-color":"var(--ast-global-color-4)","background-image":"","background-repeat":"repeat","background-position":"center center","background-size":"auto","background-attachment":"scroll","background-type":"","background-media":"","overlay-type":"","overlay-color":"","overlay-opacity":"","overlay-gradient":""},"tablet":{"background-color":"","background-image":"","background-repeat":"repeat","background-position":"center center","background-size":"auto","background-attachment":"scroll","background-type":"","background-media":"","overlay-type":"","overlay-color":"","overlay-opacity":"","overlay-gradient":""},"mobile":{"background-color":"","background-image":"","background-repeat":"repeat","background-position":"center center","background-size":"auto","background-attachment":"scroll","background-type":"","background-media":"","overlay-type":"","overlay-color":"","overlay-opacity":"","overlay-gradient":""}},"ast-content-background-meta":{"desktop":{"background-color":"var(--ast-global-color-5)","background-image":"","background-repeat":"repeat","background-position":"center center","background-size":"auto","background-attachment":"scroll","background-type":"","background-media":"","overlay-type":"","overlay-color":"","overlay-opacity":"","overlay-gradient":""},"tablet":{"background-color":"var(--ast-global-color-5)","background-image":"","background-repeat":"repeat","background-position":"center center","background-size":"auto","background-attachment":"scroll","background-type":"","background-media":"","overlay-type":"","overlay-color":"","overlay-opacity":"","overlay-gradient":""},"mobile":{"background-color":"var(--ast-global-color-5)","background-image":"","background-repeat":"repeat","background-position":"center center","background-size":"auto","background-attachment":"scroll","background-type":"","background-media":"","overlay-type":"","overlay-color":"","overlay-opacity":"","overlay-gradient":""}}},"product_brand":[],"product_cat":[41],"product_tag":[42],"class_list":{"0":"post-1781","1":"product","2":"type-product","3":"status-publish","4":"has-post-thumbnail","6":"product_cat-hydraulic-press","7":"product_tag-hydraulic-press","8":"desktop-align-left","9":"tablet-align-left","10":"mobile-align-left","11":"ast-product-gallery-layout-horizontal-slider","13":"first","14":"instock","15":"shipping-taxable","16":"product-type-simple"},"yoast_head":"<!-- This site is optimized with the Yoast SEO plugin v27.4 - https:\/\/yoast.com\/product\/yoast-seo-wordpress\/ -->\n<title>Four Column Hydraulic Press Machine - JIUYING<\/title>\n<meta name=\"robots\" content=\"index, follow, max-snippet:-1, max-image-preview:large, max-video-preview:-1\" \/>\n<link rel=\"canonical\" href=\"https:\/\/www.cncsheetmachine.com\/es\/producto\/prensa-hidraulica-de-cuatro-columnas\/\" \/>\n<meta property=\"og:locale\" content=\"es_ES\" \/>\n<meta property=\"og:type\" content=\"article\" \/>\n<meta property=\"og:title\" content=\"Four Column Hydraulic Press Machine - JIUYING\" \/>\n<meta property=\"og:description\" content=\"Y32 hydraulic machine structure advantages The machine mainly consists of bed, oil cylinder, hydraulic system, electric, motor, column, table and other parts, the bed is made of steel plate welding or casting, in the form of three beams and four columns structure, the main machine is separated from the hydraulic station, and the high and [&hellip;]\" \/>\n<meta property=\"og:url\" content=\"https:\/\/www.cncsheetmachine.com\/es\/producto\/prensa-hidraulica-de-cuatro-columnas\/\" \/>\n<meta property=\"og:site_name\" content=\"JIUYING\" \/>\n<meta property=\"article:publisher\" content=\"https:\/\/www.facebook.com\/profile.php?id=100093426904136\" \/>\n<meta property=\"article:modified_time\" content=\"2023-06-01T02:13:49+00:00\" \/>\n<meta property=\"og:image\" content=\"https:\/\/www.cncsheetmachine.com\/wp-content\/uploads\/2023\/05\/1-200Q313514RE.jpg\" \/>\n\t<meta property=\"og:image:width\" content=\"640\" \/>\n\t<meta property=\"og:image:height\" content=\"640\" \/>\n\t<meta property=\"og:image:type\" content=\"image\/jpeg\" \/>\n<meta name=\"twitter:card\" content=\"summary_large_image\" \/>\n<meta name=\"twitter:label1\" content=\"Tiempo de lectura\" \/>\n\t<meta name=\"twitter:data1\" content=\"2 minutos\" \/>\n<script type=\"application\/ld+json\" class=\"yoast-schema-graph\">{\"@context\":\"https:\\\/\\\/schema.org\",\"@graph\":[{\"@type\":\"WebPage\",\"@id\":\"https:\\\/\\\/www.cncsheetmachine.com\\\/product\\\/four-column-hydraulic-press-machine\\\/\",\"url\":\"https:\\\/\\\/www.cncsheetmachine.com\\\/product\\\/four-column-hydraulic-press-machine\\\/\",\"name\":\"Four Column Hydraulic Press Machine - JIUYING\",\"isPartOf\":{\"@id\":\"https:\\\/\\\/www.cncsheetmachine.com\\\/en\\\/#website\"},\"primaryImageOfPage\":{\"@id\":\"https:\\\/\\\/www.cncsheetmachine.com\\\/product\\\/four-column-hydraulic-press-machine\\\/#primaryimage\"},\"image\":{\"@id\":\"https:\\\/\\\/www.cncsheetmachine.com\\\/product\\\/four-column-hydraulic-press-machine\\\/#primaryimage\"},\"thumbnailUrl\":\"https:\\\/\\\/www.cncsheetmachine.com\\\/wp-content\\\/uploads\\\/2023\\\/05\\\/1-200Q313514RE.jpg\",\"datePublished\":\"2023-05-29T05:29:34+00:00\",\"dateModified\":\"2023-06-01T02:13:49+00:00\",\"breadcrumb\":{\"@id\":\"https:\\\/\\\/www.cncsheetmachine.com\\\/product\\\/four-column-hydraulic-press-machine\\\/#breadcrumb\"},\"inLanguage\":\"es\",\"potentialAction\":[{\"@type\":\"ReadAction\",\"target\":[\"https:\\\/\\\/www.cncsheetmachine.com\\\/product\\\/four-column-hydraulic-press-machine\\\/\"]}]},{\"@type\":\"ImageObject\",\"inLanguage\":\"es\",\"@id\":\"https:\\\/\\\/www.cncsheetmachine.com\\\/product\\\/four-column-hydraulic-press-machine\\\/#primaryimage\",\"url\":\"https:\\\/\\\/www.cncsheetmachine.com\\\/wp-content\\\/uploads\\\/2023\\\/05\\\/1-200Q313514RE.jpg\",\"contentUrl\":\"https:\\\/\\\/www.cncsheetmachine.com\\\/wp-content\\\/uploads\\\/2023\\\/05\\\/1-200Q313514RE.jpg\",\"width\":640,\"height\":640,\"caption\":\"Four column hydraulic press machine\"},{\"@type\":\"BreadcrumbList\",\"@id\":\"https:\\\/\\\/www.cncsheetmachine.com\\\/product\\\/four-column-hydraulic-press-machine\\\/#breadcrumb\",\"itemListElement\":[{\"@type\":\"ListItem\",\"position\":1,\"name\":\"Home\",\"item\":\"https:\\\/\\\/www.cncsheetmachine.com\\\/en\\\/\"},{\"@type\":\"ListItem\",\"position\":2,\"name\":\"Product\",\"item\":\"https:\\\/\\\/www.cncsheetmachine.com\\\/en\\\/product\\\/\"},{\"@type\":\"ListItem\",\"position\":3,\"name\":\"Four Column Hydraulic Press Machine\"}]},{\"@type\":\"WebSite\",\"@id\":\"https:\\\/\\\/www.cncsheetmachine.com\\\/en\\\/#website\",\"url\":\"https:\\\/\\\/www.cncsheetmachine.com\\\/en\\\/\",\"name\":\"JIUYING\",\"description\":\"Jiuying Hydraulic Press Official Website\",\"publisher\":{\"@id\":\"https:\\\/\\\/www.cncsheetmachine.com\\\/en\\\/#organization\"},\"potentialAction\":[{\"@type\":\"SearchAction\",\"target\":{\"@type\":\"EntryPoint\",\"urlTemplate\":\"https:\\\/\\\/www.cncsheetmachine.com\\\/en\\\/?s={search_term_string}\"},\"query-input\":{\"@type\":\"PropertyValueSpecification\",\"valueRequired\":true,\"valueName\":\"search_term_string\"}}],\"inLanguage\":\"es\"},{\"@type\":\"Organization\",\"@id\":\"https:\\\/\\\/www.cncsheetmachine.com\\\/en\\\/#organization\",\"name\":\"JIUYING\",\"url\":\"https:\\\/\\\/www.cncsheetmachine.com\\\/en\\\/\",\"logo\":{\"@type\":\"ImageObject\",\"inLanguage\":\"es\",\"@id\":\"https:\\\/\\\/www.cncsheetmachine.com\\\/en\\\/#\\\/schema\\\/logo\\\/image\\\/\",\"url\":\"\",\"contentUrl\":\"\",\"caption\":\"JIUYING\"},\"image\":{\"@id\":\"https:\\\/\\\/www.cncsheetmachine.com\\\/en\\\/#\\\/schema\\\/logo\\\/image\\\/\"},\"sameAs\":[\"https:\\\/\\\/www.facebook.com\\\/profile.php?id=100093426904136\"]}]}<\/script>\n<!-- \/ Yoast SEO plugin. -->","yoast_head_json":{"title":"Prensa hidr\u00e1ulica de cuatro columnas - JIUYING","robots":{"index":"index","follow":"follow","max-snippet":"max-snippet:-1","max-image-preview":"max-image-preview:large","max-video-preview":"max-video-preview:-1"},"canonical":"https:\/\/www.cncsheetmachine.com\/es\/producto\/prensa-hidraulica-de-cuatro-columnas\/","og_locale":"es_ES","og_type":"article","og_title":"Four Column Hydraulic Press Machine - JIUYING","og_description":"Y32 hydraulic machine structure advantages The machine mainly consists of bed, oil cylinder, hydraulic system, electric, motor, column, table and other parts, the bed is made of steel plate welding or casting, in the form of three beams and four columns structure, the main machine is separated from the hydraulic station, and the high and [&hellip;]","og_url":"https:\/\/www.cncsheetmachine.com\/es\/producto\/prensa-hidraulica-de-cuatro-columnas\/","og_site_name":"JIUYING","article_publisher":"https:\/\/www.facebook.com\/profile.php?id=100093426904136","article_modified_time":"2023-06-01T02:13:49+00:00","og_image":[{"width":640,"height":640,"url":"https:\/\/www.cncsheetmachine.com\/wp-content\/uploads\/2023\/05\/1-200Q313514RE.jpg","type":"image\/jpeg"}],"twitter_card":"summary_large_image","twitter_misc":{"Tiempo de lectura":"2 minutos"},"schema":{"@context":"https:\/\/schema.org","@graph":[{"@type":"WebPage","@id":"https:\/\/www.cncsheetmachine.com\/product\/four-column-hydraulic-press-machine\/","url":"https:\/\/www.cncsheetmachine.com\/product\/four-column-hydraulic-press-machine\/","name":"Prensa hidr\u00e1ulica de cuatro columnas - JIUYING","isPartOf":{"@id":"https:\/\/www.cncsheetmachine.com\/en\/#website"},"primaryImageOfPage":{"@id":"https:\/\/www.cncsheetmachine.com\/product\/four-column-hydraulic-press-machine\/#primaryimage"},"image":{"@id":"https:\/\/www.cncsheetmachine.com\/product\/four-column-hydraulic-press-machine\/#primaryimage"},"thumbnailUrl":"https:\/\/www.cncsheetmachine.com\/wp-content\/uploads\/2023\/05\/1-200Q313514RE.jpg","datePublished":"2023-05-29T05:29:34+00:00","dateModified":"2023-06-01T02:13:49+00:00","breadcrumb":{"@id":"https:\/\/www.cncsheetmachine.com\/product\/four-column-hydraulic-press-machine\/#breadcrumb"},"inLanguage":"es","potentialAction":[{"@type":"ReadAction","target":["https:\/\/www.cncsheetmachine.com\/product\/four-column-hydraulic-press-machine\/"]}]},{"@type":"ImageObject","inLanguage":"es","@id":"https:\/\/www.cncsheetmachine.com\/product\/four-column-hydraulic-press-machine\/#primaryimage","url":"https:\/\/www.cncsheetmachine.com\/wp-content\/uploads\/2023\/05\/1-200Q313514RE.jpg","contentUrl":"https:\/\/www.cncsheetmachine.com\/wp-content\/uploads\/2023\/05\/1-200Q313514RE.jpg","width":640,"height":640,"caption":"Four column hydraulic press machine"},{"@type":"BreadcrumbList","@id":"https:\/\/www.cncsheetmachine.com\/product\/four-column-hydraulic-press-machine\/#breadcrumb","itemListElement":[{"@type":"ListItem","position":1,"name":"Home","item":"https:\/\/www.cncsheetmachine.com\/en\/"},{"@type":"ListItem","position":2,"name":"Product","item":"https:\/\/www.cncsheetmachine.com\/en\/product\/"},{"@type":"ListItem","position":3,"name":"Four Column Hydraulic Press Machine"}]},{"@type":"WebSite","@id":"https:\/\/www.cncsheetmachine.com\/en\/#website","url":"https:\/\/www.cncsheetmachine.com\/en\/","name":"JIUYING","description":"Sitio web oficial de Jiuying Hydraulic Press","publisher":{"@id":"https:\/\/www.cncsheetmachine.com\/en\/#organization"},"potentialAction":[{"@type":"SearchAction","target":{"@type":"EntryPoint","urlTemplate":"https:\/\/www.cncsheetmachine.com\/en\/?s={search_term_string}"},"query-input":{"@type":"PropertyValueSpecification","valueRequired":true,"valueName":"search_term_string"}}],"inLanguage":"es"},{"@type":"Organization","@id":"https:\/\/www.cncsheetmachine.com\/en\/#organization","name":"JIUYING","url":"https:\/\/www.cncsheetmachine.com\/en\/","logo":{"@type":"ImageObject","inLanguage":"es","@id":"https:\/\/www.cncsheetmachine.com\/en\/#\/schema\/logo\/image\/","url":"","contentUrl":"","caption":"JIUYING"},"image":{"@id":"https:\/\/www.cncsheetmachine.com\/en\/#\/schema\/logo\/image\/"},"sameAs":["https:\/\/www.facebook.com\/profile.php?id=100093426904136"]}]}},"_links":{"self":[{"href":"https:\/\/www.cncsheetmachine.com\/es\/wp-json\/wp\/v2\/product\/1781","targetHints":{"allow":["GET"]}}],"collection":[{"href":"https:\/\/www.cncsheetmachine.com\/es\/wp-json\/wp\/v2\/product"}],"about":[{"href":"https:\/\/www.cncsheetmachine.com\/es\/wp-json\/wp\/v2\/types\/product"}],"replies":[{"embeddable":true,"href":"https:\/\/www.cncsheetmachine.com\/es\/wp-json\/wp\/v2\/comments?post=1781"}],"version-history":[{"count":1,"href":"https:\/\/www.cncsheetmachine.com\/es\/wp-json\/wp\/v2\/product\/1781\/revisions"}],"predecessor-version":[{"id":1783,"href":"https:\/\/www.cncsheetmachine.com\/es\/wp-json\/wp\/v2\/product\/1781\/revisions\/1783"}],"wp:featuredmedia":[{"embeddable":true,"href":"https:\/\/www.cncsheetmachine.com\/es\/wp-json\/wp\/v2\/media\/1671"}],"wp:attachment":[{"href":"https:\/\/www.cncsheetmachine.com\/es\/wp-json\/wp\/v2\/media?parent=1781"}],"wp:term":[{"taxonomy":"product_brand","embeddable":true,"href":"https:\/\/www.cncsheetmachine.com\/es\/wp-json\/wp\/v2\/product_brand?post=1781"},{"taxonomy":"product_cat","embeddable":true,"href":"https:\/\/www.cncsheetmachine.com\/es\/wp-json\/wp\/v2\/product_cat?post=1781"},{"taxonomy":"product_tag","embeddable":true,"href":"https:\/\/www.cncsheetmachine.com\/es\/wp-json\/wp\/v2\/product_tag?post=1781"}],"curies":[{"name":"wp","href":"https:\/\/api.w.org\/{rel}","templated":true}]}}