{"id":1793,"date":"2023-05-29T14:11:10","date_gmt":"2023-05-29T06:11:10","guid":{"rendered":"https:\/\/cncsheetmachine.com\/?post_type=product&#038;p=1793"},"modified":"2023-06-01T10:27:56","modified_gmt":"2023-06-01T02:27:56","slug":"four-column-hydraulic-presses","status":"publish","type":"product","link":"https:\/\/www.cncsheetmachine.com\/es\/producto\/prensas-hidraulicas-de-cuatro-columnas\/","title":{"rendered":"Prensas hidr\u00e1ulicas de cuatro columnas"},"content":{"rendered":"<h2>Prensas hidr\u00e1ulicas de cuatro columnas<\/h2>\n<p>Las prensas hidr\u00e1ulicas de cuatro columnas tambi\u00e9n se conocen como prensas hidr\u00e1ulicas de uso general, es una gama muy amplia de equipos de prensa; los usos incluyen estiramiento de metal, doblado de l\u00e1minas de pl\u00e1stico, formaci\u00f3n de polvo, ensamblaje, moldeado, estampado, formaci\u00f3n de prensa en caliente, etc., los par\u00e1metros detallados de la m\u00e1quina convencional pueden consultar al gerente de ventas, la m\u00e1quina convencional no puede satisfacer la demanda tambi\u00e9n se puede seleccionar y ajustado de acuerdo con el proceso y las necesidades de los amigos del cliente, el espec\u00edfico puede contactarnos directamente Para obtener m\u00e1s detalles, cont\u00e1ctenos directamente.<\/p>\n<h2>Los detalles de la excelente artesan\u00eda se ven en el real<\/h2>\n<p><strong>1. An\u00e1lisis computarizado de elementos finitos<\/strong><br \/>\nMediante el an\u00e1lisis computarizado de elementos finitos, la estructura se dise\u00f1a cient\u00edfica y razonablemente para garantizar la resistencia estructural y la practicidad.<\/p>\n<p><strong>2. Socavaci\u00f3n completamente autom\u00e1tica<\/strong><br \/>\nUse una m\u00e1quina de corte por llama y plasma CNC para un socavado preciso<\/p>\n<p><strong>3. Soldadura<\/strong><br \/>\nEl cuerpo est\u00e1 soldado con placa de acero de alta calidad.<\/p>\n<p><strong>4. Fresadora de armadura CNC grande<\/strong><br \/>\nEl mecanizado de precisi\u00f3n del cuerpo de la m\u00e1quina se puede realizar con una precisi\u00f3n de \u00b10,01 mm.<\/p>\n<p><strong>5. Apagado de frecuencia media<\/strong><br \/>\nV\u00e1stago del pist\u00f3n del cilindro de aceite mediante tratamiento de enfriamiento de frecuencia media para fortalecer la dureza de la superficie y prolongar la vida \u00fatil<\/p>\n<p><strong>6. Rectificadora cil\u00edndrica<\/strong><br \/>\nEl v\u00e1stago del pist\u00f3n del cilindro est\u00e1 hecho de acero redondo de alta calidad y finamente rectificado por una m\u00e1quina rectificadora cil\u00edndrica para garantizar la redondez y la suavidad.<\/p>\n<p><img fetchpriority=\"high\" decoding=\"async\" class=\"aligncenter wp-image-1796 size-full\" src=\"https:\/\/www.cncsheetmachine.com\/wp-content\/uploads\/2023\/05\/1.jpg\" alt=\"\" width=\"742\" height=\"399\" srcset=\"https:\/\/www.cncsheetmachine.com\/wp-content\/uploads\/2023\/05\/1.jpg 742w, https:\/\/www.cncsheetmachine.com\/wp-content\/uploads\/2023\/05\/1-300x161.jpg 300w, https:\/\/www.cncsheetmachine.com\/wp-content\/uploads\/2023\/05\/1-600x323.jpg 600w\" sizes=\"(max-width: 742px) 100vw, 742px\" \/><\/p>\n<p><img decoding=\"async\" class=\"aligncenter wp-image-1797 size-full\" src=\"https:\/\/www.cncsheetmachine.com\/wp-content\/uploads\/2023\/05\/\u5fae\u4fe1\u622a\u56fe_20230529140943.jpg\" alt=\"\" width=\"744\" height=\"417\" srcset=\"https:\/\/www.cncsheetmachine.com\/wp-content\/uploads\/2023\/05\/\u5fae\u4fe1\u622a\u56fe_20230529140943.jpg 744w, https:\/\/www.cncsheetmachine.com\/wp-content\/uploads\/2023\/05\/\u5fae\u4fe1\u622a\u56fe_20230529140943-300x168.jpg 300w, https:\/\/www.cncsheetmachine.com\/wp-content\/uploads\/2023\/05\/\u5fae\u4fe1\u622a\u56fe_20230529140943-600x336.jpg 600w\" sizes=\"(max-width: 744px) 100vw, 744px\" \/><\/p>\n<h2>Amplia gama de aplicaciones<\/h2>\n<p><strong>Materiales compuestos<\/strong><br \/>\nTapas de registro de resina, ventiladores de FRP, paneles de drenaje s\u00e9ptico, cajas de medidores, tanques s\u00e9pticos, drenajes, autopartes, paneles de tanques de agua de FRP, puentes de cables, tarimas de pl\u00e1stico.<\/p>\n<p><strong>Estiramiento de metales<\/strong><\/p>\n<p>Bandeja de anclaje, placa de tanque de acero inoxidable, plato llano, fregadero de acero inoxidable, placa de carro de triciclo, cubo de rueda, gofrado de puertas de acero y madera, cabezales, piezas de autom\u00f3viles el\u00e9ctricos, placa corrugada, cubierta de canal\u00f3n \u2026..<\/p>\n<p><img decoding=\"async\" class=\"aligncenter wp-image-1794 size-medium\" src=\"https:\/\/www.cncsheetmachine.com\/wp-content\/uploads\/2023\/05\/\u5fae\u4fe1\u622a\u56fe_20230529140455-300x243.jpg\" alt=\"\" width=\"300\" height=\"243\" srcset=\"\" sizes=\"(max-width: 300px) 100vw, 300px\" data-srcset=\"\" \/><img loading=\"lazy\" decoding=\"async\" class=\"aligncenter wp-image-1795 size-medium\" src=\"https:\/\/www.cncsheetmachine.com\/wp-content\/uploads\/2023\/05\/\u5fae\u4fe1\u622a\u56fe_20230529140541-300x237.jpg\" alt=\"\" width=\"300\" height=\"237\" srcset=\"\" sizes=\"(max-width: 300px) 100vw, 300px\" data-srcset=\"\" \/><\/p>","protected":false},"excerpt":{"rendered":"<p>Four-column hydraulic presses Four-column hydraulic presses are also known as general-purpose hydraulic presses, is a very wide range of press equipment; uses include metal stretching plastic sheet metal bending, powder forming, assembly, molding, stamping, hot press forming, etc., the detailed parameters of the conventional machine can consult the sales manager, the conventional machine can not [&hellip;]<\/p>","protected":false},"featured_media":1673,"comment_status":"open","ping_status":"closed","template":"","meta":{"site-sidebar-layout":"default","site-content-layout":"default","ast-site-content-layout":"default","site-content-style":"default","site-sidebar-style":"default","ast-global-header-display":"","ast-banner-title-visibility":"","ast-main-header-display":"","ast-hfb-above-header-display":"","ast-hfb-below-header-display":"","ast-hfb-mobile-header-display":"","site-post-title":"","ast-breadcrumbs-content":"","ast-featured-img":"","footer-sml-layout":"","ast-disable-related-posts":"","theme-transparent-header-meta":"default","adv-header-id-meta":"","stick-header-meta":"","header-above-stick-meta":"","header-main-stick-meta":"","header-below-stick-meta":"","astra-migrate-meta-layouts":"default","ast-page-background-enabled":"default","ast-page-background-meta":{"desktop":{"background-color":"var(--ast-global-color-4)","background-image":"","background-repeat":"repeat","background-position":"center center","background-size":"auto","background-attachment":"scroll","background-type":"","background-media":"","overlay-type":"","overlay-color":"","overlay-opacity":"","overlay-gradient":""},"tablet":{"background-color":"","background-image":"","background-repeat":"repeat","background-position":"center center","background-size":"auto","background-attachment":"scroll","background-type":"","background-media":"","overlay-type":"","overlay-color":"","overlay-opacity":"","overlay-gradient":""},"mobile":{"background-color":"","background-image":"","background-repeat":"repeat","background-position":"center center","background-size":"auto","background-attachment":"scroll","background-type":"","background-media":"","overlay-type":"","overlay-color":"","overlay-opacity":"","overlay-gradient":""}},"ast-content-background-meta":{"desktop":{"background-color":"var(--ast-global-color-5)","background-image":"","background-repeat":"repeat","background-position":"center center","background-size":"auto","background-attachment":"scroll","background-type":"","background-media":"","overlay-type":"","overlay-color":"","overlay-opacity":"","overlay-gradient":""},"tablet":{"background-color":"var(--ast-global-color-5)","background-image":"","background-repeat":"repeat","background-position":"center center","background-size":"auto","background-attachment":"scroll","background-type":"","background-media":"","overlay-type":"","overlay-color":"","overlay-opacity":"","overlay-gradient":""},"mobile":{"background-color":"var(--ast-global-color-5)","background-image":"","background-repeat":"repeat","background-position":"center center","background-size":"auto","background-attachment":"scroll","background-type":"","background-media":"","overlay-type":"","overlay-color":"","overlay-opacity":"","overlay-gradient":""}}},"product_brand":[],"product_cat":[41],"product_tag":[],"class_list":{"0":"post-1793","1":"product","2":"type-product","3":"status-publish","4":"has-post-thumbnail","6":"product_cat-hydraulic-press","7":"desktop-align-left","8":"tablet-align-left","9":"mobile-align-left","10":"ast-product-gallery-layout-horizontal-slider","11":"ast-product-gallery-with-no-image","13":"first","14":"instock","15":"shipping-taxable","16":"product-type-simple"},"yoast_head":"<!-- This site is optimized with the Yoast SEO plugin v27.4 - https:\/\/yoast.com\/product\/yoast-seo-wordpress\/ -->\n<title>Four-column hydraulic presses - JIUYING<\/title>\n<meta name=\"robots\" content=\"index, follow, max-snippet:-1, max-image-preview:large, max-video-preview:-1\" \/>\n<link rel=\"canonical\" href=\"https:\/\/www.cncsheetmachine.com\/es\/producto\/prensas-hidraulicas-de-cuatro-columnas\/\" \/>\n<meta property=\"og:locale\" content=\"es_ES\" \/>\n<meta property=\"og:type\" content=\"article\" \/>\n<meta property=\"og:title\" content=\"Four-column hydraulic presses - JIUYING\" \/>\n<meta property=\"og:description\" content=\"Four-column hydraulic presses Four-column hydraulic presses are also known as general-purpose hydraulic presses, is a very wide range of press equipment; uses include metal stretching plastic sheet metal bending, powder forming, assembly, molding, stamping, hot press forming, etc., the detailed parameters of the conventional machine can consult the sales manager, the conventional machine can not [&hellip;]\" \/>\n<meta property=\"og:url\" content=\"https:\/\/www.cncsheetmachine.com\/es\/producto\/prensas-hidraulicas-de-cuatro-columnas\/\" \/>\n<meta property=\"og:site_name\" content=\"JIUYING\" \/>\n<meta property=\"article:publisher\" content=\"https:\/\/www.facebook.com\/profile.php?id=100093426904136\" \/>\n<meta property=\"article:modified_time\" content=\"2023-06-01T02:27:56+00:00\" \/>\n<meta property=\"og:image\" content=\"https:\/\/www.cncsheetmachine.com\/wp-content\/uploads\/2023\/05\/1-200Q3140045364.jpg\" \/>\n\t<meta property=\"og:image:width\" content=\"640\" \/>\n\t<meta property=\"og:image:height\" content=\"640\" \/>\n\t<meta property=\"og:image:type\" content=\"image\/jpeg\" \/>\n<meta name=\"twitter:card\" content=\"summary_large_image\" \/>\n<meta name=\"twitter:label1\" content=\"Tiempo de lectura\" \/>\n\t<meta name=\"twitter:data1\" content=\"1 minuto\" \/>\n<script type=\"application\/ld+json\" class=\"yoast-schema-graph\">{\"@context\":\"https:\\\/\\\/schema.org\",\"@graph\":[{\"@type\":\"WebPage\",\"@id\":\"https:\\\/\\\/www.cncsheetmachine.com\\\/product\\\/four-column-hydraulic-presses\\\/\",\"url\":\"https:\\\/\\\/www.cncsheetmachine.com\\\/product\\\/four-column-hydraulic-presses\\\/\",\"name\":\"Four-column hydraulic presses - JIUYING\",\"isPartOf\":{\"@id\":\"https:\\\/\\\/www.cncsheetmachine.com\\\/en\\\/#website\"},\"primaryImageOfPage\":{\"@id\":\"https:\\\/\\\/www.cncsheetmachine.com\\\/product\\\/four-column-hydraulic-presses\\\/#primaryimage\"},\"image\":{\"@id\":\"https:\\\/\\\/www.cncsheetmachine.com\\\/product\\\/four-column-hydraulic-presses\\\/#primaryimage\"},\"thumbnailUrl\":\"https:\\\/\\\/www.cncsheetmachine.com\\\/wp-content\\\/uploads\\\/2023\\\/05\\\/1-200Q3140045364.jpg\",\"datePublished\":\"2023-05-29T06:11:10+00:00\",\"dateModified\":\"2023-06-01T02:27:56+00:00\",\"breadcrumb\":{\"@id\":\"https:\\\/\\\/www.cncsheetmachine.com\\\/product\\\/four-column-hydraulic-presses\\\/#breadcrumb\"},\"inLanguage\":\"es\",\"potentialAction\":[{\"@type\":\"ReadAction\",\"target\":[\"https:\\\/\\\/www.cncsheetmachine.com\\\/product\\\/four-column-hydraulic-presses\\\/\"]}]},{\"@type\":\"ImageObject\",\"inLanguage\":\"es\",\"@id\":\"https:\\\/\\\/www.cncsheetmachine.com\\\/product\\\/four-column-hydraulic-presses\\\/#primaryimage\",\"url\":\"https:\\\/\\\/www.cncsheetmachine.com\\\/wp-content\\\/uploads\\\/2023\\\/05\\\/1-200Q3140045364.jpg\",\"contentUrl\":\"https:\\\/\\\/www.cncsheetmachine.com\\\/wp-content\\\/uploads\\\/2023\\\/05\\\/1-200Q3140045364.jpg\",\"width\":640,\"height\":640,\"caption\":\"Three Beam and Four Column Hydraulic Press\"},{\"@type\":\"BreadcrumbList\",\"@id\":\"https:\\\/\\\/www.cncsheetmachine.com\\\/product\\\/four-column-hydraulic-presses\\\/#breadcrumb\",\"itemListElement\":[{\"@type\":\"ListItem\",\"position\":1,\"name\":\"Home\",\"item\":\"https:\\\/\\\/www.cncsheetmachine.com\\\/en\\\/\"},{\"@type\":\"ListItem\",\"position\":2,\"name\":\"Product\",\"item\":\"https:\\\/\\\/www.cncsheetmachine.com\\\/en\\\/product\\\/\"},{\"@type\":\"ListItem\",\"position\":3,\"name\":\"Four-column hydraulic presses\"}]},{\"@type\":\"WebSite\",\"@id\":\"https:\\\/\\\/www.cncsheetmachine.com\\\/en\\\/#website\",\"url\":\"https:\\\/\\\/www.cncsheetmachine.com\\\/en\\\/\",\"name\":\"JIUYING\",\"description\":\"Jiuying Hydraulic Press Official Website\",\"publisher\":{\"@id\":\"https:\\\/\\\/www.cncsheetmachine.com\\\/en\\\/#organization\"},\"potentialAction\":[{\"@type\":\"SearchAction\",\"target\":{\"@type\":\"EntryPoint\",\"urlTemplate\":\"https:\\\/\\\/www.cncsheetmachine.com\\\/en\\\/?s={search_term_string}\"},\"query-input\":{\"@type\":\"PropertyValueSpecification\",\"valueRequired\":true,\"valueName\":\"search_term_string\"}}],\"inLanguage\":\"es\"},{\"@type\":\"Organization\",\"@id\":\"https:\\\/\\\/www.cncsheetmachine.com\\\/en\\\/#organization\",\"name\":\"JIUYING\",\"url\":\"https:\\\/\\\/www.cncsheetmachine.com\\\/en\\\/\",\"logo\":{\"@type\":\"ImageObject\",\"inLanguage\":\"es\",\"@id\":\"https:\\\/\\\/www.cncsheetmachine.com\\\/en\\\/#\\\/schema\\\/logo\\\/image\\\/\",\"url\":\"\",\"contentUrl\":\"\",\"caption\":\"JIUYING\"},\"image\":{\"@id\":\"https:\\\/\\\/www.cncsheetmachine.com\\\/en\\\/#\\\/schema\\\/logo\\\/image\\\/\"},\"sameAs\":[\"https:\\\/\\\/www.facebook.com\\\/profile.php?id=100093426904136\"]}]}<\/script>\n<!-- \/ Yoast SEO plugin. -->","yoast_head_json":{"title":"Prensas hidr\u00e1ulicas de cuatro columnas - JIUYING","robots":{"index":"index","follow":"follow","max-snippet":"max-snippet:-1","max-image-preview":"max-image-preview:large","max-video-preview":"max-video-preview:-1"},"canonical":"https:\/\/www.cncsheetmachine.com\/es\/producto\/prensas-hidraulicas-de-cuatro-columnas\/","og_locale":"es_ES","og_type":"article","og_title":"Four-column hydraulic presses - JIUYING","og_description":"Four-column hydraulic presses Four-column hydraulic presses are also known as general-purpose hydraulic presses, is a very wide range of press equipment; uses include metal stretching plastic sheet metal bending, powder forming, assembly, molding, stamping, hot press forming, etc., the detailed parameters of the conventional machine can consult the sales manager, the conventional machine can not [&hellip;]","og_url":"https:\/\/www.cncsheetmachine.com\/es\/producto\/prensas-hidraulicas-de-cuatro-columnas\/","og_site_name":"JIUYING","article_publisher":"https:\/\/www.facebook.com\/profile.php?id=100093426904136","article_modified_time":"2023-06-01T02:27:56+00:00","og_image":[{"width":640,"height":640,"url":"https:\/\/www.cncsheetmachine.com\/wp-content\/uploads\/2023\/05\/1-200Q3140045364.jpg","type":"image\/jpeg"}],"twitter_card":"summary_large_image","twitter_misc":{"Tiempo de lectura":"1 minuto"},"schema":{"@context":"https:\/\/schema.org","@graph":[{"@type":"WebPage","@id":"https:\/\/www.cncsheetmachine.com\/product\/four-column-hydraulic-presses\/","url":"https:\/\/www.cncsheetmachine.com\/product\/four-column-hydraulic-presses\/","name":"Prensas hidr\u00e1ulicas de cuatro columnas - JIUYING","isPartOf":{"@id":"https:\/\/www.cncsheetmachine.com\/en\/#website"},"primaryImageOfPage":{"@id":"https:\/\/www.cncsheetmachine.com\/product\/four-column-hydraulic-presses\/#primaryimage"},"image":{"@id":"https:\/\/www.cncsheetmachine.com\/product\/four-column-hydraulic-presses\/#primaryimage"},"thumbnailUrl":"https:\/\/www.cncsheetmachine.com\/wp-content\/uploads\/2023\/05\/1-200Q3140045364.jpg","datePublished":"2023-05-29T06:11:10+00:00","dateModified":"2023-06-01T02:27:56+00:00","breadcrumb":{"@id":"https:\/\/www.cncsheetmachine.com\/product\/four-column-hydraulic-presses\/#breadcrumb"},"inLanguage":"es","potentialAction":[{"@type":"ReadAction","target":["https:\/\/www.cncsheetmachine.com\/product\/four-column-hydraulic-presses\/"]}]},{"@type":"ImageObject","inLanguage":"es","@id":"https:\/\/www.cncsheetmachine.com\/product\/four-column-hydraulic-presses\/#primaryimage","url":"https:\/\/www.cncsheetmachine.com\/wp-content\/uploads\/2023\/05\/1-200Q3140045364.jpg","contentUrl":"https:\/\/www.cncsheetmachine.com\/wp-content\/uploads\/2023\/05\/1-200Q3140045364.jpg","width":640,"height":640,"caption":"Three Beam and Four Column Hydraulic Press"},{"@type":"BreadcrumbList","@id":"https:\/\/www.cncsheetmachine.com\/product\/four-column-hydraulic-presses\/#breadcrumb","itemListElement":[{"@type":"ListItem","position":1,"name":"Home","item":"https:\/\/www.cncsheetmachine.com\/en\/"},{"@type":"ListItem","position":2,"name":"Product","item":"https:\/\/www.cncsheetmachine.com\/en\/product\/"},{"@type":"ListItem","position":3,"name":"Four-column hydraulic presses"}]},{"@type":"WebSite","@id":"https:\/\/www.cncsheetmachine.com\/en\/#website","url":"https:\/\/www.cncsheetmachine.com\/en\/","name":"JIUYING","description":"Sitio web oficial de Jiuying Hydraulic Press","publisher":{"@id":"https:\/\/www.cncsheetmachine.com\/en\/#organization"},"potentialAction":[{"@type":"SearchAction","target":{"@type":"EntryPoint","urlTemplate":"https:\/\/www.cncsheetmachine.com\/en\/?s={search_term_string}"},"query-input":{"@type":"PropertyValueSpecification","valueRequired":true,"valueName":"search_term_string"}}],"inLanguage":"es"},{"@type":"Organization","@id":"https:\/\/www.cncsheetmachine.com\/en\/#organization","name":"JIUYING","url":"https:\/\/www.cncsheetmachine.com\/en\/","logo":{"@type":"ImageObject","inLanguage":"es","@id":"https:\/\/www.cncsheetmachine.com\/en\/#\/schema\/logo\/image\/","url":"","contentUrl":"","caption":"JIUYING"},"image":{"@id":"https:\/\/www.cncsheetmachine.com\/en\/#\/schema\/logo\/image\/"},"sameAs":["https:\/\/www.facebook.com\/profile.php?id=100093426904136"]}]}},"_links":{"self":[{"href":"https:\/\/www.cncsheetmachine.com\/es\/wp-json\/wp\/v2\/product\/1793","targetHints":{"allow":["GET"]}}],"collection":[{"href":"https:\/\/www.cncsheetmachine.com\/es\/wp-json\/wp\/v2\/product"}],"about":[{"href":"https:\/\/www.cncsheetmachine.com\/es\/wp-json\/wp\/v2\/types\/product"}],"replies":[{"embeddable":true,"href":"https:\/\/www.cncsheetmachine.com\/es\/wp-json\/wp\/v2\/comments?post=1793"}],"version-history":[{"count":1,"href":"https:\/\/www.cncsheetmachine.com\/es\/wp-json\/wp\/v2\/product\/1793\/revisions"}],"predecessor-version":[{"id":1891,"href":"https:\/\/www.cncsheetmachine.com\/es\/wp-json\/wp\/v2\/product\/1793\/revisions\/1891"}],"wp:featuredmedia":[{"embeddable":true,"href":"https:\/\/www.cncsheetmachine.com\/es\/wp-json\/wp\/v2\/media\/1673"}],"wp:attachment":[{"href":"https:\/\/www.cncsheetmachine.com\/es\/wp-json\/wp\/v2\/media?parent=1793"}],"wp:term":[{"taxonomy":"product_brand","embeddable":true,"href":"https:\/\/www.cncsheetmachine.com\/es\/wp-json\/wp\/v2\/product_brand?post=1793"},{"taxonomy":"product_cat","embeddable":true,"href":"https:\/\/www.cncsheetmachine.com\/es\/wp-json\/wp\/v2\/product_cat?post=1793"},{"taxonomy":"product_tag","embeddable":true,"href":"https:\/\/www.cncsheetmachine.com\/es\/wp-json\/wp\/v2\/product_tag?post=1793"}],"curies":[{"name":"wp","href":"https:\/\/api.w.org\/{rel}","templated":true}]}}