{"id":1798,"date":"2023-05-29T14:40:36","date_gmt":"2023-05-29T06:40:36","guid":{"rendered":"https:\/\/cncsheetmachine.com\/?post_type=product&#038;p=1798"},"modified":"2023-10-11T10:56:07","modified_gmt":"2023-10-11T02:56:07","slug":"three-beam-and-eight-column-hydraulic-press","status":"publish","type":"product","link":"https:\/\/www.cncsheetmachine.com\/es\/producto\/prensa-hidraulica-de-tres-vigas-y-ocho-columnas\/","title":{"rendered":"Prensa hidr\u00e1ulica de tres vigas y ocho columnas"},"content":{"rendered":"<p>Una prensa hidr\u00e1ulica de tres vigas y ocho columnas generalmente se refiere al dise\u00f1o estructural de un tipo espec\u00edfico de prensa hidr\u00e1ulica. La terminolog\u00eda es una referencia a la cantidad de vigas y columnas que se utilizan en la construcci\u00f3n de la prensa.<\/p>\n<p><strong>Estructura de tres vigas:<\/strong><\/p>\n<ul>\n<li><strong>Viga superior (cruceta):<\/strong> La viga superior suele ser fija y normalmente alberga el cilindro principal que impulsa el movimiento descendente de la prensa.<\/li>\n<li><strong>Haz m\u00f3vil (deslizamiento o ariete):<\/strong> Esta es la viga intermedia, que se mueve hacia arriba y hacia abajo durante la operaci\u00f3n. Por lo general, est\u00e1 conectado al cilindro hidr\u00e1ulico y realiza la acci\u00f3n de prensado.<\/li>\n<li><strong>Viga Inferior (Cama o Base):<\/strong> Esta es la estructura inferior fija donde se coloca la pieza de trabajo y se realizan operaciones como moldeo, conformado, punzonado, etc.<\/li>\n<\/ul>\n<p><strong>Estructura de ocho columnas:<\/strong><\/p>\n<ul>\n<li>Las ocho columnas proporcionan estabilidad y alineaci\u00f3n a la viga m\u00f3vil. Garantizan que la fuerza de presi\u00f3n se distribuya uniformemente y que la corredera se mueva verticalmente sin ninguna desviaci\u00f3n angular. Este dise\u00f1o proporciona una estructura r\u00edgida, lo que permite que la prensa maneje presiones muy altas.<\/li>\n<\/ul>\n<p><strong>Aplicaciones de la prensa hidr\u00e1ulica de tres vigas y ocho columnas:<\/strong><\/p>\n<ol>\n<li>Operaciones de embutici\u00f3n profunda<\/li>\n<li>Moldura<\/li>\n<li>Punzonado y estampado<\/li>\n<li>Forjar<\/li>\n<li>Doblar y enderezar<\/li>\n<li>Compactaci\u00f3n de polvo<\/li>\n<\/ol>\n<p><strong>Ventajas:<\/strong><\/p>\n<ol>\n<li><strong>Alta estabilidad:<\/strong> La estructura es muy r\u00edgida y estable. Puede soportar presiones muy altas sin desviarse.<\/li>\n<li><strong>Operaciones precisas:<\/strong> El dise\u00f1o de ocho columnas garantiza que el haz m\u00f3vil descienda perfectamente verticalmente, lo cual es crucial para muchas aplicaciones de precisi\u00f3n.<\/li>\n<li><strong>Distribuci\u00f3n eficiente de la carga:<\/strong> Las ocho columnas garantizan una distribuci\u00f3n uniforme de las cargas, evitando puntos de tensi\u00f3n localizados.<\/li>\n<li><strong>Versatilidad:<\/strong> Estas prensas se pueden utilizar para una amplia gama de operaciones debido a su dise\u00f1o robusto.<\/li>\n<\/ol>\n<p><strong>Desventajas:<\/strong><\/p>\n<ol>\n<li><strong>Consumo de espacio:<\/strong> Debido a su estructura robusta, pueden ocupar m\u00e1s espacio que otros dise\u00f1os.<\/li>\n<li><strong>Costo:<\/strong> La fabricaci\u00f3n de este tipo de prensas puede resultar m\u00e1s costosa que los dise\u00f1os m\u00e1s simples debido a las columnas y vigas adicionales.<\/li>\n<\/ol>\n<p>Si est\u00e1 pensando en comprar o trabajar con una prensa hidr\u00e1ulica de tres vigas y ocho columnas, consulte siempre con los fabricantes o expertos en el campo para asegurarse de que la prensa cumpla con los requisitos espec\u00edficos de su aplicaci\u00f3n prevista.<\/p>\n<h2>Caracter\u00edsticas del producto<\/h2>\n<p><strong>F\u00e1cil de operar<\/strong><\/p>\n<p>Puede lograr una amplia gama de regulaci\u00f3n de velocidad continua durante la operaci\u00f3nRendimiento estableTama\u00f1o peque\u00f1o, peso ligero, baja inercia de movimiento y buen rendimiento din\u00e1mico del accionamiento hidr\u00e1ulico<\/p>\n<p><strong>Larga vida<\/strong><\/p>\n<p>Dado que generalmente se utiliza aceite como medio de transmisi\u00f3n, los componentes hidr\u00e1ulicos son autolubricantes y tienen una larga vida \u00fatil.<\/p>\n<h2><a href=\"https:\/\/www.cncsheetmachine.com\/\">\u0413\u0438\u0434\u0440\u0430\u0432\u043b\u0438\u0447\u0435\u0441\u043a\u0438\u0439 \u043f\u0440\u0435\u0441\u0441<\/a> Visualizaci\u00f3n detallada<\/h2>\n<p><strong>01<\/strong><br \/>\n<strong>servosistema<\/strong><br \/>\nEl sistema de bomba de aceite servo combina las caracter\u00edsticas de velocidad r\u00e1pida e infinitamente ajustable del servomotor y el ajuste aut\u00f3nomo de las caracter\u00edsticas de presi\u00f3n de aceite de la bomba de aceite hidr\u00e1ulico para brindar un mayor potencial de ahorro de energ\u00eda, con tasas de ahorro de energ\u00eda de hasta 30%-80%<\/p>\n<p><img fetchpriority=\"high\" decoding=\"async\" class=\"aligncenter wp-image-1801 size-medium\" src=\"https:\/\/www.cncsheetmachine.com\/wp-content\/uploads\/2023\/05\/\u5fae\u4fe1\u622a\u56fe_20230529142905-300x181.jpg\" alt=\"\" width=\"300\" height=\"181\" srcset=\"https:\/\/www.cncsheetmachine.com\/wp-content\/uploads\/2023\/05\/\u5fae\u4fe1\u622a\u56fe_20230529142905-300x181.jpg 300w, https:\/\/www.cncsheetmachine.com\/wp-content\/uploads\/2023\/05\/\u5fae\u4fe1\u622a\u56fe_20230529142905.jpg 330w\" sizes=\"(max-width: 300px) 100vw, 300px\" \/><\/p>\n<p><strong>02<\/strong><br \/>\n<strong>Accesorios electricos<\/strong><br \/>\nSelecci\u00f3n el\u00e9ctrica de marcas reconocidas como Delixi, seguras y confiables, l\u00edneas claras del tablero de distribuci\u00f3n, equipadas con rel\u00e9s de tiempo, que pueden lograr un control retrasado, el esquema de distribuci\u00f3n de gas cuando se env\u00eda, para que los clientes est\u00e9n m\u00e1s c\u00f3modos y preocupados. gratis.<\/p>\n<p><img decoding=\"async\" class=\"alignnone size-medium wp-image-1802 aligncenter\" src=\"https:\/\/cncsheetmachine.com\/wp-content\/uploads\/2023\/05\/\u5fae\u4fe1\u622a\u56fe_20230529142956-300x176.jpg\" alt=\"\" width=\"300\" height=\"176\" srcset=\"https:\/\/www.cncsheetmachine.com\/wp-content\/uploads\/2023\/05\/\u5fae\u4fe1\u622a\u56fe_20230529142956-300x176.jpg 300w, https:\/\/www.cncsheetmachine.com\/wp-content\/uploads\/2023\/05\/\u5fae\u4fe1\u622a\u56fe_20230529142956.jpg 335w\" sizes=\"(max-width: 300px) 100vw, 300px\" \/><\/p>\n<p><strong>03<\/strong><br \/>\n<strong>Control de pantalla t\u00e1ctil PLC<\/strong><br \/>\nInterfaz hombre-m\u00e1quina, a trav\u00e9s del sistema inteligente para controlar el ajuste de par\u00e1metros de toda la m\u00e1quina, operaci\u00f3n de la m\u00e1quina, ajuste de par\u00e1metros conveniente<\/p>\n<p><img decoding=\"async\" class=\"alignnone size-medium wp-image-1803 aligncenter\" src=\"https:\/\/cncsheetmachine.com\/wp-content\/uploads\/2023\/05\/\u5fae\u4fe1\u622a\u56fe_20230529143008-300x173.jpg\" alt=\"\" width=\"300\" height=\"173\" srcset=\"https:\/\/www.cncsheetmachine.com\/wp-content\/uploads\/2023\/05\/\u5fae\u4fe1\u622a\u56fe_20230529143008-300x173.jpg 300w, https:\/\/www.cncsheetmachine.com\/wp-content\/uploads\/2023\/05\/\u5fae\u4fe1\u622a\u56fe_20230529143008.jpg 332w\" sizes=\"(max-width: 300px) 100vw, 300px\" \/><\/p>\n<p><strong>04<\/strong><br \/>\n<strong>Sistema de v\u00e1lvula de cartucho<\/strong><br \/>\nAdopta un sistema integrado de v\u00e1lvula de cartucho para reducir los puntos de fuga, una acci\u00f3n confiable y una larga vida \u00fatil. La v\u00e1lvula de cartucho bidireccional controla el flujo y la presi\u00f3n del aceite hidr\u00e1ulico, lo que hace que la presi\u00f3n sea m\u00e1s estable<\/p>\n<p><img loading=\"lazy\" decoding=\"async\" class=\"alignnone size-medium wp-image-1804 aligncenter\" src=\"https:\/\/cncsheetmachine.com\/wp-content\/uploads\/2023\/05\/\u5fae\u4fe1\u622a\u56fe_20230529143018-300x181.jpg\" alt=\"\" width=\"300\" height=\"181\" srcset=\"https:\/\/www.cncsheetmachine.com\/wp-content\/uploads\/2023\/05\/\u5fae\u4fe1\u622a\u56fe_20230529143018-300x181.jpg 300w, https:\/\/www.cncsheetmachine.com\/wp-content\/uploads\/2023\/05\/\u5fae\u4fe1\u622a\u56fe_20230529143018.jpg 338w\" sizes=\"(max-width: 300px) 100vw, 300px\" \/><\/p>","protected":false},"excerpt":{"rendered":"<p>Una prensa hidr\u00e1ulica de tres vigas y ocho columnas presenta un dise\u00f1o espec\u00edfico para operaciones de precisi\u00f3n. Compuesto por una viga superior, m\u00f3vil e inferior, con ocho columnas que garantizan la estabilidad, es ideal para tareas como embutici\u00f3n profunda y moldeado.<\/p>","protected":false},"featured_media":2309,"comment_status":"open","ping_status":"closed","template":"","meta":{"site-sidebar-layout":"default","site-content-layout":"default","ast-site-content-layout":"default","site-content-style":"default","site-sidebar-style":"default","ast-global-header-display":"","ast-banner-title-visibility":"","ast-main-header-display":"","ast-hfb-above-header-display":"","ast-hfb-below-header-display":"","ast-hfb-mobile-header-display":"","site-post-title":"","ast-breadcrumbs-content":"","ast-featured-img":"","footer-sml-layout":"","ast-disable-related-posts":"","theme-transparent-header-meta":"default","adv-header-id-meta":"","stick-header-meta":"","header-above-stick-meta":"","header-main-stick-meta":"","header-below-stick-meta":"","astra-migrate-meta-layouts":"default","ast-page-background-enabled":"default","ast-page-background-meta":{"desktop":{"background-color":"var(--ast-global-color-4)","background-image":"","background-repeat":"repeat","background-position":"center center","background-size":"auto","background-attachment":"scroll","background-type":"","background-media":"","overlay-type":"","overlay-color":"","overlay-opacity":"","overlay-gradient":""},"tablet":{"background-color":"","background-image":"","background-repeat":"repeat","background-position":"center center","background-size":"auto","background-attachment":"scroll","background-type":"","background-media":"","overlay-type":"","overlay-color":"","overlay-opacity":"","overlay-gradient":""},"mobile":{"background-color":"","background-image":"","background-repeat":"repeat","background-position":"center center","background-size":"auto","background-attachment":"scroll","background-type":"","background-media":"","overlay-type":"","overlay-color":"","overlay-opacity":"","overlay-gradient":""}},"ast-content-background-meta":{"desktop":{"background-color":"var(--ast-global-color-5)","background-image":"","background-repeat":"repeat","background-position":"center center","background-size":"auto","background-attachment":"scroll","background-type":"","background-media":"","overlay-type":"","overlay-color":"","overlay-opacity":"","overlay-gradient":""},"tablet":{"background-color":"var(--ast-global-color-5)","background-image":"","background-repeat":"repeat","background-position":"center center","background-size":"auto","background-attachment":"scroll","background-type":"","background-media":"","overlay-type":"","overlay-color":"","overlay-opacity":"","overlay-gradient":""},"mobile":{"background-color":"var(--ast-global-color-5)","background-image":"","background-repeat":"repeat","background-position":"center center","background-size":"auto","background-attachment":"scroll","background-type":"","background-media":"","overlay-type":"","overlay-color":"","overlay-opacity":"","overlay-gradient":""}}},"product_brand":[],"product_cat":[41],"product_tag":[],"class_list":{"0":"post-1798","1":"product","2":"type-product","3":"status-publish","4":"has-post-thumbnail","6":"product_cat-hydraulic-press","7":"desktop-align-left","8":"tablet-align-left","9":"mobile-align-left","10":"ast-product-gallery-layout-horizontal-slider","11":"ast-product-gallery-with-no-image","13":"first","14":"instock","15":"shipping-taxable","16":"product-type-simple"},"yoast_head":"<!-- This site is optimized with the Yoast SEO plugin v27.4 - https:\/\/yoast.com\/product\/yoast-seo-wordpress\/ -->\n<title>Three Beam and Eight Column Hydraulic Press - JIUYING<\/title>\n<meta name=\"description\" content=\"A three-beam, eight-column hydraulic press offers precise operations with its stable design, ideal for deep drawing and molding.\" \/>\n<meta name=\"robots\" content=\"index, follow, max-snippet:-1, max-image-preview:large, max-video-preview:-1\" \/>\n<link rel=\"canonical\" href=\"https:\/\/www.cncsheetmachine.com\/es\/producto\/prensa-hidraulica-de-tres-vigas-y-ocho-columnas\/\" \/>\n<meta property=\"og:locale\" content=\"es_ES\" \/>\n<meta property=\"og:type\" content=\"article\" \/>\n<meta property=\"og:title\" content=\"Three Beam and Eight Column Hydraulic Press - JIUYING\" \/>\n<meta property=\"og:description\" content=\"A three-beam, eight-column hydraulic press offers precise operations with its stable design, ideal for deep drawing and molding.\" \/>\n<meta property=\"og:url\" content=\"https:\/\/www.cncsheetmachine.com\/es\/producto\/prensa-hidraulica-de-tres-vigas-y-ocho-columnas\/\" \/>\n<meta property=\"og:site_name\" content=\"JIUYING\" \/>\n<meta property=\"article:publisher\" content=\"https:\/\/www.facebook.com\/profile.php?id=100093426904136\" \/>\n<meta property=\"article:modified_time\" content=\"2023-10-11T02:56:07+00:00\" \/>\n<meta property=\"og:image\" content=\"https:\/\/www.cncsheetmachine.com\/wp-content\/uploads\/2023\/05\/1-200Q31410013H-1.jpg\" \/>\n\t<meta property=\"og:image:width\" content=\"818\" \/>\n\t<meta property=\"og:image:height\" content=\"818\" \/>\n\t<meta property=\"og:image:type\" content=\"image\/jpeg\" \/>\n<meta name=\"twitter:card\" content=\"summary_large_image\" \/>\n<meta name=\"twitter:label1\" content=\"Tiempo de lectura\" \/>\n\t<meta name=\"twitter:data1\" content=\"4 minutos\" \/>\n<script type=\"application\/ld+json\" class=\"yoast-schema-graph\">{\"@context\":\"https:\\\/\\\/schema.org\",\"@graph\":[{\"@type\":\"WebPage\",\"@id\":\"https:\\\/\\\/www.cncsheetmachine.com\\\/product\\\/three-beam-and-eight-column-hydraulic-press\\\/\",\"url\":\"https:\\\/\\\/www.cncsheetmachine.com\\\/product\\\/three-beam-and-eight-column-hydraulic-press\\\/\",\"name\":\"Three Beam and Eight Column Hydraulic Press - JIUYING\",\"isPartOf\":{\"@id\":\"https:\\\/\\\/www.cncsheetmachine.com\\\/en\\\/#website\"},\"primaryImageOfPage\":{\"@id\":\"https:\\\/\\\/www.cncsheetmachine.com\\\/product\\\/three-beam-and-eight-column-hydraulic-press\\\/#primaryimage\"},\"image\":{\"@id\":\"https:\\\/\\\/www.cncsheetmachine.com\\\/product\\\/three-beam-and-eight-column-hydraulic-press\\\/#primaryimage\"},\"thumbnailUrl\":\"https:\\\/\\\/www.cncsheetmachine.com\\\/wp-content\\\/uploads\\\/2023\\\/05\\\/1-200Q31410013H-1.jpg\",\"datePublished\":\"2023-05-29T06:40:36+00:00\",\"dateModified\":\"2023-10-11T02:56:07+00:00\",\"description\":\"A three-beam, eight-column hydraulic press offers precise operations with its stable design, ideal for deep drawing and molding.\",\"breadcrumb\":{\"@id\":\"https:\\\/\\\/www.cncsheetmachine.com\\\/product\\\/three-beam-and-eight-column-hydraulic-press\\\/#breadcrumb\"},\"inLanguage\":\"es\",\"potentialAction\":[{\"@type\":\"ReadAction\",\"target\":[\"https:\\\/\\\/www.cncsheetmachine.com\\\/product\\\/three-beam-and-eight-column-hydraulic-press\\\/\"]}]},{\"@type\":\"ImageObject\",\"inLanguage\":\"es\",\"@id\":\"https:\\\/\\\/www.cncsheetmachine.com\\\/product\\\/three-beam-and-eight-column-hydraulic-press\\\/#primaryimage\",\"url\":\"https:\\\/\\\/www.cncsheetmachine.com\\\/wp-content\\\/uploads\\\/2023\\\/05\\\/1-200Q31410013H-1.jpg\",\"contentUrl\":\"https:\\\/\\\/www.cncsheetmachine.com\\\/wp-content\\\/uploads\\\/2023\\\/05\\\/1-200Q31410013H-1.jpg\",\"width\":818,\"height\":818},{\"@type\":\"BreadcrumbList\",\"@id\":\"https:\\\/\\\/www.cncsheetmachine.com\\\/product\\\/three-beam-and-eight-column-hydraulic-press\\\/#breadcrumb\",\"itemListElement\":[{\"@type\":\"ListItem\",\"position\":1,\"name\":\"Home\",\"item\":\"https:\\\/\\\/www.cncsheetmachine.com\\\/en\\\/\"},{\"@type\":\"ListItem\",\"position\":2,\"name\":\"Product\",\"item\":\"https:\\\/\\\/www.cncsheetmachine.com\\\/en\\\/product\\\/\"},{\"@type\":\"ListItem\",\"position\":3,\"name\":\"Three Beam and Eight Column Hydraulic Press\"}]},{\"@type\":\"WebSite\",\"@id\":\"https:\\\/\\\/www.cncsheetmachine.com\\\/en\\\/#website\",\"url\":\"https:\\\/\\\/www.cncsheetmachine.com\\\/en\\\/\",\"name\":\"JIUYING\",\"description\":\"Jiuying Hydraulic Press Official Website\",\"publisher\":{\"@id\":\"https:\\\/\\\/www.cncsheetmachine.com\\\/en\\\/#organization\"},\"potentialAction\":[{\"@type\":\"SearchAction\",\"target\":{\"@type\":\"EntryPoint\",\"urlTemplate\":\"https:\\\/\\\/www.cncsheetmachine.com\\\/en\\\/?s={search_term_string}\"},\"query-input\":{\"@type\":\"PropertyValueSpecification\",\"valueRequired\":true,\"valueName\":\"search_term_string\"}}],\"inLanguage\":\"es\"},{\"@type\":\"Organization\",\"@id\":\"https:\\\/\\\/www.cncsheetmachine.com\\\/en\\\/#organization\",\"name\":\"JIUYING\",\"url\":\"https:\\\/\\\/www.cncsheetmachine.com\\\/en\\\/\",\"logo\":{\"@type\":\"ImageObject\",\"inLanguage\":\"es\",\"@id\":\"https:\\\/\\\/www.cncsheetmachine.com\\\/en\\\/#\\\/schema\\\/logo\\\/image\\\/\",\"url\":\"\",\"contentUrl\":\"\",\"caption\":\"JIUYING\"},\"image\":{\"@id\":\"https:\\\/\\\/www.cncsheetmachine.com\\\/en\\\/#\\\/schema\\\/logo\\\/image\\\/\"},\"sameAs\":[\"https:\\\/\\\/www.facebook.com\\\/profile.php?id=100093426904136\"]}]}<\/script>\n<!-- \/ Yoast SEO plugin. -->","yoast_head_json":{"title":"Prensa hidr\u00e1ulica de tres vigas y ocho columnas - JIUYING","description":"Una prensa hidr\u00e1ulica de tres vigas y ocho columnas ofrece operaciones precisas gracias a su dise\u00f1o estable, ideal para embutici\u00f3n profunda y moldeo.","robots":{"index":"index","follow":"follow","max-snippet":"max-snippet:-1","max-image-preview":"max-image-preview:large","max-video-preview":"max-video-preview:-1"},"canonical":"https:\/\/www.cncsheetmachine.com\/es\/producto\/prensa-hidraulica-de-tres-vigas-y-ocho-columnas\/","og_locale":"es_ES","og_type":"article","og_title":"Three Beam and Eight Column Hydraulic Press - JIUYING","og_description":"A three-beam, eight-column hydraulic press offers precise operations with its stable design, ideal for deep drawing and molding.","og_url":"https:\/\/www.cncsheetmachine.com\/es\/producto\/prensa-hidraulica-de-tres-vigas-y-ocho-columnas\/","og_site_name":"JIUYING","article_publisher":"https:\/\/www.facebook.com\/profile.php?id=100093426904136","article_modified_time":"2023-10-11T02:56:07+00:00","og_image":[{"width":818,"height":818,"url":"https:\/\/www.cncsheetmachine.com\/wp-content\/uploads\/2023\/05\/1-200Q31410013H-1.jpg","type":"image\/jpeg"}],"twitter_card":"summary_large_image","twitter_misc":{"Tiempo de lectura":"4 minutos"},"schema":{"@context":"https:\/\/schema.org","@graph":[{"@type":"WebPage","@id":"https:\/\/www.cncsheetmachine.com\/product\/three-beam-and-eight-column-hydraulic-press\/","url":"https:\/\/www.cncsheetmachine.com\/product\/three-beam-and-eight-column-hydraulic-press\/","name":"Prensa hidr\u00e1ulica de tres vigas y ocho columnas - JIUYING","isPartOf":{"@id":"https:\/\/www.cncsheetmachine.com\/en\/#website"},"primaryImageOfPage":{"@id":"https:\/\/www.cncsheetmachine.com\/product\/three-beam-and-eight-column-hydraulic-press\/#primaryimage"},"image":{"@id":"https:\/\/www.cncsheetmachine.com\/product\/three-beam-and-eight-column-hydraulic-press\/#primaryimage"},"thumbnailUrl":"https:\/\/www.cncsheetmachine.com\/wp-content\/uploads\/2023\/05\/1-200Q31410013H-1.jpg","datePublished":"2023-05-29T06:40:36+00:00","dateModified":"2023-10-11T02:56:07+00:00","description":"Una prensa hidr\u00e1ulica de tres vigas y ocho columnas ofrece operaciones precisas gracias a su dise\u00f1o estable, ideal para embutici\u00f3n profunda y moldeo.","breadcrumb":{"@id":"https:\/\/www.cncsheetmachine.com\/product\/three-beam-and-eight-column-hydraulic-press\/#breadcrumb"},"inLanguage":"es","potentialAction":[{"@type":"ReadAction","target":["https:\/\/www.cncsheetmachine.com\/product\/three-beam-and-eight-column-hydraulic-press\/"]}]},{"@type":"ImageObject","inLanguage":"es","@id":"https:\/\/www.cncsheetmachine.com\/product\/three-beam-and-eight-column-hydraulic-press\/#primaryimage","url":"https:\/\/www.cncsheetmachine.com\/wp-content\/uploads\/2023\/05\/1-200Q31410013H-1.jpg","contentUrl":"https:\/\/www.cncsheetmachine.com\/wp-content\/uploads\/2023\/05\/1-200Q31410013H-1.jpg","width":818,"height":818},{"@type":"BreadcrumbList","@id":"https:\/\/www.cncsheetmachine.com\/product\/three-beam-and-eight-column-hydraulic-press\/#breadcrumb","itemListElement":[{"@type":"ListItem","position":1,"name":"Home","item":"https:\/\/www.cncsheetmachine.com\/en\/"},{"@type":"ListItem","position":2,"name":"Product","item":"https:\/\/www.cncsheetmachine.com\/en\/product\/"},{"@type":"ListItem","position":3,"name":"Three Beam and Eight Column Hydraulic Press"}]},{"@type":"WebSite","@id":"https:\/\/www.cncsheetmachine.com\/en\/#website","url":"https:\/\/www.cncsheetmachine.com\/en\/","name":"JIUYING","description":"Sitio web oficial de Jiuying Hydraulic Press","publisher":{"@id":"https:\/\/www.cncsheetmachine.com\/en\/#organization"},"potentialAction":[{"@type":"SearchAction","target":{"@type":"EntryPoint","urlTemplate":"https:\/\/www.cncsheetmachine.com\/en\/?s={search_term_string}"},"query-input":{"@type":"PropertyValueSpecification","valueRequired":true,"valueName":"search_term_string"}}],"inLanguage":"es"},{"@type":"Organization","@id":"https:\/\/www.cncsheetmachine.com\/en\/#organization","name":"JIUYING","url":"https:\/\/www.cncsheetmachine.com\/en\/","logo":{"@type":"ImageObject","inLanguage":"es","@id":"https:\/\/www.cncsheetmachine.com\/en\/#\/schema\/logo\/image\/","url":"","contentUrl":"","caption":"JIUYING"},"image":{"@id":"https:\/\/www.cncsheetmachine.com\/en\/#\/schema\/logo\/image\/"},"sameAs":["https:\/\/www.facebook.com\/profile.php?id=100093426904136"]}]}},"_links":{"self":[{"href":"https:\/\/www.cncsheetmachine.com\/es\/wp-json\/wp\/v2\/product\/1798","targetHints":{"allow":["GET"]}}],"collection":[{"href":"https:\/\/www.cncsheetmachine.com\/es\/wp-json\/wp\/v2\/product"}],"about":[{"href":"https:\/\/www.cncsheetmachine.com\/es\/wp-json\/wp\/v2\/types\/product"}],"replies":[{"embeddable":true,"href":"https:\/\/www.cncsheetmachine.com\/es\/wp-json\/wp\/v2\/comments?post=1798"}],"version-history":[{"count":4,"href":"https:\/\/www.cncsheetmachine.com\/es\/wp-json\/wp\/v2\/product\/1798\/revisions"}],"predecessor-version":[{"id":2305,"href":"https:\/\/www.cncsheetmachine.com\/es\/wp-json\/wp\/v2\/product\/1798\/revisions\/2305"}],"wp:featuredmedia":[{"embeddable":true,"href":"https:\/\/www.cncsheetmachine.com\/es\/wp-json\/wp\/v2\/media\/2309"}],"wp:attachment":[{"href":"https:\/\/www.cncsheetmachine.com\/es\/wp-json\/wp\/v2\/media?parent=1798"}],"wp:term":[{"taxonomy":"product_brand","embeddable":true,"href":"https:\/\/www.cncsheetmachine.com\/es\/wp-json\/wp\/v2\/product_brand?post=1798"},{"taxonomy":"product_cat","embeddable":true,"href":"https:\/\/www.cncsheetmachine.com\/es\/wp-json\/wp\/v2\/product_cat?post=1798"},{"taxonomy":"product_tag","embeddable":true,"href":"https:\/\/www.cncsheetmachine.com\/es\/wp-json\/wp\/v2\/product_tag?post=1798"}],"curies":[{"name":"wp","href":"https:\/\/api.w.org\/{rel}","templated":true}]}}