{"id":1811,"date":"2023-05-29T15:15:21","date_gmt":"2023-05-29T07:15:21","guid":{"rendered":"https:\/\/cncsheetmachine.com\/?post_type=product&#038;p=1811"},"modified":"2023-06-30T10:23:54","modified_gmt":"2023-06-30T02:23:54","slug":"frame-type-hydraulic-press-machine","status":"publish","type":"product","link":"https:\/\/www.cncsheetmachine.com\/es\/producto\/maquina-de-prensa-hidraulica-tipo-bastidor\/","title":{"rendered":"M\u00e1quina de prensa hidr\u00e1ulica tipo marco"},"content":{"rendered":"<p>1. La m\u00e1quina principal est\u00e1 compuesta por el cuerpo de la m\u00e1quina, el cilindro principal, el dispositivo limitador de carrera, el dispositivo de lubricaci\u00f3n, el sistema de energ\u00eda hidr\u00e1ulica y el sistema el\u00e9ctrico, etc. , etc. El deslizador es impulsado por el cilindro de aceite para moverse hacia arriba y hacia abajo a lo largo de las cuatro columnas en l\u00ednea recta.<\/p>\n<p>2. La viga superior, el deslizador y la mesa est\u00e1n hechos de acero fundido integral 45 con buena rigidez y resistencia.<\/p>\n<p>3. La columna est\u00e1 hecha de acero redondo 45 y cromada para garantizar que nunca se oxide, y el manguito deslizante (manguito gu\u00eda) est\u00e1 hecho de hierro fundido resistente al desgaste con material PTFE resistente al desgaste incrustado para evitar que la columna se da\u00f1e. tenso y tiene buena resistencia a la carga de polarizaci\u00f3n, y la lubricaci\u00f3n del vicio de fricci\u00f3n est\u00e1 hecha de un dispositivo de bomba de inyecci\u00f3n de aceite con manivela manual, que tiene las caracter\u00edsticas de lubricaci\u00f3n centralizada y suministro de aceite suave.<\/p>\n<p>4. El cilindro hidr\u00e1ulico tiene una estructura de tipo pist\u00f3n, el sello clave del cilindro se selecciona para resistir el envejecimiento y el sellado, pero tiene un buen anillo de sellado, el cuerpo del cilindro se selecciona como tubo de molienda por difracci\u00f3n 45 #, el orificio interno es bueno, el cuerpo del cilindro grande es Piezas de acero forjado 45 #, el \u00e9mbolo es de acero redondo 45 # y el tratamiento de cromado de la superficie, es decir, a prueba de herrumbre y resistente al desgaste.<\/p>\n<p>5. La tuber\u00eda hidr\u00e1ulica adopta una tuber\u00eda de acero sin costura estirada en fr\u00edo e ingresa a la instalaci\u00f3n despu\u00e9s del proceso de soldadura, esmerilado, decapado, neutralizaci\u00f3n, fosfatado, limpieza de Shen, soplado en seco, lubricaci\u00f3n, etc. La disposici\u00f3n de la tuber\u00eda es clara y ordenada, el el radio de curvatura de la tuber\u00eda de alta presi\u00f3n est\u00e1 estandarizado, la tuber\u00eda de alta y baja presi\u00f3n tiene una clara distinci\u00f3n de color, lo cual es conveniente para el mantenimiento, y los pasajes de m\u00e1s de 25 pasajes est\u00e1n conectados por brida para reducir la ocurrencia de fugas de aceite en toda la m\u00e1quina.<\/p>\n<h2><img fetchpriority=\"high\" decoding=\"async\" class=\"wp-image-1813 aligncenter\" src=\"http:\/\/cncsheetmachine.com\/wp-content\/uploads\/2023\/05\/14-1.jpg\" alt=\"\" width=\"750\" height=\"500\" srcset=\"https:\/\/www.cncsheetmachine.com\/wp-content\/uploads\/2023\/05\/14-1.jpg 1000w, https:\/\/www.cncsheetmachine.com\/wp-content\/uploads\/2023\/05\/14-1-300x200.jpg 300w, https:\/\/www.cncsheetmachine.com\/wp-content\/uploads\/2023\/05\/14-1-768x512.jpg 768w, https:\/\/www.cncsheetmachine.com\/wp-content\/uploads\/2023\/05\/14-1-600x400.jpg 600w\" sizes=\"(max-width: 750px) 100vw, 750px\" \/><\/h2>\n<h2>Modo de trabajo de la prensa hidr\u00e1ulica de estampado de puertas:<\/h2>\n<p>1. Se\u00f1alando: presione el bot\u00f3n correspondiente para producir la acci\u00f3n correspondiente, suelte para detener la acci\u00f3n<br \/>\n2. Manual: presione el bot\u00f3n correspondiente para producir la acci\u00f3n correspondiente hasta la posici\u00f3n l\u00edmite<\/p>\n<p>3. Semiautom\u00e1tico:<\/p>\n<p>(1) Control de presi\u00f3n constante: haz deslizante r\u00e1pido hacia abajo \u2192 ralentizaci\u00f3n \u2192 presurizar hasta el l\u00edmite superior de DJ del man\u00f3metro de contacto el\u00e9ctrico despu\u00e9s de mantener el retraso de la presi\u00f3n \u2192 presi\u00f3n de descarga \u2192 retorno (finalmente detener)<br \/>\n(2) Control de rango constante: el haz deslizante se reduce r\u00e1pidamente \u2192 disminuye la velocidad \u2192 presuriza cuando el haz deslizante toca el interruptor de proximidad XK cuando la se\u00f1al comienza a mantener el retraso de la presi\u00f3n \u2192 la presi\u00f3n de descarga \u2192 regresa (finalmente se detiene)<\/p>\n<h2>Caracter\u00edsticas de la prensa hidr\u00e1ulica de estampado de puertas:<\/h2>\n<p>Estructura de tres vigas y ocho columnas, econ\u00f3mica y pr\u00e1ctica, el control hidr\u00e1ulico adopta un sistema integrado de v\u00e1lvula de cartucho, reduce el punto de fuga, acci\u00f3n confiable, larga vida \u00fatil, puede realizar dos tipos de proceso de formaci\u00f3n de presi\u00f3n constante y rango constante, con funci\u00f3n de retardo de mantenimiento de presi\u00f3n , la carrera de presi\u00f3n de trabajo se puede ajustar dentro del rango especificado, adopta el control centralizado del bot\u00f3n, puede realizar tres tipos de modo de operaci\u00f3n: manual, semiautom\u00e1tico y autom\u00e1tico.<br \/>\n1, se puede pedir una variedad de modelos de prensa hidr\u00e1ulica debajo del cilindro superior<br \/>\n2,\u00a0dispositivo de amortiguaci\u00f3n de perforaci\u00f3n<br \/>\n3, derivaci\u00f3n de control de pantalla t\u00e1ctil PLC<br \/>\n4, dispositivo de llenado de l\u00edquido de carrera r\u00e1pida<br \/>\n5,\u00a020T\u201415000T se puede personalizar especialmente de acuerdo con los requisitos del cliente<\/p>\n<h2>Funciones de la prensa hidr\u00e1ulica de estampado de puertas:<\/h2>\n<p>Los productos de la serie son aplicables al proceso de prensado de varios materiales de tipo pl\u00e1stico, como estampado, doblado, volcado, etc. y productos en polvo, la presi\u00f3n de trabajo, la velocidad de prensado y el rango de carrera de los productos de la serie se pueden ajustar dentro del rango especificado de acuerdo con los requisitos del proceso, que se pueden realizar. La mesa est\u00e1 equipada con un dispositivo eyector, que se puede utilizar como almohadilla hidr\u00e1ulica. para el proceso de conformado de piezas estiradas, excepto productos eyectados.<\/p>\n<p><img decoding=\"async\" class=\"wp-image-1812 size-full aligncenter\" src=\"http:\/\/cncsheetmachine.com\/wp-content\/uploads\/2023\/05\/11.jpg\" alt=\"\" width=\"750\" height=\"1150\" srcset=\"https:\/\/www.cncsheetmachine.com\/wp-content\/uploads\/2023\/05\/11.jpg 750w, https:\/\/www.cncsheetmachine.com\/wp-content\/uploads\/2023\/05\/11-196x300.jpg 196w, https:\/\/www.cncsheetmachine.com\/wp-content\/uploads\/2023\/05\/11-668x1024.jpg 668w, https:\/\/www.cncsheetmachine.com\/wp-content\/uploads\/2023\/05\/11-600x920.jpg 600w\" sizes=\"(max-width: 750px) 100vw, 750px\" \/><\/p>","protected":false},"excerpt":{"rendered":"<p>La m\u00e1quina principal est\u00e1 compuesta por el cuerpo de la m\u00e1quina, cilindro principal, dispositivo limitador de carrera, dispositivo de lubricaci\u00f3n, sistema de energ\u00eda hidr\u00e1ulica y sistema el\u00e9ctrico, etc. El deslizador es impulsado por el cilindro de aceite para moverse hacia arriba y hacia abajo a lo largo de las cuatro columnas en l\u00ednea recta.<\/p>","protected":false},"featured_media":1674,"comment_status":"open","ping_status":"closed","template":"","meta":{"site-sidebar-layout":"default","site-content-layout":"default","ast-site-content-layout":"default","site-content-style":"default","site-sidebar-style":"default","ast-global-header-display":"","ast-banner-title-visibility":"","ast-main-header-display":"","ast-hfb-above-header-display":"","ast-hfb-below-header-display":"","ast-hfb-mobile-header-display":"","site-post-title":"","ast-breadcrumbs-content":"","ast-featured-img":"","footer-sml-layout":"","ast-disable-related-posts":"","theme-transparent-header-meta":"default","adv-header-id-meta":"","stick-header-meta":"","header-above-stick-meta":"","header-main-stick-meta":"","header-below-stick-meta":"","astra-migrate-meta-layouts":"default","ast-page-background-enabled":"default","ast-page-background-meta":{"desktop":{"background-color":"var(--ast-global-color-4)","background-image":"","background-repeat":"repeat","background-position":"center center","background-size":"auto","background-attachment":"scroll","background-type":"","background-media":"","overlay-type":"","overlay-color":"","overlay-opacity":"","overlay-gradient":""},"tablet":{"background-color":"","background-image":"","background-repeat":"repeat","background-position":"center center","background-size":"auto","background-attachment":"scroll","background-type":"","background-media":"","overlay-type":"","overlay-color":"","overlay-opacity":"","overlay-gradient":""},"mobile":{"background-color":"","background-image":"","background-repeat":"repeat","background-position":"center center","background-size":"auto","background-attachment":"scroll","background-type":"","background-media":"","overlay-type":"","overlay-color":"","overlay-opacity":"","overlay-gradient":""}},"ast-content-background-meta":{"desktop":{"background-color":"var(--ast-global-color-5)","background-image":"","background-repeat":"repeat","background-position":"center center","background-size":"auto","background-attachment":"scroll","background-type":"","background-media":"","overlay-type":"","overlay-color":"","overlay-opacity":"","overlay-gradient":""},"tablet":{"background-color":"var(--ast-global-color-5)","background-image":"","background-repeat":"repeat","background-position":"center center","background-size":"auto","background-attachment":"scroll","background-type":"","background-media":"","overlay-type":"","overlay-color":"","overlay-opacity":"","overlay-gradient":""},"mobile":{"background-color":"var(--ast-global-color-5)","background-image":"","background-repeat":"repeat","background-position":"center center","background-size":"auto","background-attachment":"scroll","background-type":"","background-media":"","overlay-type":"","overlay-color":"","overlay-opacity":"","overlay-gradient":""}}},"product_brand":[],"product_cat":[41],"product_tag":[42],"class_list":{"0":"post-1811","1":"product","2":"type-product","3":"status-publish","4":"has-post-thumbnail","6":"product_cat-hydraulic-press","7":"product_tag-hydraulic-press","8":"desktop-align-left","9":"tablet-align-left","10":"mobile-align-left","11":"ast-product-gallery-layout-horizontal-slider","13":"first","14":"instock","15":"shipping-taxable","16":"product-type-simple"},"yoast_head":"<!-- This site is optimized with the Yoast SEO plugin v27.4 - https:\/\/yoast.com\/product\/yoast-seo-wordpress\/ -->\n<title>Frame type hydraulic press machine - JIUYING<\/title>\n<meta name=\"robots\" content=\"index, follow, max-snippet:-1, max-image-preview:large, max-video-preview:-1\" \/>\n<link rel=\"canonical\" href=\"https:\/\/www.cncsheetmachine.com\/es\/producto\/maquina-de-prensa-hidraulica-tipo-bastidor\/\" \/>\n<meta property=\"og:locale\" content=\"es_ES\" \/>\n<meta property=\"og:type\" content=\"article\" \/>\n<meta property=\"og:title\" content=\"Frame type hydraulic press machine - JIUYING\" \/>\n<meta property=\"og:description\" content=\"The main machine is composed of machine body, main cylinder, stroke limiting device, lubrication device, hydraulic power system and electrical system, etc. The machine body is composed of upper beam, slider, table, column, locking mother, guide bush, etc. The slider is driven by the oil cylinder to move up and down along the four columns in a straight line.\" \/>\n<meta property=\"og:url\" content=\"https:\/\/www.cncsheetmachine.com\/es\/producto\/maquina-de-prensa-hidraulica-tipo-bastidor\/\" \/>\n<meta property=\"og:site_name\" content=\"JIUYING\" \/>\n<meta property=\"article:publisher\" content=\"https:\/\/www.facebook.com\/profile.php?id=100093426904136\" \/>\n<meta property=\"article:modified_time\" content=\"2023-06-30T02:23:54+00:00\" \/>\n<meta property=\"og:image\" content=\"https:\/\/www.cncsheetmachine.com\/wp-content\/uploads\/2023\/05\/1-200QG50J5341.jpg\" \/>\n\t<meta property=\"og:image:width\" content=\"640\" \/>\n\t<meta property=\"og:image:height\" content=\"640\" \/>\n\t<meta property=\"og:image:type\" content=\"image\/jpeg\" \/>\n<meta name=\"twitter:card\" content=\"summary_large_image\" \/>\n<meta name=\"twitter:label1\" content=\"Tiempo de lectura\" \/>\n\t<meta name=\"twitter:data1\" content=\"3 minutos\" \/>\n<script type=\"application\/ld+json\" class=\"yoast-schema-graph\">{\"@context\":\"https:\\\/\\\/schema.org\",\"@graph\":[{\"@type\":\"WebPage\",\"@id\":\"https:\\\/\\\/www.cncsheetmachine.com\\\/product\\\/frame-type-hydraulic-press-machine\\\/\",\"url\":\"https:\\\/\\\/www.cncsheetmachine.com\\\/product\\\/frame-type-hydraulic-press-machine\\\/\",\"name\":\"Frame type hydraulic press machine - JIUYING\",\"isPartOf\":{\"@id\":\"https:\\\/\\\/www.cncsheetmachine.com\\\/en\\\/#website\"},\"primaryImageOfPage\":{\"@id\":\"https:\\\/\\\/www.cncsheetmachine.com\\\/product\\\/frame-type-hydraulic-press-machine\\\/#primaryimage\"},\"image\":{\"@id\":\"https:\\\/\\\/www.cncsheetmachine.com\\\/product\\\/frame-type-hydraulic-press-machine\\\/#primaryimage\"},\"thumbnailUrl\":\"https:\\\/\\\/www.cncsheetmachine.com\\\/wp-content\\\/uploads\\\/2023\\\/05\\\/1-200QG50J5341.jpg\",\"datePublished\":\"2023-05-29T07:15:21+00:00\",\"dateModified\":\"2023-06-30T02:23:54+00:00\",\"breadcrumb\":{\"@id\":\"https:\\\/\\\/www.cncsheetmachine.com\\\/product\\\/frame-type-hydraulic-press-machine\\\/#breadcrumb\"},\"inLanguage\":\"es\",\"potentialAction\":[{\"@type\":\"ReadAction\",\"target\":[\"https:\\\/\\\/www.cncsheetmachine.com\\\/product\\\/frame-type-hydraulic-press-machine\\\/\"]}]},{\"@type\":\"ImageObject\",\"inLanguage\":\"es\",\"@id\":\"https:\\\/\\\/www.cncsheetmachine.com\\\/product\\\/frame-type-hydraulic-press-machine\\\/#primaryimage\",\"url\":\"https:\\\/\\\/www.cncsheetmachine.com\\\/wp-content\\\/uploads\\\/2023\\\/05\\\/1-200QG50J5341.jpg\",\"contentUrl\":\"https:\\\/\\\/www.cncsheetmachine.com\\\/wp-content\\\/uploads\\\/2023\\\/05\\\/1-200QG50J5341.jpg\",\"width\":640,\"height\":640},{\"@type\":\"BreadcrumbList\",\"@id\":\"https:\\\/\\\/www.cncsheetmachine.com\\\/product\\\/frame-type-hydraulic-press-machine\\\/#breadcrumb\",\"itemListElement\":[{\"@type\":\"ListItem\",\"position\":1,\"name\":\"Home\",\"item\":\"https:\\\/\\\/www.cncsheetmachine.com\\\/en\\\/\"},{\"@type\":\"ListItem\",\"position\":2,\"name\":\"Product\",\"item\":\"https:\\\/\\\/www.cncsheetmachine.com\\\/en\\\/product\\\/\"},{\"@type\":\"ListItem\",\"position\":3,\"name\":\"Frame type hydraulic press machine\"}]},{\"@type\":\"WebSite\",\"@id\":\"https:\\\/\\\/www.cncsheetmachine.com\\\/en\\\/#website\",\"url\":\"https:\\\/\\\/www.cncsheetmachine.com\\\/en\\\/\",\"name\":\"JIUYING\",\"description\":\"Jiuying Hydraulic Press Official Website\",\"publisher\":{\"@id\":\"https:\\\/\\\/www.cncsheetmachine.com\\\/en\\\/#organization\"},\"potentialAction\":[{\"@type\":\"SearchAction\",\"target\":{\"@type\":\"EntryPoint\",\"urlTemplate\":\"https:\\\/\\\/www.cncsheetmachine.com\\\/en\\\/?s={search_term_string}\"},\"query-input\":{\"@type\":\"PropertyValueSpecification\",\"valueRequired\":true,\"valueName\":\"search_term_string\"}}],\"inLanguage\":\"es\"},{\"@type\":\"Organization\",\"@id\":\"https:\\\/\\\/www.cncsheetmachine.com\\\/en\\\/#organization\",\"name\":\"JIUYING\",\"url\":\"https:\\\/\\\/www.cncsheetmachine.com\\\/en\\\/\",\"logo\":{\"@type\":\"ImageObject\",\"inLanguage\":\"es\",\"@id\":\"https:\\\/\\\/www.cncsheetmachine.com\\\/en\\\/#\\\/schema\\\/logo\\\/image\\\/\",\"url\":\"\",\"contentUrl\":\"\",\"caption\":\"JIUYING\"},\"image\":{\"@id\":\"https:\\\/\\\/www.cncsheetmachine.com\\\/en\\\/#\\\/schema\\\/logo\\\/image\\\/\"},\"sameAs\":[\"https:\\\/\\\/www.facebook.com\\\/profile.php?id=100093426904136\"]}]}<\/script>\n<!-- \/ Yoast SEO plugin. -->","yoast_head_json":{"title":"Prensas hidr\u00e1ulicas de bastidor - JIUYING","robots":{"index":"index","follow":"follow","max-snippet":"max-snippet:-1","max-image-preview":"max-image-preview:large","max-video-preview":"max-video-preview:-1"},"canonical":"https:\/\/www.cncsheetmachine.com\/es\/producto\/maquina-de-prensa-hidraulica-tipo-bastidor\/","og_locale":"es_ES","og_type":"article","og_title":"Frame type hydraulic press machine - JIUYING","og_description":"The main machine is composed of machine body, main cylinder, stroke limiting device, lubrication device, hydraulic power system and electrical system, etc. The machine body is composed of upper beam, slider, table, column, locking mother, guide bush, etc. The slider is driven by the oil cylinder to move up and down along the four columns in a straight line.","og_url":"https:\/\/www.cncsheetmachine.com\/es\/producto\/maquina-de-prensa-hidraulica-tipo-bastidor\/","og_site_name":"JIUYING","article_publisher":"https:\/\/www.facebook.com\/profile.php?id=100093426904136","article_modified_time":"2023-06-30T02:23:54+00:00","og_image":[{"width":640,"height":640,"url":"https:\/\/www.cncsheetmachine.com\/wp-content\/uploads\/2023\/05\/1-200QG50J5341.jpg","type":"image\/jpeg"}],"twitter_card":"summary_large_image","twitter_misc":{"Tiempo de lectura":"3 minutos"},"schema":{"@context":"https:\/\/schema.org","@graph":[{"@type":"WebPage","@id":"https:\/\/www.cncsheetmachine.com\/product\/frame-type-hydraulic-press-machine\/","url":"https:\/\/www.cncsheetmachine.com\/product\/frame-type-hydraulic-press-machine\/","name":"Prensas hidr\u00e1ulicas de bastidor - JIUYING","isPartOf":{"@id":"https:\/\/www.cncsheetmachine.com\/en\/#website"},"primaryImageOfPage":{"@id":"https:\/\/www.cncsheetmachine.com\/product\/frame-type-hydraulic-press-machine\/#primaryimage"},"image":{"@id":"https:\/\/www.cncsheetmachine.com\/product\/frame-type-hydraulic-press-machine\/#primaryimage"},"thumbnailUrl":"https:\/\/www.cncsheetmachine.com\/wp-content\/uploads\/2023\/05\/1-200QG50J5341.jpg","datePublished":"2023-05-29T07:15:21+00:00","dateModified":"2023-06-30T02:23:54+00:00","breadcrumb":{"@id":"https:\/\/www.cncsheetmachine.com\/product\/frame-type-hydraulic-press-machine\/#breadcrumb"},"inLanguage":"es","potentialAction":[{"@type":"ReadAction","target":["https:\/\/www.cncsheetmachine.com\/product\/frame-type-hydraulic-press-machine\/"]}]},{"@type":"ImageObject","inLanguage":"es","@id":"https:\/\/www.cncsheetmachine.com\/product\/frame-type-hydraulic-press-machine\/#primaryimage","url":"https:\/\/www.cncsheetmachine.com\/wp-content\/uploads\/2023\/05\/1-200QG50J5341.jpg","contentUrl":"https:\/\/www.cncsheetmachine.com\/wp-content\/uploads\/2023\/05\/1-200QG50J5341.jpg","width":640,"height":640},{"@type":"BreadcrumbList","@id":"https:\/\/www.cncsheetmachine.com\/product\/frame-type-hydraulic-press-machine\/#breadcrumb","itemListElement":[{"@type":"ListItem","position":1,"name":"Home","item":"https:\/\/www.cncsheetmachine.com\/en\/"},{"@type":"ListItem","position":2,"name":"Product","item":"https:\/\/www.cncsheetmachine.com\/en\/product\/"},{"@type":"ListItem","position":3,"name":"Frame type hydraulic press machine"}]},{"@type":"WebSite","@id":"https:\/\/www.cncsheetmachine.com\/en\/#website","url":"https:\/\/www.cncsheetmachine.com\/en\/","name":"JIUYING","description":"Sitio web oficial de Jiuying Hydraulic Press","publisher":{"@id":"https:\/\/www.cncsheetmachine.com\/en\/#organization"},"potentialAction":[{"@type":"SearchAction","target":{"@type":"EntryPoint","urlTemplate":"https:\/\/www.cncsheetmachine.com\/en\/?s={search_term_string}"},"query-input":{"@type":"PropertyValueSpecification","valueRequired":true,"valueName":"search_term_string"}}],"inLanguage":"es"},{"@type":"Organization","@id":"https:\/\/www.cncsheetmachine.com\/en\/#organization","name":"JIUYING","url":"https:\/\/www.cncsheetmachine.com\/en\/","logo":{"@type":"ImageObject","inLanguage":"es","@id":"https:\/\/www.cncsheetmachine.com\/en\/#\/schema\/logo\/image\/","url":"","contentUrl":"","caption":"JIUYING"},"image":{"@id":"https:\/\/www.cncsheetmachine.com\/en\/#\/schema\/logo\/image\/"},"sameAs":["https:\/\/www.facebook.com\/profile.php?id=100093426904136"]}]}},"_links":{"self":[{"href":"https:\/\/www.cncsheetmachine.com\/es\/wp-json\/wp\/v2\/product\/1811","targetHints":{"allow":["GET"]}}],"collection":[{"href":"https:\/\/www.cncsheetmachine.com\/es\/wp-json\/wp\/v2\/product"}],"about":[{"href":"https:\/\/www.cncsheetmachine.com\/es\/wp-json\/wp\/v2\/types\/product"}],"replies":[{"embeddable":true,"href":"https:\/\/www.cncsheetmachine.com\/es\/wp-json\/wp\/v2\/comments?post=1811"}],"version-history":[{"count":1,"href":"https:\/\/www.cncsheetmachine.com\/es\/wp-json\/wp\/v2\/product\/1811\/revisions"}],"predecessor-version":[{"id":2307,"href":"https:\/\/www.cncsheetmachine.com\/es\/wp-json\/wp\/v2\/product\/1811\/revisions\/2307"}],"wp:featuredmedia":[{"embeddable":true,"href":"https:\/\/www.cncsheetmachine.com\/es\/wp-json\/wp\/v2\/media\/1674"}],"wp:attachment":[{"href":"https:\/\/www.cncsheetmachine.com\/es\/wp-json\/wp\/v2\/media?parent=1811"}],"wp:term":[{"taxonomy":"product_brand","embeddable":true,"href":"https:\/\/www.cncsheetmachine.com\/es\/wp-json\/wp\/v2\/product_brand?post=1811"},{"taxonomy":"product_cat","embeddable":true,"href":"https:\/\/www.cncsheetmachine.com\/es\/wp-json\/wp\/v2\/product_cat?post=1811"},{"taxonomy":"product_tag","embeddable":true,"href":"https:\/\/www.cncsheetmachine.com\/es\/wp-json\/wp\/v2\/product_tag?post=1811"}],"curies":[{"name":"wp","href":"https:\/\/api.w.org\/{rel}","templated":true}]}}