{"id":1814,"date":"2023-05-29T15:46:17","date_gmt":"2023-05-29T07:46:17","guid":{"rendered":"https:\/\/cncsheetmachine.com\/?post_type=product&#038;p=1814"},"modified":"2023-06-30T10:36:20","modified_gmt":"2023-06-30T02:36:20","slug":"hydraulic-door-embossing-press-machine","status":"publish","type":"product","link":"https:\/\/www.cncsheetmachine.com\/es\/producto\/maquina-hidraulica-de-estampacion-de-puertas\/","title":{"rendered":"Prensa hidr\u00e1ulica para panel de puerta"},"content":{"rendered":"<h2>Prensa hidr\u00e1ulica para panel de puerta<\/h2>\n<p><strong>servosistema<\/strong><br \/>\nEl sistema de bomba de aceite servo combina las caracter\u00edsticas de regulaci\u00f3n de velocidad r\u00e1pida y continua del servomotor y las caracter\u00edsticas de presi\u00f3n de aceite autorregulable de la bomba de aceite hidr\u00e1ulico, lo que brinda un mayor potencial de ahorro de energ\u00eda, con una alta tasa de ahorro de energ\u00eda de hasta 30% -80 %<br \/>\n<strong>Accesorios electricos<\/strong><br \/>\nEl sistema el\u00e9ctrico adopta marcas reconocidas como Delixi, que es segura y confiable. El circuito del tablero de distribuci\u00f3n es claro y est\u00e1 equipado con un rel\u00e9 de tiempo, que puede lograr un control de retardo. Cuando se env\u00eda, est\u00e1 equipado con un diagrama esquem\u00e1tico el\u00e9ctrico, lo que hace que los clientes se sientan m\u00e1s c\u00f3modos y sin preocupaciones.<br \/>\n<strong>Control de pantalla t\u00e1ctil PLC<\/strong><br \/>\nLa interfaz hombre-m\u00e1quina, controlada por un sistema inteligente para el ajuste de par\u00e1metros de toda la m\u00e1quina, facilita el funcionamiento de los componentes de la m\u00e1quina y facilita el ajuste de par\u00e1metros<br \/>\n<strong>Sistema de v\u00e1lvula de cartucho<\/strong><br \/>\nAdoptando un sistema integrado con v\u00e1lvulas enchufables, reduciendo los puntos de fuga, operaci\u00f3n confiable y larga vida \u00fatil. La v\u00e1lvula enchufable de dos v\u00edas controla el flujo y la presi\u00f3n del aceite hidr\u00e1ulico, lo que hace que la presi\u00f3n sea m\u00e1s estable<br \/>\n<strong>Marco<\/strong><br \/>\nEl estante y el banco de trabajo m\u00f3vil tienen una alta precisi\u00f3n de gu\u00eda, buena rigidez, fuerte fuerza lateral y est\u00e1n hechos de aleaci\u00f3n de acero de alta resistencia con un cromado duro en la superficie, que tiene una buena resistencia al desgaste.<br \/>\n<strong>Cilindro de aceite<\/strong><br \/>\nEl cilindro de aceite est\u00e1 forjado en su totalidad y finamente rectificado, lo que garantiza una alta fiabilidad incluso en condiciones de alta presi\u00f3n.<br \/>\n<strong>Caja electrica<\/strong><br \/>\nEl cuadro el\u00e9ctrico est\u00e1 fabricado en chapa de acero, con una larga vida \u00fatil. El panel de operaci\u00f3n est\u00e1 equipado con varios botones e interruptores de operaci\u00f3n, y la operaci\u00f3n manual es simple<br \/>\n<strong>Dise\u00f1o<\/strong><br \/>\nEl dise\u00f1o del circuito de aceite integrado reduce la fricci\u00f3n del sistema, la excelente tasa de fallas de la v\u00e1lvula solenoide es baja, la calidad del motor y la bomba de aceite es buena, de bajo ruido, alto rendimiento y larga vida \u00fatil<\/p>\n<h2><img fetchpriority=\"high\" decoding=\"async\" class=\"alignnone wp-image-1816 size-full aligncenter\" src=\"http:\/\/cncsheetmachine.com\/wp-content\/uploads\/2023\/05\/1-200I10Z925245.jpg\" alt=\"\" width=\"600\" height=\"338\" srcset=\"https:\/\/www.cncsheetmachine.com\/wp-content\/uploads\/2023\/05\/1-200I10Z925245.jpg 600w, https:\/\/www.cncsheetmachine.com\/wp-content\/uploads\/2023\/05\/1-200I10Z925245-300x169.jpg 300w\" sizes=\"(max-width: 600px) 100vw, 600px\" \/><br \/>\nAccesorios Opcionales<\/h2>\n<p>Banco de trabajo m\u00f3vil, pantalla de visualizaci\u00f3n industrial de modo t\u00e1ctil, dispositivo de punzonado y corte lento, dispositivo de calentamiento\/enfriamiento del sistema hidr\u00e1ulico, dispositivo de protecci\u00f3n fotoel\u00e9ctrica, dispositivo de alimentaci\u00f3n de material, riel de gu\u00eda flotante y soporte rodante para cambio de molde, carro de cambio de molde, perno de seguridad deslizante, ajuste r\u00e1pido del molde mecanismo, dispositivo de control de temperatura y calentamiento del molde, carrera, presi\u00f3n, pantalla digital de velocidad, dispositivo CNC, controlador programable PLC, anillo de presi\u00f3n de borde y sistema de conducci\u00f3n, dispositivo de detecci\u00f3n de desplazamiento.<\/p>\n<h2>ambiente de trabajo del equipo<\/h2>\n<p>1. Fuente de alimentaci\u00f3n: trif\u00e1sico 380V (positivo y negativo 5%), 50HZ.<br \/>\n2. Temperatura ambiente de trabajo: -10 40 grados Celsius.<\/p>","protected":false},"excerpt":{"rendered":"<p>Banco de trabajo m\u00f3vil, pantalla de visualizaci\u00f3n industrial de modo t\u00e1ctil, dispositivo de punzonado y corte lento, dispositivo de calentamiento\/enfriamiento del sistema hidr\u00e1ulico, dispositivo de protecci\u00f3n fotoel\u00e9ctrica, dispositivo de alimentaci\u00f3n de material, riel de gu\u00eda flotante y soporte rodante para cambio de molde, carro de cambio de molde, perno de seguridad deslizante, ajuste r\u00e1pido del molde mecanismo, dispositivo de control de temperatura y calentamiento del molde, carrera, presi\u00f3n, pantalla digital de velocidad, dispositivo CNC, controlador programable PLC, anillo de presi\u00f3n de borde y sistema de conducci\u00f3n, dispositivo de detecci\u00f3n de desplazamiento.<\/p>","protected":false},"featured_media":1676,"comment_status":"open","ping_status":"closed","template":"","meta":{"site-sidebar-layout":"default","site-content-layout":"default","ast-site-content-layout":"default","site-content-style":"default","site-sidebar-style":"default","ast-global-header-display":"","ast-banner-title-visibility":"","ast-main-header-display":"","ast-hfb-above-header-display":"","ast-hfb-below-header-display":"","ast-hfb-mobile-header-display":"","site-post-title":"","ast-breadcrumbs-content":"","ast-featured-img":"","footer-sml-layout":"","ast-disable-related-posts":"","theme-transparent-header-meta":"default","adv-header-id-meta":"","stick-header-meta":"","header-above-stick-meta":"","header-main-stick-meta":"","header-below-stick-meta":"","astra-migrate-meta-layouts":"default","ast-page-background-enabled":"default","ast-page-background-meta":{"desktop":{"background-color":"var(--ast-global-color-4)","background-image":"","background-repeat":"repeat","background-position":"center center","background-size":"auto","background-attachment":"scroll","background-type":"","background-media":"","overlay-type":"","overlay-color":"","overlay-opacity":"","overlay-gradient":""},"tablet":{"background-color":"","background-image":"","background-repeat":"repeat","background-position":"center center","background-size":"auto","background-attachment":"scroll","background-type":"","background-media":"","overlay-type":"","overlay-color":"","overlay-opacity":"","overlay-gradient":""},"mobile":{"background-color":"","background-image":"","background-repeat":"repeat","background-position":"center center","background-size":"auto","background-attachment":"scroll","background-type":"","background-media":"","overlay-type":"","overlay-color":"","overlay-opacity":"","overlay-gradient":""}},"ast-content-background-meta":{"desktop":{"background-color":"var(--ast-global-color-5)","background-image":"","background-repeat":"repeat","background-position":"center center","background-size":"auto","background-attachment":"scroll","background-type":"","background-media":"","overlay-type":"","overlay-color":"","overlay-opacity":"","overlay-gradient":""},"tablet":{"background-color":"var(--ast-global-color-5)","background-image":"","background-repeat":"repeat","background-position":"center center","background-size":"auto","background-attachment":"scroll","background-type":"","background-media":"","overlay-type":"","overlay-color":"","overlay-opacity":"","overlay-gradient":""},"mobile":{"background-color":"var(--ast-global-color-5)","background-image":"","background-repeat":"repeat","background-position":"center center","background-size":"auto","background-attachment":"scroll","background-type":"","background-media":"","overlay-type":"","overlay-color":"","overlay-opacity":"","overlay-gradient":""}}},"product_brand":[],"product_cat":[41],"product_tag":[42],"class_list":{"0":"post-1814","1":"product","2":"type-product","3":"status-publish","4":"has-post-thumbnail","6":"product_cat-hydraulic-press","7":"product_tag-hydraulic-press","8":"desktop-align-left","9":"tablet-align-left","10":"mobile-align-left","11":"ast-product-gallery-layout-horizontal-slider","13":"first","14":"instock","15":"shipping-taxable","16":"product-type-simple"},"yoast_head":"<!-- This site is optimized with the Yoast SEO plugin v27.4 - https:\/\/yoast.com\/product\/yoast-seo-wordpress\/ -->\n<title>Hydraulic Door Embossing Press Machine - JIUYING<\/title>\n<meta name=\"robots\" content=\"index, follow, max-snippet:-1, max-image-preview:large, max-video-preview:-1\" \/>\n<link rel=\"canonical\" href=\"https:\/\/www.cncsheetmachine.com\/es\/producto\/maquina-hidraulica-de-estampacion-de-puertas\/\" \/>\n<meta property=\"og:locale\" content=\"es_ES\" \/>\n<meta property=\"og:type\" content=\"article\" \/>\n<meta property=\"og:title\" content=\"Hydraulic Door Embossing Press Machine - JIUYING\" \/>\n<meta property=\"og:description\" content=\"Mobile workbench, touch mode industrial display screen, punching slow cutting device, hydraulic system heating\/cooling device, photoelectric protection device, material feeding device, floating guide rail and rolling bracket for mold changing, mold changing trolley, slide safety bolt, mold quick tightening mechanism, mold heating and temperature control device, stroke, pressure, speed digital display, CNC device, PLC programmable controller, edge pressing ring and driving system, displacement sensing device.\" \/>\n<meta property=\"og:url\" content=\"https:\/\/www.cncsheetmachine.com\/es\/producto\/maquina-hidraulica-de-estampacion-de-puertas\/\" \/>\n<meta property=\"og:site_name\" content=\"JIUYING\" \/>\n<meta property=\"article:publisher\" content=\"https:\/\/www.facebook.com\/profile.php?id=100093426904136\" \/>\n<meta property=\"article:modified_time\" content=\"2023-06-30T02:36:20+00:00\" \/>\n<meta property=\"og:image\" content=\"https:\/\/www.cncsheetmachine.com\/wp-content\/uploads\/2023\/05\/1-220224162643552.jpg\" \/>\n\t<meta property=\"og:image:width\" content=\"640\" \/>\n\t<meta property=\"og:image:height\" content=\"640\" \/>\n\t<meta property=\"og:image:type\" content=\"image\/jpeg\" \/>\n<meta name=\"twitter:card\" content=\"summary_large_image\" \/>\n<meta name=\"twitter:label1\" content=\"Tiempo de lectura\" \/>\n\t<meta name=\"twitter:data1\" content=\"2 minutos\" \/>\n<script type=\"application\/ld+json\" class=\"yoast-schema-graph\">{\"@context\":\"https:\\\/\\\/schema.org\",\"@graph\":[{\"@type\":\"WebPage\",\"@id\":\"https:\\\/\\\/www.cncsheetmachine.com\\\/product\\\/hydraulic-door-embossing-press-machine\\\/\",\"url\":\"https:\\\/\\\/www.cncsheetmachine.com\\\/product\\\/hydraulic-door-embossing-press-machine\\\/\",\"name\":\"Hydraulic Door Embossing Press Machine - JIUYING\",\"isPartOf\":{\"@id\":\"https:\\\/\\\/www.cncsheetmachine.com\\\/en\\\/#website\"},\"primaryImageOfPage\":{\"@id\":\"https:\\\/\\\/www.cncsheetmachine.com\\\/product\\\/hydraulic-door-embossing-press-machine\\\/#primaryimage\"},\"image\":{\"@id\":\"https:\\\/\\\/www.cncsheetmachine.com\\\/product\\\/hydraulic-door-embossing-press-machine\\\/#primaryimage\"},\"thumbnailUrl\":\"https:\\\/\\\/www.cncsheetmachine.com\\\/wp-content\\\/uploads\\\/2023\\\/05\\\/1-220224162643552.jpg\",\"datePublished\":\"2023-05-29T07:46:17+00:00\",\"dateModified\":\"2023-06-30T02:36:20+00:00\",\"breadcrumb\":{\"@id\":\"https:\\\/\\\/www.cncsheetmachine.com\\\/product\\\/hydraulic-door-embossing-press-machine\\\/#breadcrumb\"},\"inLanguage\":\"es\",\"potentialAction\":[{\"@type\":\"ReadAction\",\"target\":[\"https:\\\/\\\/www.cncsheetmachine.com\\\/product\\\/hydraulic-door-embossing-press-machine\\\/\"]}]},{\"@type\":\"ImageObject\",\"inLanguage\":\"es\",\"@id\":\"https:\\\/\\\/www.cncsheetmachine.com\\\/product\\\/hydraulic-door-embossing-press-machine\\\/#primaryimage\",\"url\":\"https:\\\/\\\/www.cncsheetmachine.com\\\/wp-content\\\/uploads\\\/2023\\\/05\\\/1-220224162643552.jpg\",\"contentUrl\":\"https:\\\/\\\/www.cncsheetmachine.com\\\/wp-content\\\/uploads\\\/2023\\\/05\\\/1-220224162643552.jpg\",\"width\":640,\"height\":640,\"caption\":\"Hydraulic door embossing press machine\"},{\"@type\":\"BreadcrumbList\",\"@id\":\"https:\\\/\\\/www.cncsheetmachine.com\\\/product\\\/hydraulic-door-embossing-press-machine\\\/#breadcrumb\",\"itemListElement\":[{\"@type\":\"ListItem\",\"position\":1,\"name\":\"Home\",\"item\":\"https:\\\/\\\/www.cncsheetmachine.com\\\/en\\\/\"},{\"@type\":\"ListItem\",\"position\":2,\"name\":\"Product\",\"item\":\"https:\\\/\\\/www.cncsheetmachine.com\\\/en\\\/product\\\/\"},{\"@type\":\"ListItem\",\"position\":3,\"name\":\"Hydraulic Door Embossing Press Machine\"}]},{\"@type\":\"WebSite\",\"@id\":\"https:\\\/\\\/www.cncsheetmachine.com\\\/en\\\/#website\",\"url\":\"https:\\\/\\\/www.cncsheetmachine.com\\\/en\\\/\",\"name\":\"JIUYING\",\"description\":\"Jiuying Hydraulic Press Official Website\",\"publisher\":{\"@id\":\"https:\\\/\\\/www.cncsheetmachine.com\\\/en\\\/#organization\"},\"potentialAction\":[{\"@type\":\"SearchAction\",\"target\":{\"@type\":\"EntryPoint\",\"urlTemplate\":\"https:\\\/\\\/www.cncsheetmachine.com\\\/en\\\/?s={search_term_string}\"},\"query-input\":{\"@type\":\"PropertyValueSpecification\",\"valueRequired\":true,\"valueName\":\"search_term_string\"}}],\"inLanguage\":\"es\"},{\"@type\":\"Organization\",\"@id\":\"https:\\\/\\\/www.cncsheetmachine.com\\\/en\\\/#organization\",\"name\":\"JIUYING\",\"url\":\"https:\\\/\\\/www.cncsheetmachine.com\\\/en\\\/\",\"logo\":{\"@type\":\"ImageObject\",\"inLanguage\":\"es\",\"@id\":\"https:\\\/\\\/www.cncsheetmachine.com\\\/en\\\/#\\\/schema\\\/logo\\\/image\\\/\",\"url\":\"\",\"contentUrl\":\"\",\"caption\":\"JIUYING\"},\"image\":{\"@id\":\"https:\\\/\\\/www.cncsheetmachine.com\\\/en\\\/#\\\/schema\\\/logo\\\/image\\\/\"},\"sameAs\":[\"https:\\\/\\\/www.facebook.com\\\/profile.php?id=100093426904136\"]}]}<\/script>\n<!-- \/ Yoast SEO plugin. -->","yoast_head_json":{"title":"M\u00e1quina hidr\u00e1ulica de estampado en relieve para puertas - JIUYING","robots":{"index":"index","follow":"follow","max-snippet":"max-snippet:-1","max-image-preview":"max-image-preview:large","max-video-preview":"max-video-preview:-1"},"canonical":"https:\/\/www.cncsheetmachine.com\/es\/producto\/maquina-hidraulica-de-estampacion-de-puertas\/","og_locale":"es_ES","og_type":"article","og_title":"Hydraulic Door Embossing Press Machine - JIUYING","og_description":"Mobile workbench, touch mode industrial display screen, punching slow cutting device, hydraulic system heating\/cooling device, photoelectric protection device, material feeding device, floating guide rail and rolling bracket for mold changing, mold changing trolley, slide safety bolt, mold quick tightening mechanism, mold heating and temperature control device, stroke, pressure, speed digital display, CNC device, PLC programmable controller, edge pressing ring and driving system, displacement sensing device.","og_url":"https:\/\/www.cncsheetmachine.com\/es\/producto\/maquina-hidraulica-de-estampacion-de-puertas\/","og_site_name":"JIUYING","article_publisher":"https:\/\/www.facebook.com\/profile.php?id=100093426904136","article_modified_time":"2023-06-30T02:36:20+00:00","og_image":[{"width":640,"height":640,"url":"https:\/\/www.cncsheetmachine.com\/wp-content\/uploads\/2023\/05\/1-220224162643552.jpg","type":"image\/jpeg"}],"twitter_card":"summary_large_image","twitter_misc":{"Tiempo de lectura":"2 minutos"},"schema":{"@context":"https:\/\/schema.org","@graph":[{"@type":"WebPage","@id":"https:\/\/www.cncsheetmachine.com\/product\/hydraulic-door-embossing-press-machine\/","url":"https:\/\/www.cncsheetmachine.com\/product\/hydraulic-door-embossing-press-machine\/","name":"M\u00e1quina hidr\u00e1ulica de estampado en relieve para puertas - JIUYING","isPartOf":{"@id":"https:\/\/www.cncsheetmachine.com\/en\/#website"},"primaryImageOfPage":{"@id":"https:\/\/www.cncsheetmachine.com\/product\/hydraulic-door-embossing-press-machine\/#primaryimage"},"image":{"@id":"https:\/\/www.cncsheetmachine.com\/product\/hydraulic-door-embossing-press-machine\/#primaryimage"},"thumbnailUrl":"https:\/\/www.cncsheetmachine.com\/wp-content\/uploads\/2023\/05\/1-220224162643552.jpg","datePublished":"2023-05-29T07:46:17+00:00","dateModified":"2023-06-30T02:36:20+00:00","breadcrumb":{"@id":"https:\/\/www.cncsheetmachine.com\/product\/hydraulic-door-embossing-press-machine\/#breadcrumb"},"inLanguage":"es","potentialAction":[{"@type":"ReadAction","target":["https:\/\/www.cncsheetmachine.com\/product\/hydraulic-door-embossing-press-machine\/"]}]},{"@type":"ImageObject","inLanguage":"es","@id":"https:\/\/www.cncsheetmachine.com\/product\/hydraulic-door-embossing-press-machine\/#primaryimage","url":"https:\/\/www.cncsheetmachine.com\/wp-content\/uploads\/2023\/05\/1-220224162643552.jpg","contentUrl":"https:\/\/www.cncsheetmachine.com\/wp-content\/uploads\/2023\/05\/1-220224162643552.jpg","width":640,"height":640,"caption":"Hydraulic door embossing press machine"},{"@type":"BreadcrumbList","@id":"https:\/\/www.cncsheetmachine.com\/product\/hydraulic-door-embossing-press-machine\/#breadcrumb","itemListElement":[{"@type":"ListItem","position":1,"name":"Home","item":"https:\/\/www.cncsheetmachine.com\/en\/"},{"@type":"ListItem","position":2,"name":"Product","item":"https:\/\/www.cncsheetmachine.com\/en\/product\/"},{"@type":"ListItem","position":3,"name":"Hydraulic Door Embossing Press Machine"}]},{"@type":"WebSite","@id":"https:\/\/www.cncsheetmachine.com\/en\/#website","url":"https:\/\/www.cncsheetmachine.com\/en\/","name":"JIUYING","description":"Sitio web oficial de Jiuying Hydraulic Press","publisher":{"@id":"https:\/\/www.cncsheetmachine.com\/en\/#organization"},"potentialAction":[{"@type":"SearchAction","target":{"@type":"EntryPoint","urlTemplate":"https:\/\/www.cncsheetmachine.com\/en\/?s={search_term_string}"},"query-input":{"@type":"PropertyValueSpecification","valueRequired":true,"valueName":"search_term_string"}}],"inLanguage":"es"},{"@type":"Organization","@id":"https:\/\/www.cncsheetmachine.com\/en\/#organization","name":"JIUYING","url":"https:\/\/www.cncsheetmachine.com\/en\/","logo":{"@type":"ImageObject","inLanguage":"es","@id":"https:\/\/www.cncsheetmachine.com\/en\/#\/schema\/logo\/image\/","url":"","contentUrl":"","caption":"JIUYING"},"image":{"@id":"https:\/\/www.cncsheetmachine.com\/en\/#\/schema\/logo\/image\/"},"sameAs":["https:\/\/www.facebook.com\/profile.php?id=100093426904136"]}]}},"_links":{"self":[{"href":"https:\/\/www.cncsheetmachine.com\/es\/wp-json\/wp\/v2\/product\/1814","targetHints":{"allow":["GET"]}}],"collection":[{"href":"https:\/\/www.cncsheetmachine.com\/es\/wp-json\/wp\/v2\/product"}],"about":[{"href":"https:\/\/www.cncsheetmachine.com\/es\/wp-json\/wp\/v2\/types\/product"}],"replies":[{"embeddable":true,"href":"https:\/\/www.cncsheetmachine.com\/es\/wp-json\/wp\/v2\/comments?post=1814"}],"version-history":[{"count":1,"href":"https:\/\/www.cncsheetmachine.com\/es\/wp-json\/wp\/v2\/product\/1814\/revisions"}],"predecessor-version":[{"id":2308,"href":"https:\/\/www.cncsheetmachine.com\/es\/wp-json\/wp\/v2\/product\/1814\/revisions\/2308"}],"wp:featuredmedia":[{"embeddable":true,"href":"https:\/\/www.cncsheetmachine.com\/es\/wp-json\/wp\/v2\/media\/1676"}],"wp:attachment":[{"href":"https:\/\/www.cncsheetmachine.com\/es\/wp-json\/wp\/v2\/media?parent=1814"}],"wp:term":[{"taxonomy":"product_brand","embeddable":true,"href":"https:\/\/www.cncsheetmachine.com\/es\/wp-json\/wp\/v2\/product_brand?post=1814"},{"taxonomy":"product_cat","embeddable":true,"href":"https:\/\/www.cncsheetmachine.com\/es\/wp-json\/wp\/v2\/product_cat?post=1814"},{"taxonomy":"product_tag","embeddable":true,"href":"https:\/\/www.cncsheetmachine.com\/es\/wp-json\/wp\/v2\/product_tag?post=1814"}],"curies":[{"name":"wp","href":"https:\/\/api.w.org\/{rel}","templated":true}]}}