{"id":1817,"date":"2023-05-29T16:09:59","date_gmt":"2023-05-29T08:09:59","guid":{"rendered":"https:\/\/cncsheetmachine.com\/?post_type=product&#038;p=1817"},"modified":"2023-06-01T10:22:09","modified_gmt":"2023-06-01T02:22:09","slug":"hydraulic-deep-drawing-press-machine","status":"publish","type":"product","link":"https:\/\/www.cncsheetmachine.com\/es\/producto\/prensa-hidraulica-de-embuticion-profunda\/","title":{"rendered":"Prensa hidr\u00e1ulica de embutici\u00f3n profunda"},"content":{"rendered":"<h2>Estructura detallada de la prensa hidr\u00e1ulica de dibujo profundo:<\/h2>\n<p>La m\u00e1quina perfiladora y estiradora hidr\u00e1ulica de extremo de disco\/extremo de ranura consiste en el cuerpo de la m\u00e1quina, el cilindro principal, el dispositivo limitador de carrera, el dispositivo de lubricaci\u00f3n, el sistema de energ\u00eda hidr\u00e1ulica y el sistema el\u00e9ctrico. El cuerpo de la m\u00e1quina se compone de viga superior, deslizador, mesa, columna, contratuerca y casquillo gu\u00eda. Est\u00e1 compuesto por una corredera que sube y baja linealmente a lo largo de las cuatro columnas impulsadas por el cilindro de aceite. La m\u00e1quina hidr\u00e1ulica de estirado y conformado de extremo de disco\/extremo de ranura generalmente est\u00e1 dise\u00f1ada como una estructura de caja hueca con nervaduras a\u00f1adidas en el medio y partes importantes hechas cil\u00edndricas. Las nervaduras son m\u00e1s densas en las piezas con cargas elevadas para mejorar la rigidez y reducir las tensiones locales. Las nervaduras generalmente est\u00e1n dispuestas en un patr\u00f3n de rejilla o radial. Hay un orificio de engrase en el orificio gu\u00eda de la viga central, que puede inyectar lubricante para lubricar la columna. La viga superior se instala con un cilindro de trabajo, y la viga inferior se puede configurar con un orificio eyector de acuerdo con el proceso de prensado para instalar un dispositivo de cilindro hidr\u00e1ulico eyector.<\/p>\n<p>Las vigas superior, media e inferior de la prensa hidr\u00e1ulica est\u00e1n hechas de chapa de acero de alta calidad Q235B para corte y soldadura, buena rigidez, pulido y limpieza de escoria de soldadura, escoria de soldadura y piel de \u00f3xido. Los travesa\u00f1os se mecanizan en bruto y se mecanizan en acabado. Procesamiento de mandrinado de superficie de fresado fino, de modo que la forma y la posici\u00f3n de cada orificio sean precisas - ranura en T de fresado - biselado y desbarbado - inspecci\u00f3n de pintura antioxidante en aerosol y luego almacenado<\/p>\n<h2>Detalles del producto de la prensa de dibujo hidr\u00e1ulico<\/h2>\n<p><strong>Cilindro<\/strong><br \/>\nEl material del cuerpo del cilindro es acero 45# de alta calidad para garantizar un material uniforme; Todas las superficies del v\u00e1stago del pist\u00f3n est\u00e1n cromadas.<\/p>\n<p><strong>Columna<\/strong><br \/>\nEl material de la columna es acero 45#, molido por proceso de templado y electrochapado con cromo duro en la superficie; puede mejorar la dureza y mantener el acabado.<\/p>\n<p><strong>Cuerpo<\/strong><br \/>\nEl cuerpo est\u00e1 soldado con placa de acero, templado con soldadura protegida con gas de di\u00f3xido de carbono o envejecido con un aparato de vibraci\u00f3n para eliminar la tensi\u00f3n interna, asegurando que el cuerpo no se deforme f\u00e1cilmente.<\/p>\n<p><strong>Sistema el\u00e9ctrico<\/strong><br \/>\nLos componentes el\u00e9ctricos adoptan equipos de marcas internacionales para un funcionamiento seguro, un trabajo fiable, una acci\u00f3n intuitiva y un f\u00e1cil mantenimiento<\/p>\n<p><strong>Sistema hidr\u00e1ulico<\/strong><br \/>\nSistema hidr\u00e1ulico que utiliza un sistema integrado de v\u00e1lvula de cartucho, el caudal de la v\u00e1lvula, anticontaminaci\u00f3n, control flexible, rendimiento confiable, f\u00e1cil de mantener. La v\u00e1lvula principal debe ser una v\u00e1lvula de cartucho de dos v\u00edas. Requiere un sistema hidr\u00e1ulico con dispositivo de protecci\u00f3n contra sobrecarga.<\/p>\n<p><strong>Control t\u00e1ctil PLC<\/strong><br \/>\nInterfaz hombre-m\u00e1quina, a trav\u00e9s del sistema inteligente para controlar todos los par\u00e1metros de la m\u00e1quina para regular el funcionamiento de la m\u00e1quina, los par\u00e1metros son f\u00e1ciles de ajustar.<\/p>\n<p><img fetchpriority=\"high\" decoding=\"async\" class=\"aligncenter wp-image-1890 size-full\" src=\"https:\/\/www.cncsheetmachine.com\/wp-content\/uploads\/2023\/05\/H0e401620740d40249d746fc61ff8f4b67.jpg\" alt=\"\" width=\"600\" height=\"675\" srcset=\"https:\/\/www.cncsheetmachine.com\/wp-content\/uploads\/2023\/05\/H0e401620740d40249d746fc61ff8f4b67.jpg 600w, https:\/\/www.cncsheetmachine.com\/wp-content\/uploads\/2023\/05\/H0e401620740d40249d746fc61ff8f4b67-267x300.jpg 267w\" sizes=\"(max-width: 600px) 100vw, 600px\" \/><\/p>\n<h2><b>Condiciones de uso de la camilla de cabeza:<\/b><\/h2>\n<p>1. Temperatura del \u00e1rea de trabajo del equipo: 0~50\u2103 (\u00b1)<br \/>\n2. Fuente de alimentaci\u00f3n: sistema trif\u00e1sico de cuatro hilos 380V, 50HZ, rango de fluctuaci\u00f3n de voltaje 380V\u00b1 10%<br \/>\n3. M\u00e9todo de refrigeraci\u00f3n: dispositivo de refrigeraci\u00f3n por agua.<br \/>\n4. Medio utilizado en el sistema hidr\u00e1ulico: aceite hidr\u00e1ulico antidesgaste No. 46<\/p>","protected":false},"excerpt":{"rendered":"<p>Estructura detallada de la m\u00e1quina hidr\u00e1ulica de embutici\u00f3n profunda: La m\u00e1quina hidr\u00e1ulica de embutici\u00f3n y conformado de extremo de disco\/extremo de ranura consiste en el cuerpo de la m\u00e1quina, cilindro principal, dispositivo limitador de carrera, dispositivo de lubricaci\u00f3n, sistema de energ\u00eda hidr\u00e1ulica y sistema el\u00e9ctrico. El cuerpo de la m\u00e1quina se compone de viga superior, deslizador, mesa, columna, contratuerca y casquillo gu\u00eda. Se compone de un [...]<\/p>","protected":false},"featured_media":1675,"comment_status":"open","ping_status":"closed","template":"","meta":{"site-sidebar-layout":"default","site-content-layout":"default","ast-site-content-layout":"default","site-content-style":"default","site-sidebar-style":"default","ast-global-header-display":"","ast-banner-title-visibility":"","ast-main-header-display":"","ast-hfb-above-header-display":"","ast-hfb-below-header-display":"","ast-hfb-mobile-header-display":"","site-post-title":"","ast-breadcrumbs-content":"","ast-featured-img":"","footer-sml-layout":"","ast-disable-related-posts":"","theme-transparent-header-meta":"default","adv-header-id-meta":"","stick-header-meta":"","header-above-stick-meta":"","header-main-stick-meta":"","header-below-stick-meta":"","astra-migrate-meta-layouts":"default","ast-page-background-enabled":"default","ast-page-background-meta":{"desktop":{"background-color":"var(--ast-global-color-4)","background-image":"","background-repeat":"repeat","background-position":"center center","background-size":"auto","background-attachment":"scroll","background-type":"","background-media":"","overlay-type":"","overlay-color":"","overlay-opacity":"","overlay-gradient":""},"tablet":{"background-color":"","background-image":"","background-repeat":"repeat","background-position":"center center","background-size":"auto","background-attachment":"scroll","background-type":"","background-media":"","overlay-type":"","overlay-color":"","overlay-opacity":"","overlay-gradient":""},"mobile":{"background-color":"","background-image":"","background-repeat":"repeat","background-position":"center center","background-size":"auto","background-attachment":"scroll","background-type":"","background-media":"","overlay-type":"","overlay-color":"","overlay-opacity":"","overlay-gradient":""}},"ast-content-background-meta":{"desktop":{"background-color":"var(--ast-global-color-5)","background-image":"","background-repeat":"repeat","background-position":"center center","background-size":"auto","background-attachment":"scroll","background-type":"","background-media":"","overlay-type":"","overlay-color":"","overlay-opacity":"","overlay-gradient":""},"tablet":{"background-color":"var(--ast-global-color-5)","background-image":"","background-repeat":"repeat","background-position":"center center","background-size":"auto","background-attachment":"scroll","background-type":"","background-media":"","overlay-type":"","overlay-color":"","overlay-opacity":"","overlay-gradient":""},"mobile":{"background-color":"var(--ast-global-color-5)","background-image":"","background-repeat":"repeat","background-position":"center center","background-size":"auto","background-attachment":"scroll","background-type":"","background-media":"","overlay-type":"","overlay-color":"","overlay-opacity":"","overlay-gradient":""}}},"product_brand":[],"product_cat":[41],"product_tag":[],"class_list":{"0":"post-1817","1":"product","2":"type-product","3":"status-publish","4":"has-post-thumbnail","6":"product_cat-hydraulic-press","7":"desktop-align-left","8":"tablet-align-left","9":"mobile-align-left","10":"ast-product-gallery-layout-horizontal-slider","11":"ast-product-gallery-with-no-image","13":"first","14":"instock","15":"shipping-taxable","16":"product-type-simple"},"yoast_head":"<!-- This site is optimized with the Yoast SEO plugin v27.4 - https:\/\/yoast.com\/product\/yoast-seo-wordpress\/ -->\n<title>Hydraulic Deep Drawing Press Machine - JIUYING<\/title>\n<meta name=\"robots\" content=\"index, follow, max-snippet:-1, max-image-preview:large, max-video-preview:-1\" \/>\n<link rel=\"canonical\" href=\"https:\/\/www.cncsheetmachine.com\/es\/producto\/prensa-hidraulica-de-embuticion-profunda\/\" \/>\n<meta property=\"og:locale\" content=\"es_ES\" \/>\n<meta property=\"og:type\" content=\"article\" \/>\n<meta property=\"og:title\" content=\"Hydraulic Deep Drawing Press Machine - JIUYING\" \/>\n<meta property=\"og:description\" content=\"Detailed structure of Hydraulic Deep Drawing Press Machine: The disc end\/slot end hydraulic drawing and forming machine consists of machine body, main cylinder, stroke limiting device, lubrication device, hydraulic power system and electrical system. The machine body is composed of upper beam, slider, table, column, lock nut and guide bush. It is composed of a [&hellip;]\" \/>\n<meta property=\"og:url\" content=\"https:\/\/www.cncsheetmachine.com\/es\/producto\/prensa-hidraulica-de-embuticion-profunda\/\" \/>\n<meta property=\"og:site_name\" content=\"JIUYING\" \/>\n<meta property=\"article:publisher\" content=\"https:\/\/www.facebook.com\/profile.php?id=100093426904136\" \/>\n<meta property=\"article:modified_time\" content=\"2023-06-01T02:22:09+00:00\" \/>\n<meta property=\"og:image\" content=\"https:\/\/www.cncsheetmachine.com\/wp-content\/uploads\/2023\/05\/1-200QG51349193.jpg\" \/>\n\t<meta property=\"og:image:width\" content=\"640\" \/>\n\t<meta property=\"og:image:height\" content=\"640\" \/>\n\t<meta property=\"og:image:type\" content=\"image\/jpeg\" \/>\n<meta name=\"twitter:card\" content=\"summary_large_image\" \/>\n<meta name=\"twitter:label1\" content=\"Tiempo de lectura\" \/>\n\t<meta name=\"twitter:data1\" content=\"2 minutos\" \/>\n<script type=\"application\/ld+json\" class=\"yoast-schema-graph\">{\"@context\":\"https:\\\/\\\/schema.org\",\"@graph\":[{\"@type\":\"WebPage\",\"@id\":\"https:\\\/\\\/www.cncsheetmachine.com\\\/product\\\/hydraulic-deep-drawing-press-machine\\\/\",\"url\":\"https:\\\/\\\/www.cncsheetmachine.com\\\/product\\\/hydraulic-deep-drawing-press-machine\\\/\",\"name\":\"Hydraulic Deep Drawing Press Machine - JIUYING\",\"isPartOf\":{\"@id\":\"https:\\\/\\\/www.cncsheetmachine.com\\\/en\\\/#website\"},\"primaryImageOfPage\":{\"@id\":\"https:\\\/\\\/www.cncsheetmachine.com\\\/product\\\/hydraulic-deep-drawing-press-machine\\\/#primaryimage\"},\"image\":{\"@id\":\"https:\\\/\\\/www.cncsheetmachine.com\\\/product\\\/hydraulic-deep-drawing-press-machine\\\/#primaryimage\"},\"thumbnailUrl\":\"https:\\\/\\\/www.cncsheetmachine.com\\\/wp-content\\\/uploads\\\/2023\\\/05\\\/1-200QG51349193.jpg\",\"datePublished\":\"2023-05-29T08:09:59+00:00\",\"dateModified\":\"2023-06-01T02:22:09+00:00\",\"breadcrumb\":{\"@id\":\"https:\\\/\\\/www.cncsheetmachine.com\\\/product\\\/hydraulic-deep-drawing-press-machine\\\/#breadcrumb\"},\"inLanguage\":\"es\",\"potentialAction\":[{\"@type\":\"ReadAction\",\"target\":[\"https:\\\/\\\/www.cncsheetmachine.com\\\/product\\\/hydraulic-deep-drawing-press-machine\\\/\"]}]},{\"@type\":\"ImageObject\",\"inLanguage\":\"es\",\"@id\":\"https:\\\/\\\/www.cncsheetmachine.com\\\/product\\\/hydraulic-deep-drawing-press-machine\\\/#primaryimage\",\"url\":\"https:\\\/\\\/www.cncsheetmachine.com\\\/wp-content\\\/uploads\\\/2023\\\/05\\\/1-200QG51349193.jpg\",\"contentUrl\":\"https:\\\/\\\/www.cncsheetmachine.com\\\/wp-content\\\/uploads\\\/2023\\\/05\\\/1-200QG51349193.jpg\",\"width\":640,\"height\":640,\"caption\":\"Dished end\\\/ tank head hydraulic deep drawing forming press machine\"},{\"@type\":\"BreadcrumbList\",\"@id\":\"https:\\\/\\\/www.cncsheetmachine.com\\\/product\\\/hydraulic-deep-drawing-press-machine\\\/#breadcrumb\",\"itemListElement\":[{\"@type\":\"ListItem\",\"position\":1,\"name\":\"Home\",\"item\":\"https:\\\/\\\/www.cncsheetmachine.com\\\/en\\\/\"},{\"@type\":\"ListItem\",\"position\":2,\"name\":\"Product\",\"item\":\"https:\\\/\\\/www.cncsheetmachine.com\\\/en\\\/product\\\/\"},{\"@type\":\"ListItem\",\"position\":3,\"name\":\"Hydraulic Deep Drawing Press Machine\"}]},{\"@type\":\"WebSite\",\"@id\":\"https:\\\/\\\/www.cncsheetmachine.com\\\/en\\\/#website\",\"url\":\"https:\\\/\\\/www.cncsheetmachine.com\\\/en\\\/\",\"name\":\"JIUYING\",\"description\":\"Jiuying Hydraulic Press Official Website\",\"publisher\":{\"@id\":\"https:\\\/\\\/www.cncsheetmachine.com\\\/en\\\/#organization\"},\"potentialAction\":[{\"@type\":\"SearchAction\",\"target\":{\"@type\":\"EntryPoint\",\"urlTemplate\":\"https:\\\/\\\/www.cncsheetmachine.com\\\/en\\\/?s={search_term_string}\"},\"query-input\":{\"@type\":\"PropertyValueSpecification\",\"valueRequired\":true,\"valueName\":\"search_term_string\"}}],\"inLanguage\":\"es\"},{\"@type\":\"Organization\",\"@id\":\"https:\\\/\\\/www.cncsheetmachine.com\\\/en\\\/#organization\",\"name\":\"JIUYING\",\"url\":\"https:\\\/\\\/www.cncsheetmachine.com\\\/en\\\/\",\"logo\":{\"@type\":\"ImageObject\",\"inLanguage\":\"es\",\"@id\":\"https:\\\/\\\/www.cncsheetmachine.com\\\/en\\\/#\\\/schema\\\/logo\\\/image\\\/\",\"url\":\"\",\"contentUrl\":\"\",\"caption\":\"JIUYING\"},\"image\":{\"@id\":\"https:\\\/\\\/www.cncsheetmachine.com\\\/en\\\/#\\\/schema\\\/logo\\\/image\\\/\"},\"sameAs\":[\"https:\\\/\\\/www.facebook.com\\\/profile.php?id=100093426904136\"]}]}<\/script>\n<!-- \/ Yoast SEO plugin. -->","yoast_head_json":{"title":"M\u00e1quina embutidora hidr\u00e1ulica - JIUYING","robots":{"index":"index","follow":"follow","max-snippet":"max-snippet:-1","max-image-preview":"max-image-preview:large","max-video-preview":"max-video-preview:-1"},"canonical":"https:\/\/www.cncsheetmachine.com\/es\/producto\/prensa-hidraulica-de-embuticion-profunda\/","og_locale":"es_ES","og_type":"article","og_title":"Hydraulic Deep Drawing Press Machine - JIUYING","og_description":"Detailed structure of Hydraulic Deep Drawing Press Machine: The disc end\/slot end hydraulic drawing and forming machine consists of machine body, main cylinder, stroke limiting device, lubrication device, hydraulic power system and electrical system. The machine body is composed of upper beam, slider, table, column, lock nut and guide bush. It is composed of a [&hellip;]","og_url":"https:\/\/www.cncsheetmachine.com\/es\/producto\/prensa-hidraulica-de-embuticion-profunda\/","og_site_name":"JIUYING","article_publisher":"https:\/\/www.facebook.com\/profile.php?id=100093426904136","article_modified_time":"2023-06-01T02:22:09+00:00","og_image":[{"width":640,"height":640,"url":"https:\/\/www.cncsheetmachine.com\/wp-content\/uploads\/2023\/05\/1-200QG51349193.jpg","type":"image\/jpeg"}],"twitter_card":"summary_large_image","twitter_misc":{"Tiempo de lectura":"2 minutos"},"schema":{"@context":"https:\/\/schema.org","@graph":[{"@type":"WebPage","@id":"https:\/\/www.cncsheetmachine.com\/product\/hydraulic-deep-drawing-press-machine\/","url":"https:\/\/www.cncsheetmachine.com\/product\/hydraulic-deep-drawing-press-machine\/","name":"M\u00e1quina embutidora hidr\u00e1ulica - JIUYING","isPartOf":{"@id":"https:\/\/www.cncsheetmachine.com\/en\/#website"},"primaryImageOfPage":{"@id":"https:\/\/www.cncsheetmachine.com\/product\/hydraulic-deep-drawing-press-machine\/#primaryimage"},"image":{"@id":"https:\/\/www.cncsheetmachine.com\/product\/hydraulic-deep-drawing-press-machine\/#primaryimage"},"thumbnailUrl":"https:\/\/www.cncsheetmachine.com\/wp-content\/uploads\/2023\/05\/1-200QG51349193.jpg","datePublished":"2023-05-29T08:09:59+00:00","dateModified":"2023-06-01T02:22:09+00:00","breadcrumb":{"@id":"https:\/\/www.cncsheetmachine.com\/product\/hydraulic-deep-drawing-press-machine\/#breadcrumb"},"inLanguage":"es","potentialAction":[{"@type":"ReadAction","target":["https:\/\/www.cncsheetmachine.com\/product\/hydraulic-deep-drawing-press-machine\/"]}]},{"@type":"ImageObject","inLanguage":"es","@id":"https:\/\/www.cncsheetmachine.com\/product\/hydraulic-deep-drawing-press-machine\/#primaryimage","url":"https:\/\/www.cncsheetmachine.com\/wp-content\/uploads\/2023\/05\/1-200QG51349193.jpg","contentUrl":"https:\/\/www.cncsheetmachine.com\/wp-content\/uploads\/2023\/05\/1-200QG51349193.jpg","width":640,"height":640,"caption":"Dished end\/ tank head hydraulic deep drawing forming press machine"},{"@type":"BreadcrumbList","@id":"https:\/\/www.cncsheetmachine.com\/product\/hydraulic-deep-drawing-press-machine\/#breadcrumb","itemListElement":[{"@type":"ListItem","position":1,"name":"Home","item":"https:\/\/www.cncsheetmachine.com\/en\/"},{"@type":"ListItem","position":2,"name":"Product","item":"https:\/\/www.cncsheetmachine.com\/en\/product\/"},{"@type":"ListItem","position":3,"name":"Hydraulic Deep Drawing Press Machine"}]},{"@type":"WebSite","@id":"https:\/\/www.cncsheetmachine.com\/en\/#website","url":"https:\/\/www.cncsheetmachine.com\/en\/","name":"JIUYING","description":"Sitio web oficial de Jiuying Hydraulic Press","publisher":{"@id":"https:\/\/www.cncsheetmachine.com\/en\/#organization"},"potentialAction":[{"@type":"SearchAction","target":{"@type":"EntryPoint","urlTemplate":"https:\/\/www.cncsheetmachine.com\/en\/?s={search_term_string}"},"query-input":{"@type":"PropertyValueSpecification","valueRequired":true,"valueName":"search_term_string"}}],"inLanguage":"es"},{"@type":"Organization","@id":"https:\/\/www.cncsheetmachine.com\/en\/#organization","name":"JIUYING","url":"https:\/\/www.cncsheetmachine.com\/en\/","logo":{"@type":"ImageObject","inLanguage":"es","@id":"https:\/\/www.cncsheetmachine.com\/en\/#\/schema\/logo\/image\/","url":"","contentUrl":"","caption":"JIUYING"},"image":{"@id":"https:\/\/www.cncsheetmachine.com\/en\/#\/schema\/logo\/image\/"},"sameAs":["https:\/\/www.facebook.com\/profile.php?id=100093426904136"]}]}},"_links":{"self":[{"href":"https:\/\/www.cncsheetmachine.com\/es\/wp-json\/wp\/v2\/product\/1817","targetHints":{"allow":["GET"]}}],"collection":[{"href":"https:\/\/www.cncsheetmachine.com\/es\/wp-json\/wp\/v2\/product"}],"about":[{"href":"https:\/\/www.cncsheetmachine.com\/es\/wp-json\/wp\/v2\/types\/product"}],"replies":[{"embeddable":true,"href":"https:\/\/www.cncsheetmachine.com\/es\/wp-json\/wp\/v2\/comments?post=1817"}],"version-history":[{"count":1,"href":"https:\/\/www.cncsheetmachine.com\/es\/wp-json\/wp\/v2\/product\/1817\/revisions"}],"predecessor-version":[{"id":1889,"href":"https:\/\/www.cncsheetmachine.com\/es\/wp-json\/wp\/v2\/product\/1817\/revisions\/1889"}],"wp:featuredmedia":[{"embeddable":true,"href":"https:\/\/www.cncsheetmachine.com\/es\/wp-json\/wp\/v2\/media\/1675"}],"wp:attachment":[{"href":"https:\/\/www.cncsheetmachine.com\/es\/wp-json\/wp\/v2\/media?parent=1817"}],"wp:term":[{"taxonomy":"product_brand","embeddable":true,"href":"https:\/\/www.cncsheetmachine.com\/es\/wp-json\/wp\/v2\/product_brand?post=1817"},{"taxonomy":"product_cat","embeddable":true,"href":"https:\/\/www.cncsheetmachine.com\/es\/wp-json\/wp\/v2\/product_cat?post=1817"},{"taxonomy":"product_tag","embeddable":true,"href":"https:\/\/www.cncsheetmachine.com\/es\/wp-json\/wp\/v2\/product_tag?post=1817"}],"curies":[{"name":"wp","href":"https:\/\/api.w.org\/{rel}","templated":true}]}}