{"id":1821,"date":"2023-05-30T14:44:24","date_gmt":"2023-05-30T06:44:24","guid":{"rendered":"https:\/\/www.cncsheetmachine.com\/?post_type=product&#038;p=1821"},"modified":"2023-06-30T10:04:24","modified_gmt":"2023-06-30T02:04:24","slug":"manufacture-wheelbarrow-hydraulic-press","status":"publish","type":"product","link":"https:\/\/www.cncsheetmachine.com\/es\/producto\/fabricacion-carretilla-prensa-hidraulica\/","title":{"rendered":"Prensas hidr\u00e1ulicas para la fabricaci\u00f3n de carretillas"},"content":{"rendered":"<p>La prensa hidr\u00e1ulica se puede utilizar para el proceso de estiramiento, rebordeado, corte y nivelaci\u00f3n de productos met\u00e1licos. La prensa hidr\u00e1ulica est\u00e1 equipada con un sistema de control num\u00e9rico servo, sistema de control num\u00e9rico servo con bajo nivel de ruido, volumen peque\u00f1o, ahorro de energ\u00eda y ahorro de energ\u00eda, velocidad ajustable, presi\u00f3n ajustable, funcionamiento suave del equipo, pantalla t\u00e1ctil LCD de pantalla grande, interfaz hombre-m\u00e1quina es una operaci\u00f3n clara y humana, conveniente.<\/p>\n<p>Superficie de trabajo efectiva personalizada, apertura, carrera, etc. seg\u00fan los requisitos del cliente<\/p>\n<p><strong>mesa de enfriamiento<\/strong><br \/>\nDespu\u00e9s de que la tensi\u00f3n se distribuye razonablemente, tiene buena rigidez y alta resistencia, est\u00e1 hecho de placa de acero de alta calidad, con una ranura en forma de \"T\" en la superficie mecanizada despu\u00e9s del envejecimiento por vibraci\u00f3n o el tratamiento de templado, que se utiliza para sujetar e instalar el molde.<\/p>\n<p><img decoding=\"async\" class=\"alignnone size-medium wp-image-1822 aligncenter\" src=\"https:\/\/www.cncsheetmachine.com\/wp-content\/uploads\/2023\/05\/1-1-300x166.jpg\" alt=\" \" width=\"300\" height=\"166\" srcset=\"https:\/\/www.cncsheetmachine.com\/wp-content\/uploads\/2023\/05\/1-1-300x166.jpg 300w, https:\/\/www.cncsheetmachine.com\/wp-content\/uploads\/2023\/05\/1-1-600x332.jpg 600w, https:\/\/www.cncsheetmachine.com\/wp-content\/uploads\/2023\/05\/1-1.jpg 751w\" sizes=\"(max-width: 300px) 100vw, 300px\" \/><br \/>\n<strong>Cilindros hidraulicos<\/strong><\/p>\n<p>Las piezas del cilindro usan sellos importados; proceso de soldadura de tres capas, aumento de la vida \u00fatil<\/p>\n<p><img fetchpriority=\"high\" decoding=\"async\" class=\"wp-image-1823 size-medium aligncenter\" src=\"https:\/\/www.cncsheetmachine.com\/wp-content\/uploads\/2023\/05\/\u5fae\u4fe1\u622a\u56fe_20230530143016-246x300.jpg\" alt=\"Prensas hidr\u00e1ulicas para la fabricaci\u00f3n de carretillas\" width=\"246\" height=\"300\" srcset=\"\" sizes=\"(max-width: 246px) 100vw, 246px\" data-srcset=\"\" \/><\/p>\n<p><strong>Caja de operaci\u00f3n<\/strong><\/p>\n<p>Operaci\u00f3n de control centralizado con funciones claras; botones de dise\u00f1o ergon\u00f3mico; productividad mejorada<\/p>\n<p><img decoding=\"async\" class=\"wp-image-1824 size-medium aligncenter\" src=\"https:\/\/www.cncsheetmachine.com\/wp-content\/uploads\/2023\/05\/%E5%BE%AE%E4%BF%A1%E6%88%AA%E5%9B%BE_20230530143027-246x300.jpg\" sizes=\"(max-width: 246px) 100vw, 246px\" srcset=\"https:\/\/www.cncsheetmachine.com\/wp-content\/uploads\/2023\/05\/\u5fae\u4fe1\u622a\u56fe_20230530143027-246x300.jpg 246w, https:\/\/www.cncsheetmachine.com\/wp-content\/uploads\/2023\/05\/\u5fae\u4fe1\u622a\u56fe_20230530143027.jpg 361w\" alt=\"Prensas hidr\u00e1ulicas para la fabricaci\u00f3n de carretillas\" width=\"246\" height=\"300\" \/><\/p>\n<p><strong>Columna redonda de acero<\/strong><\/p>\n<p>Hecho de acero redondo 45# con cromado duro en la superficie de la gu\u00eda, alta precisi\u00f3n y hermosa superficie<\/p>\n<p><img loading=\"lazy\" decoding=\"async\" class=\"wp-image-1825 size-medium aligncenter\" src=\"https:\/\/www.cncsheetmachine.com\/wp-content\/uploads\/2023\/05\/%E5%BE%AE%E4%BF%A1%E6%88%AA%E5%9B%BE_20230530143039-250x300.jpg\" sizes=\"(max-width: 250px) 100vw, 250px\" srcset=\"https:\/\/www.cncsheetmachine.com\/wp-content\/uploads\/2023\/05\/\u5fae\u4fe1\u622a\u56fe_20230530143039-250x300.jpg 250w, https:\/\/www.cncsheetmachine.com\/wp-content\/uploads\/2023\/05\/\u5fae\u4fe1\u622a\u56fe_20230530143039.jpg 369w\" alt=\"Prensas hidr\u00e1ulicas para la fabricaci\u00f3n de carretillas\" width=\"250\" height=\"300\" \/><\/p>\n<p><strong>Sistema el\u00e9ctrico<\/strong><\/p>\n<p>Adoptar componentes el\u00e9ctricos con buena estabilidad y l\u00edneas de caja el\u00e9ctrica ordenadas y razonables.<\/p>\n<p><img loading=\"lazy\" decoding=\"async\" class=\"size-medium wp-image-1826 aligncenter\" src=\"https:\/\/www.cncsheetmachine.com\/wp-content\/uploads\/2023\/05\/\u5fae\u4fe1\u622a\u56fe_20230530143055-245x300.jpg\" alt=\"\" width=\"245\" height=\"300\" srcset=\"\" sizes=\"(max-width: 245px) 100vw, 245px\" data-srcset=\"\" \/><br \/>\n<strong>V\u00e1stago de \u00e9mbolo<\/strong><br \/>\nRectificado de acabado en lecho circular externo para alta precisi\u00f3n y ajuste el sello interno para un ajuste de precisi\u00f3n.<\/p>\n<p><img loading=\"lazy\" decoding=\"async\" class=\"wp-image-1827 size-medium aligncenter\" src=\"https:\/\/www.cncsheetmachine.com\/wp-content\/uploads\/2023\/05\/%E5%BE%AE%E4%BF%A1%E6%88%AA%E5%9B%BE_20230530143107-248x300.jpg\" sizes=\"(max-width: 248px) 100vw, 248px\" srcset=\"https:\/\/www.cncsheetmachine.com\/wp-content\/uploads\/2023\/05\/\u5fae\u4fe1\u622a\u56fe_20230530143107-248x300.jpg 248w, https:\/\/www.cncsheetmachine.com\/wp-content\/uploads\/2023\/05\/\u5fae\u4fe1\u622a\u56fe_20230530143107.jpg 367w\" alt=\"Prensas hidr\u00e1ulicas para la fabricaci\u00f3n de carretillas\" width=\"248\" height=\"300\" \/><\/p>\n<p><strong>Manguera de aceite de alta presi\u00f3n<\/strong><\/p>\n<p>El uso de tuber\u00eda de acero sin costura resuelve de manera efectiva el problema del envejecimiento f\u00e1cil y la poca resistencia a la presi\u00f3n de la tuber\u00eda de aceite hidr\u00e1ulico<\/p>\n<p><img loading=\"lazy\" decoding=\"async\" class=\"size-medium wp-image-1828 aligncenter\" src=\"https:\/\/www.cncsheetmachine.com\/wp-content\/uploads\/2023\/05\/\u5fae\u4fe1\u622a\u56fe_20230530143120-245x300.jpg\" alt=\"\" width=\"245\" height=\"300\" srcset=\"\" sizes=\"(max-width: 245px) 100vw, 245px\" data-srcset=\"\" \/><\/p>\n<p><img loading=\"lazy\" decoding=\"async\" class=\"aligncenter wp-image-1829 size-full\" src=\"https:\/\/www.cncsheetmachine.com\/wp-content\/uploads\/2023\/05\/\u5c0f\u63a8\u8f66\u751f\u4ea7\u7ebf-\u6c34\u5370-scaled.jpg\" alt=\"\" width=\"521\" height=\"2560\" srcset=\"https:\/\/www.cncsheetmachine.com\/wp-content\/uploads\/2023\/05\/\u5c0f\u63a8\u8f66\u751f\u4ea7\u7ebf-\u6c34\u5370-scaled.jpg 521w, https:\/\/www.cncsheetmachine.com\/wp-content\/uploads\/2023\/05\/\u5c0f\u63a8\u8f66\u751f\u4ea7\u7ebf-\u6c34\u5370-61x300.jpg 61w, https:\/\/www.cncsheetmachine.com\/wp-content\/uploads\/2023\/05\/\u5c0f\u63a8\u8f66\u751f\u4ea7\u7ebf-\u6c34\u5370-417x2048.jpg 417w\" sizes=\"(max-width: 521px) 100vw, 521px\" \/><\/p>","protected":false},"excerpt":{"rendered":"<p>La prensa hidr\u00e1ulica se puede utilizar para el proceso de estiramiento, rebordeado, corte, nivelaci\u00f3n de productos met\u00e1licos. La prensa hidr\u00e1ulica est\u00e1 equipada con sistema de control num\u00e9rico servo, sistema de control num\u00e9rico servo con poco ruido, peque\u00f1o volumen, ahorro de energ\u00eda y ahorro de energ\u00eda, velocidad ajustable, presi\u00f3n ajustable, funcionamiento suave del equipo, gran pantalla t\u00e1ctil LCD, [...].<\/p>","protected":false},"featured_media":1600,"comment_status":"open","ping_status":"closed","template":"","meta":{"site-sidebar-layout":"default","site-content-layout":"default","ast-site-content-layout":"default","site-content-style":"default","site-sidebar-style":"default","ast-global-header-display":"","ast-banner-title-visibility":"","ast-main-header-display":"","ast-hfb-above-header-display":"","ast-hfb-below-header-display":"","ast-hfb-mobile-header-display":"","site-post-title":"","ast-breadcrumbs-content":"","ast-featured-img":"","footer-sml-layout":"","ast-disable-related-posts":"","theme-transparent-header-meta":"default","adv-header-id-meta":"","stick-header-meta":"","header-above-stick-meta":"","header-main-stick-meta":"","header-below-stick-meta":"","astra-migrate-meta-layouts":"default","ast-page-background-enabled":"default","ast-page-background-meta":{"desktop":{"background-color":"var(--ast-global-color-4)","background-image":"","background-repeat":"repeat","background-position":"center center","background-size":"auto","background-attachment":"scroll","background-type":"","background-media":"","overlay-type":"","overlay-color":"","overlay-opacity":"","overlay-gradient":""},"tablet":{"background-color":"","background-image":"","background-repeat":"repeat","background-position":"center center","background-size":"auto","background-attachment":"scroll","background-type":"","background-media":"","overlay-type":"","overlay-color":"","overlay-opacity":"","overlay-gradient":""},"mobile":{"background-color":"","background-image":"","background-repeat":"repeat","background-position":"center center","background-size":"auto","background-attachment":"scroll","background-type":"","background-media":"","overlay-type":"","overlay-color":"","overlay-opacity":"","overlay-gradient":""}},"ast-content-background-meta":{"desktop":{"background-color":"var(--ast-global-color-5)","background-image":"","background-repeat":"repeat","background-position":"center center","background-size":"auto","background-attachment":"scroll","background-type":"","background-media":"","overlay-type":"","overlay-color":"","overlay-opacity":"","overlay-gradient":""},"tablet":{"background-color":"var(--ast-global-color-5)","background-image":"","background-repeat":"repeat","background-position":"center center","background-size":"auto","background-attachment":"scroll","background-type":"","background-media":"","overlay-type":"","overlay-color":"","overlay-opacity":"","overlay-gradient":""},"mobile":{"background-color":"var(--ast-global-color-5)","background-image":"","background-repeat":"repeat","background-position":"center center","background-size":"auto","background-attachment":"scroll","background-type":"","background-media":"","overlay-type":"","overlay-color":"","overlay-opacity":"","overlay-gradient":""}}},"product_brand":[],"product_cat":[41],"product_tag":[42],"class_list":{"0":"post-1821","1":"product","2":"type-product","3":"status-publish","4":"has-post-thumbnail","6":"product_cat-hydraulic-press","7":"product_tag-hydraulic-press","8":"desktop-align-left","9":"tablet-align-left","10":"mobile-align-left","11":"ast-product-gallery-layout-horizontal-slider","13":"first","14":"instock","15":"shipping-taxable","16":"product-type-simple"},"yoast_head":"<!-- This site is optimized with the Yoast SEO plugin v27.4 - https:\/\/yoast.com\/product\/yoast-seo-wordpress\/ -->\n<title>Manufacture wheelbarrow hydraulic press - JIUYING<\/title>\n<meta name=\"robots\" content=\"index, follow, max-snippet:-1, max-image-preview:large, max-video-preview:-1\" \/>\n<link rel=\"canonical\" href=\"https:\/\/www.cncsheetmachine.com\/es\/producto\/fabricacion-carretilla-prensa-hidraulica\/\" \/>\n<meta property=\"og:locale\" content=\"es_ES\" \/>\n<meta property=\"og:type\" content=\"article\" \/>\n<meta property=\"og:title\" content=\"Manufacture wheelbarrow hydraulic press - JIUYING\" \/>\n<meta property=\"og:description\" content=\"The hydraulic press can be used for the process of stretching, flanging, cutting, leveling of metal products. The hydraulic press is equipped with servo numerical control system, servo numerical control system with low noise, small volume, energy saving and power saving, adjustable speed, adjustable pressure, smooth operation of the equipment, large screen LCD touch screen, [&hellip;]\" \/>\n<meta property=\"og:url\" content=\"https:\/\/www.cncsheetmachine.com\/es\/producto\/fabricacion-carretilla-prensa-hidraulica\/\" \/>\n<meta property=\"og:site_name\" content=\"JIUYING\" \/>\n<meta property=\"article:publisher\" content=\"https:\/\/www.facebook.com\/profile.php?id=100093426904136\" \/>\n<meta property=\"article:modified_time\" content=\"2023-06-30T02:04:24+00:00\" \/>\n<meta property=\"og:image\" content=\"https:\/\/www.cncsheetmachine.com\/wp-content\/uploads\/2023\/05\/10.jpg\" \/>\n\t<meta property=\"og:image:width\" content=\"640\" \/>\n\t<meta property=\"og:image:height\" content=\"640\" \/>\n\t<meta property=\"og:image:type\" content=\"image\/jpeg\" \/>\n<meta name=\"twitter:card\" content=\"summary_large_image\" \/>\n<meta name=\"twitter:label1\" content=\"Tiempo de lectura\" \/>\n\t<meta name=\"twitter:data1\" content=\"1 minuto\" \/>\n<script type=\"application\/ld+json\" class=\"yoast-schema-graph\">{\"@context\":\"https:\\\/\\\/schema.org\",\"@graph\":[{\"@type\":\"WebPage\",\"@id\":\"https:\\\/\\\/www.cncsheetmachine.com\\\/product\\\/manufacture-wheelbarrow-hydraulic-press\\\/\",\"url\":\"https:\\\/\\\/www.cncsheetmachine.com\\\/product\\\/manufacture-wheelbarrow-hydraulic-press\\\/\",\"name\":\"Manufacture wheelbarrow hydraulic press - JIUYING\",\"isPartOf\":{\"@id\":\"https:\\\/\\\/www.cncsheetmachine.com\\\/en\\\/#website\"},\"primaryImageOfPage\":{\"@id\":\"https:\\\/\\\/www.cncsheetmachine.com\\\/product\\\/manufacture-wheelbarrow-hydraulic-press\\\/#primaryimage\"},\"image\":{\"@id\":\"https:\\\/\\\/www.cncsheetmachine.com\\\/product\\\/manufacture-wheelbarrow-hydraulic-press\\\/#primaryimage\"},\"thumbnailUrl\":\"https:\\\/\\\/www.cncsheetmachine.com\\\/wp-content\\\/uploads\\\/2023\\\/05\\\/10.jpg\",\"datePublished\":\"2023-05-30T06:44:24+00:00\",\"dateModified\":\"2023-06-30T02:04:24+00:00\",\"breadcrumb\":{\"@id\":\"https:\\\/\\\/www.cncsheetmachine.com\\\/product\\\/manufacture-wheelbarrow-hydraulic-press\\\/#breadcrumb\"},\"inLanguage\":\"es\",\"potentialAction\":[{\"@type\":\"ReadAction\",\"target\":[\"https:\\\/\\\/www.cncsheetmachine.com\\\/product\\\/manufacture-wheelbarrow-hydraulic-press\\\/\"]}]},{\"@type\":\"ImageObject\",\"inLanguage\":\"es\",\"@id\":\"https:\\\/\\\/www.cncsheetmachine.com\\\/product\\\/manufacture-wheelbarrow-hydraulic-press\\\/#primaryimage\",\"url\":\"https:\\\/\\\/www.cncsheetmachine.com\\\/wp-content\\\/uploads\\\/2023\\\/05\\\/10.jpg\",\"contentUrl\":\"https:\\\/\\\/www.cncsheetmachine.com\\\/wp-content\\\/uploads\\\/2023\\\/05\\\/10.jpg\",\"width\":640,\"height\":640,\"caption\":\"Manufacture trolley hydraulic press\"},{\"@type\":\"BreadcrumbList\",\"@id\":\"https:\\\/\\\/www.cncsheetmachine.com\\\/product\\\/manufacture-wheelbarrow-hydraulic-press\\\/#breadcrumb\",\"itemListElement\":[{\"@type\":\"ListItem\",\"position\":1,\"name\":\"Home\",\"item\":\"https:\\\/\\\/www.cncsheetmachine.com\\\/en\\\/\"},{\"@type\":\"ListItem\",\"position\":2,\"name\":\"Product\",\"item\":\"https:\\\/\\\/www.cncsheetmachine.com\\\/en\\\/product\\\/\"},{\"@type\":\"ListItem\",\"position\":3,\"name\":\"Manufacture wheelbarrow hydraulic press\"}]},{\"@type\":\"WebSite\",\"@id\":\"https:\\\/\\\/www.cncsheetmachine.com\\\/en\\\/#website\",\"url\":\"https:\\\/\\\/www.cncsheetmachine.com\\\/en\\\/\",\"name\":\"JIUYING\",\"description\":\"Jiuying Hydraulic Press Official Website\",\"publisher\":{\"@id\":\"https:\\\/\\\/www.cncsheetmachine.com\\\/en\\\/#organization\"},\"potentialAction\":[{\"@type\":\"SearchAction\",\"target\":{\"@type\":\"EntryPoint\",\"urlTemplate\":\"https:\\\/\\\/www.cncsheetmachine.com\\\/en\\\/?s={search_term_string}\"},\"query-input\":{\"@type\":\"PropertyValueSpecification\",\"valueRequired\":true,\"valueName\":\"search_term_string\"}}],\"inLanguage\":\"es\"},{\"@type\":\"Organization\",\"@id\":\"https:\\\/\\\/www.cncsheetmachine.com\\\/en\\\/#organization\",\"name\":\"JIUYING\",\"url\":\"https:\\\/\\\/www.cncsheetmachine.com\\\/en\\\/\",\"logo\":{\"@type\":\"ImageObject\",\"inLanguage\":\"es\",\"@id\":\"https:\\\/\\\/www.cncsheetmachine.com\\\/en\\\/#\\\/schema\\\/logo\\\/image\\\/\",\"url\":\"\",\"contentUrl\":\"\",\"caption\":\"JIUYING\"},\"image\":{\"@id\":\"https:\\\/\\\/www.cncsheetmachine.com\\\/en\\\/#\\\/schema\\\/logo\\\/image\\\/\"},\"sameAs\":[\"https:\\\/\\\/www.facebook.com\\\/profile.php?id=100093426904136\"]}]}<\/script>\n<!-- \/ Yoast SEO plugin. -->","yoast_head_json":{"title":"Fabricaci\u00f3n carretilla prensa hidr\u00e1ulica - JIUYING","robots":{"index":"index","follow":"follow","max-snippet":"max-snippet:-1","max-image-preview":"max-image-preview:large","max-video-preview":"max-video-preview:-1"},"canonical":"https:\/\/www.cncsheetmachine.com\/es\/producto\/fabricacion-carretilla-prensa-hidraulica\/","og_locale":"es_ES","og_type":"article","og_title":"Manufacture wheelbarrow hydraulic press - JIUYING","og_description":"The hydraulic press can be used for the process of stretching, flanging, cutting, leveling of metal products. The hydraulic press is equipped with servo numerical control system, servo numerical control system with low noise, small volume, energy saving and power saving, adjustable speed, adjustable pressure, smooth operation of the equipment, large screen LCD touch screen, [&hellip;]","og_url":"https:\/\/www.cncsheetmachine.com\/es\/producto\/fabricacion-carretilla-prensa-hidraulica\/","og_site_name":"JIUYING","article_publisher":"https:\/\/www.facebook.com\/profile.php?id=100093426904136","article_modified_time":"2023-06-30T02:04:24+00:00","og_image":[{"width":640,"height":640,"url":"https:\/\/www.cncsheetmachine.com\/wp-content\/uploads\/2023\/05\/10.jpg","type":"image\/jpeg"}],"twitter_card":"summary_large_image","twitter_misc":{"Tiempo de lectura":"1 minuto"},"schema":{"@context":"https:\/\/schema.org","@graph":[{"@type":"WebPage","@id":"https:\/\/www.cncsheetmachine.com\/product\/manufacture-wheelbarrow-hydraulic-press\/","url":"https:\/\/www.cncsheetmachine.com\/product\/manufacture-wheelbarrow-hydraulic-press\/","name":"Fabricaci\u00f3n carretilla prensa hidr\u00e1ulica - JIUYING","isPartOf":{"@id":"https:\/\/www.cncsheetmachine.com\/en\/#website"},"primaryImageOfPage":{"@id":"https:\/\/www.cncsheetmachine.com\/product\/manufacture-wheelbarrow-hydraulic-press\/#primaryimage"},"image":{"@id":"https:\/\/www.cncsheetmachine.com\/product\/manufacture-wheelbarrow-hydraulic-press\/#primaryimage"},"thumbnailUrl":"https:\/\/www.cncsheetmachine.com\/wp-content\/uploads\/2023\/05\/10.jpg","datePublished":"2023-05-30T06:44:24+00:00","dateModified":"2023-06-30T02:04:24+00:00","breadcrumb":{"@id":"https:\/\/www.cncsheetmachine.com\/product\/manufacture-wheelbarrow-hydraulic-press\/#breadcrumb"},"inLanguage":"es","potentialAction":[{"@type":"ReadAction","target":["https:\/\/www.cncsheetmachine.com\/product\/manufacture-wheelbarrow-hydraulic-press\/"]}]},{"@type":"ImageObject","inLanguage":"es","@id":"https:\/\/www.cncsheetmachine.com\/product\/manufacture-wheelbarrow-hydraulic-press\/#primaryimage","url":"https:\/\/www.cncsheetmachine.com\/wp-content\/uploads\/2023\/05\/10.jpg","contentUrl":"https:\/\/www.cncsheetmachine.com\/wp-content\/uploads\/2023\/05\/10.jpg","width":640,"height":640,"caption":"Manufacture trolley hydraulic press"},{"@type":"BreadcrumbList","@id":"https:\/\/www.cncsheetmachine.com\/product\/manufacture-wheelbarrow-hydraulic-press\/#breadcrumb","itemListElement":[{"@type":"ListItem","position":1,"name":"Home","item":"https:\/\/www.cncsheetmachine.com\/en\/"},{"@type":"ListItem","position":2,"name":"Product","item":"https:\/\/www.cncsheetmachine.com\/en\/product\/"},{"@type":"ListItem","position":3,"name":"Manufacture wheelbarrow hydraulic press"}]},{"@type":"WebSite","@id":"https:\/\/www.cncsheetmachine.com\/en\/#website","url":"https:\/\/www.cncsheetmachine.com\/en\/","name":"JIUYING","description":"Sitio web oficial de Jiuying Hydraulic Press","publisher":{"@id":"https:\/\/www.cncsheetmachine.com\/en\/#organization"},"potentialAction":[{"@type":"SearchAction","target":{"@type":"EntryPoint","urlTemplate":"https:\/\/www.cncsheetmachine.com\/en\/?s={search_term_string}"},"query-input":{"@type":"PropertyValueSpecification","valueRequired":true,"valueName":"search_term_string"}}],"inLanguage":"es"},{"@type":"Organization","@id":"https:\/\/www.cncsheetmachine.com\/en\/#organization","name":"JIUYING","url":"https:\/\/www.cncsheetmachine.com\/en\/","logo":{"@type":"ImageObject","inLanguage":"es","@id":"https:\/\/www.cncsheetmachine.com\/en\/#\/schema\/logo\/image\/","url":"","contentUrl":"","caption":"JIUYING"},"image":{"@id":"https:\/\/www.cncsheetmachine.com\/en\/#\/schema\/logo\/image\/"},"sameAs":["https:\/\/www.facebook.com\/profile.php?id=100093426904136"]}]}},"_links":{"self":[{"href":"https:\/\/www.cncsheetmachine.com\/es\/wp-json\/wp\/v2\/product\/1821","targetHints":{"allow":["GET"]}}],"collection":[{"href":"https:\/\/www.cncsheetmachine.com\/es\/wp-json\/wp\/v2\/product"}],"about":[{"href":"https:\/\/www.cncsheetmachine.com\/es\/wp-json\/wp\/v2\/types\/product"}],"replies":[{"embeddable":true,"href":"https:\/\/www.cncsheetmachine.com\/es\/wp-json\/wp\/v2\/comments?post=1821"}],"version-history":[{"count":4,"href":"https:\/\/www.cncsheetmachine.com\/es\/wp-json\/wp\/v2\/product\/1821\/revisions"}],"predecessor-version":[{"id":2304,"href":"https:\/\/www.cncsheetmachine.com\/es\/wp-json\/wp\/v2\/product\/1821\/revisions\/2304"}],"wp:featuredmedia":[{"embeddable":true,"href":"https:\/\/www.cncsheetmachine.com\/es\/wp-json\/wp\/v2\/media\/1600"}],"wp:attachment":[{"href":"https:\/\/www.cncsheetmachine.com\/es\/wp-json\/wp\/v2\/media?parent=1821"}],"wp:term":[{"taxonomy":"product_brand","embeddable":true,"href":"https:\/\/www.cncsheetmachine.com\/es\/wp-json\/wp\/v2\/product_brand?post=1821"},{"taxonomy":"product_cat","embeddable":true,"href":"https:\/\/www.cncsheetmachine.com\/es\/wp-json\/wp\/v2\/product_cat?post=1821"},{"taxonomy":"product_tag","embeddable":true,"href":"https:\/\/www.cncsheetmachine.com\/es\/wp-json\/wp\/v2\/product_tag?post=1821"}],"curies":[{"name":"wp","href":"https:\/\/api.w.org\/{rel}","templated":true}]}}