{"id":1831,"date":"2023-05-30T14:54:11","date_gmt":"2023-05-30T06:54:11","guid":{"rendered":"https:\/\/www.cncsheetmachine.com\/?post_type=product&#038;p=1831"},"modified":"2023-07-04T09:22:05","modified_gmt":"2023-07-04T01:22:05","slug":"manufacture-of-sink-hydraulic-presses","status":"publish","type":"product","link":"https:\/\/www.cncsheetmachine.com\/es\/producto\/fabricacion-de-prensas-hidraulicas-de-fregadero\/","title":{"rendered":"Prensas hidr\u00e1ulicas para la producci\u00f3n de fregaderos"},"content":{"rendered":"<div class=\"J_module\">\n<div class=\"detail-decorate-json-renderer-container\">\n<div class=\"magic-0\">\n<div class=\"magic-1\">\n<div class=\"magic-2\">\n<div class=\"magic-3\"><b>Fabricaci\u00f3n de prensas hidr\u00e1ulicas de fregadero Puede hacer productos terminados<\/b><\/div>\n<\/div>\n<\/div>\n<\/div>\n<\/div>\n<\/div>\n<div class=\"J_module\">\n<div class=\"icbu-pc-images magic-5\">\n<div class=\"flex-layout-v\">\n<div class=\"flex-layout-h magic-5\">\n<div class=\"magic-24\">\n<p><img fetchpriority=\"high\" decoding=\"async\" class=\"wp-image-1834 size-full aligncenter\" src=\"https:\/\/www.cncsheetmachine.com\/wp-content\/uploads\/2023\/05\/H627657786fa448c394570d8fadf557ccG.jpg\" sizes=\"(max-width: 756px) 100vw, 756px\" srcset=\"https:\/\/www.cncsheetmachine.com\/wp-content\/uploads\/2023\/05\/H627657786fa448c394570d8fadf557ccG.jpg 756w, https:\/\/www.cncsheetmachine.com\/wp-content\/uploads\/2023\/05\/H627657786fa448c394570d8fadf557ccG-300x140.jpg 300w, https:\/\/www.cncsheetmachine.com\/wp-content\/uploads\/2023\/05\/H627657786fa448c394570d8fadf557ccG-600x279.jpg 600w\" alt=\"Prensas hidr\u00e1ulicas para la producci\u00f3n de fregaderos\" width=\"756\" height=\"352\" \/><\/p>\n<\/div>\n<\/div>\n<\/div>\n<\/div>\n<\/div>\n<div class=\"J_module\">\n<div class=\"detail-decorate-json-renderer-container\">\n<div class=\"magic-0\">\n<div class=\"magic-1\">\n<div class=\"magic-2\">\n<div class=\"magic-3\">\n<p><b>Prensa hidr\u00e1ulica utilizada para tanque de GLP y proporciona una l\u00ednea de producci\u00f3n completa<\/b><\/p>\n<div>\n<div><b>Detalles de producto<\/b><\/div>\n<\/div>\n<\/div>\n<\/div>\n<\/div>\n<\/div>\n<\/div>\n<\/div>\n<div class=\"J_module\">\n<div class=\"icbu-pc-images magic-5\">\n<div class=\"flex-layout-h\">\n<div class=\"flex-layout-v magic-26\">\n<div class=\"magic-27\">\n<p><img decoding=\"async\" class=\"wp-image-1835 size-medium aligncenter\" src=\"https:\/\/www.cncsheetmachine.com\/wp-content\/uploads\/2023\/05\/Detail-09-300x197.png\" sizes=\"(max-width: 300px) 100vw, 300px\" srcset=\"https:\/\/www.cncsheetmachine.com\/wp-content\/uploads\/2023\/05\/Detail-09-300x197.png 300w, https:\/\/www.cncsheetmachine.com\/wp-content\/uploads\/2023\/05\/Detail-09.png 380w\" alt=\"Prensas hidr\u00e1ulicas para la producci\u00f3n de fregaderos\" width=\"300\" height=\"197\" \/><\/p>\n<\/div>\n<\/div>\n<div class=\"text-wrapper magic-29\">\n<div class=\"text-wrapper-right text-theme-light text-align-left\">\n<div class=\"text-title\">\n<div><span class=\"magic-30\">\u00a0<\/span><\/div>\n<div><span class=\"magic-30\">\u00a0<\/span><\/div>\n<p><span class=\"magic-30\">Accesorios electricos<\/span><\/p>\n<\/div>\n<div class=\"text-content\">\n<div class=\"magic-8\">La selecci\u00f3n el\u00e9ctrica de marcas reconocidas como Delixi es segura y confiable. El circuito de la centralita est\u00e1 despejado. Est\u00e1 equipado con un rel\u00e9 de tiempo, que puede realizar un control de retardo. El diagrama esquem\u00e1tico el\u00e9ctrico se proporciona en el momento de la entrega, lo que hace que los clientes se sientan m\u00e1s c\u00f3modos y sin preocupaciones.<\/div>\n<\/div>\n<\/div>\n<\/div>\n<\/div>\n<\/div>\n<\/div>\n<div class=\"J_module\">\n<div class=\"icbu-pc-images magic-5\">\n<div class=\"flex-layout-h\">\n<div class=\"text-wrapper magic-31\">\n<div class=\"text-wrapper-left text-theme-light text-align-left\">\n<div class=\"text-title\">\n<div><span class=\"magic-30\">\u00a0<\/span><\/div>\n<div>\n<p><img decoding=\"async\" class=\"magic-33 aligncenter\" src=\"https:\/\/sc04.alicdn.com\/kf\/H9cf4b793a348460caca35b44b3bd2182U\/227306110\/H9cf4b793a348460caca35b44b3bd2182U.png\" alt=\"Prensas hidr\u00e1ulicas para la producci\u00f3n de fregaderos\" width=\"301\" height=\"212\" data-src=\"\/\/sc04.alicdn.com\/kf\/H9cf4b793a348460caca35b44b3bd2182U\/227306110\/H9cf4b793a348460caca35b44b3bd2182U.png\" \/><\/p>\n<\/div>\n<div><span class=\"magic-30\">\u00a0<\/span><\/div>\n<p><span class=\"magic-30\">Control de pantalla t\u00e1ctil PLC<\/span><\/p>\n<\/div>\n<div class=\"text-content\">\n<div class=\"magic-8\">Interfaz hombre-m\u00e1quina, a trav\u00e9s del sistema inteligente para controlar el ajuste de par\u00e1metros de toda la m\u00e1quina, las partes de la m\u00e1quina est\u00e1n funcionando y el ajuste de par\u00e1metros es conveniente.<\/div>\n<\/div>\n<\/div>\n<\/div>\n<div class=\"flex-layout-v magic-26\">\n<div class=\"magic-32\"><\/div>\n<\/div>\n<\/div>\n<\/div>\n<\/div>\n<div class=\"J_module\">\n<div class=\"icbu-pc-images magic-5\">\n<div class=\"flex-layout-h\">\n<div class=\"flex-layout-v magic-26\">\n<div class=\"magic-34\">\n<p><img loading=\"lazy\" decoding=\"async\" class=\"wp-image-1837 size-medium aligncenter\" src=\"https:\/\/www.cncsheetmachine.com\/wp-content\/uploads\/2023\/05\/Detail-11-300x203.png\" sizes=\"(max-width: 300px) 100vw, 300px\" srcset=\"https:\/\/www.cncsheetmachine.com\/wp-content\/uploads\/2023\/05\/Detail-11-300x203.png 300w, https:\/\/www.cncsheetmachine.com\/wp-content\/uploads\/2023\/05\/Detail-11.png 362w\" alt=\"Prensas hidr\u00e1ulicas para la producci\u00f3n de fregaderos\" width=\"300\" height=\"203\" \/><\/p>\n<\/div>\n<\/div>\n<div class=\"text-wrapper magic-29\">\n<div class=\"text-wrapper-right text-theme-light text-align-left\">\n<div class=\"text-title\">\n<div><span class=\"magic-30\">\u00a0<\/span><\/div>\n<div><span class=\"magic-30\">\u00a0<\/span><\/div>\n<p><span class=\"magic-30\">Sistema de v\u00e1lvula de cartucho<\/span><\/p>\n<\/div>\n<div class=\"text-content\">\n<div class=\"magic-8\">El sistema integrado de v\u00e1lvula de cartucho se adopta para reducir los puntos de fuga, una acci\u00f3n confiable y una larga vida \u00fatil. La v\u00e1lvula de cartucho de dos v\u00edas controla la direcci\u00f3n del flujo y la presi\u00f3n del aceite hidr\u00e1ulico para que la presi\u00f3n sea m\u00e1s estable.<\/div>\n<\/div>\n<\/div>\n<\/div>\n<\/div>\n<\/div>\n<\/div>\n<div class=\"J_module\">\n<div class=\"icbu-pc-images magic-5\">\n<div class=\"flex-layout-h\">\n<div class=\"text-wrapper magic-31\">\n<div class=\"text-wrapper-left text-theme-light text-align-left\">\n<div class=\"text-title\">\n<div>\n<p><img loading=\"lazy\" decoding=\"async\" class=\"wp-image-1838 size-medium aligncenter\" src=\"https:\/\/www.cncsheetmachine.com\/wp-content\/uploads\/2023\/05\/Detail-12-300x258.png\" sizes=\"(max-width: 300px) 100vw, 300px\" srcset=\"https:\/\/www.cncsheetmachine.com\/wp-content\/uploads\/2023\/05\/Detail-12-300x258.png 300w, https:\/\/www.cncsheetmachine.com\/wp-content\/uploads\/2023\/05\/Detail-12.png 466w\" alt=\"Prensas hidr\u00e1ulicas para la producci\u00f3n de fregaderos\" width=\"300\" height=\"258\" \/><\/p>\n<\/div>\n<p><span class=\"magic-30\">Parte anfitriona<\/span><\/p>\n<\/div>\n<div class=\"text-content\">\n<div class=\"magic-8\">Todas las partes estructurales principales del fuselaje adoptan una estructura de soldadura de placa de acero, y la soldadura adopta una soldadura protegida con gas de di\u00f3xido de carbono para eliminar la tensi\u00f3n interna despu\u00e9s de la soldadura.<\/div>\n<\/div>\n<\/div>\n<\/div>\n<div class=\"flex-layout-v magic-26\">\n<div class=\"magic-36\"><\/div>\n<\/div>\n<\/div>\n<\/div>\n<\/div>\n<div class=\"J_module\">\n<div class=\"icbu-pc-images magic-5\">\n<div class=\"flex-layout-h\">\n<div class=\"flex-layout-v magic-26\">\n<div class=\"magic-38\"><img loading=\"lazy\" decoding=\"async\" class=\"size-medium wp-image-1839 aligncenter\" src=\"https:\/\/www.cncsheetmachine.com\/wp-content\/uploads\/2023\/05\/Detail-13-300x249.png\" sizes=\"(max-width: 300px) 100vw, 300px\" srcset=\"https:\/\/www.cncsheetmachine.com\/wp-content\/uploads\/2023\/05\/Detail-13-300x249.png 300w, https:\/\/www.cncsheetmachine.com\/wp-content\/uploads\/2023\/05\/Detail-13.png 480w\" alt=\"\" width=\"300\" height=\"249\" \/><\/div>\n<\/div>\n<div class=\"text-wrapper magic-29\">\n<div class=\"text-wrapper-right text-theme-light text-align-left\">\n<div class=\"text-title\">\n<div><\/div>\n<p><span class=\"magic-30\">Sistema hidr\u00e1ulico<\/span><\/p>\n<\/div>\n<div class=\"text-content\">\n<div class=\"magic-8\">El sistema hidr\u00e1ulico se compone principalmente de bombas, bloques de v\u00e1lvulas, v\u00e1lvulas de llenado, sistemas de refrigeraci\u00f3n y filtrado, tuber\u00edas, etc., con la ayuda del sistema de control el\u00e9ctrico para controlar diversas acciones de la prensa hidr\u00e1ulica.<\/div>\n<\/div>\n<\/div>\n<\/div>\n<\/div>\n<\/div>\n<\/div>\n<div class=\"J_module\">\n<div class=\"detail-decorate-json-renderer-container\">\n<div class=\"magic-0\">\n<div class=\"magic-1\">\n<div class=\"magic-2\">\n<div class=\"magic-3\">\u00bfQuieres conocer esta m\u00e1quina m\u00e1s informaci\u00f3n! Cont\u00e1ctenos&gt;&gt;<\/div>\n<\/div>\n<\/div>\n<\/div>\n<\/div>\n<\/div>\n<div class=\"J_module\">\n<div class=\"icbu-pc-images magic-5\">\n<div class=\"flex-layout-v\">\n<div class=\"flex-layout-h magic-5\">\n<div class=\"magic-40\"><img loading=\"lazy\" decoding=\"async\" class=\"size-medium wp-image-1830 aligncenter\" src=\"https:\/\/www.cncsheetmachine.com\/wp-content\/uploads\/2023\/05\/\u62c9\u4f38\u673a-1-300x300.jpeg\" alt=\"\" width=\"300\" height=\"300\" srcset=\"https:\/\/www.cncsheetmachine.com\/wp-content\/uploads\/2023\/05\/\u62c9\u4f38\u673a-1-300x300.jpeg 300w, https:\/\/www.cncsheetmachine.com\/wp-content\/uploads\/2023\/05\/\u62c9\u4f38\u673a-1-150x150.jpeg 150w, https:\/\/www.cncsheetmachine.com\/wp-content\/uploads\/2023\/05\/\u62c9\u4f38\u673a-1-600x600.jpeg 600w, https:\/\/www.cncsheetmachine.com\/wp-content\/uploads\/2023\/05\/\u62c9\u4f38\u673a-1-100x100.jpeg 100w, https:\/\/www.cncsheetmachine.com\/wp-content\/uploads\/2023\/05\/\u62c9\u4f38\u673a-1.jpeg 750w\" sizes=\"(max-width: 300px) 100vw, 300px\" \/><\/div>\n<\/div>\n<\/div>\n<\/div>\n<\/div>","protected":false},"excerpt":{"rendered":"<p>Manufacture of sink hydraulic presses Can make finished products Hydraulic press used for ipg tank and provide complete producing line Product details \u00a0 \u00a0 Electrical accessories The electrical selection of well-known brands such as Delixi is safe and reliable. The switchboard circuit is clear. It is equipped with a time relay, which can realize delay [&hellip;]<\/p>","protected":false},"featured_media":1601,"comment_status":"open","ping_status":"closed","template":"","meta":{"site-sidebar-layout":"default","site-content-layout":"default","ast-site-content-layout":"default","site-content-style":"default","site-sidebar-style":"default","ast-global-header-display":"","ast-banner-title-visibility":"","ast-main-header-display":"","ast-hfb-above-header-display":"","ast-hfb-below-header-display":"","ast-hfb-mobile-header-display":"","site-post-title":"","ast-breadcrumbs-content":"","ast-featured-img":"","footer-sml-layout":"","ast-disable-related-posts":"","theme-transparent-header-meta":"default","adv-header-id-meta":"","stick-header-meta":"","header-above-stick-meta":"","header-main-stick-meta":"","header-below-stick-meta":"","astra-migrate-meta-layouts":"default","ast-page-background-enabled":"default","ast-page-background-meta":{"desktop":{"background-color":"var(--ast-global-color-4)","background-image":"","background-repeat":"repeat","background-position":"center center","background-size":"auto","background-attachment":"scroll","background-type":"","background-media":"","overlay-type":"","overlay-color":"","overlay-opacity":"","overlay-gradient":""},"tablet":{"background-color":"","background-image":"","background-repeat":"repeat","background-position":"center center","background-size":"auto","background-attachment":"scroll","background-type":"","background-media":"","overlay-type":"","overlay-color":"","overlay-opacity":"","overlay-gradient":""},"mobile":{"background-color":"","background-image":"","background-repeat":"repeat","background-position":"center center","background-size":"auto","background-attachment":"scroll","background-type":"","background-media":"","overlay-type":"","overlay-color":"","overlay-opacity":"","overlay-gradient":""}},"ast-content-background-meta":{"desktop":{"background-color":"var(--ast-global-color-5)","background-image":"","background-repeat":"repeat","background-position":"center center","background-size":"auto","background-attachment":"scroll","background-type":"","background-media":"","overlay-type":"","overlay-color":"","overlay-opacity":"","overlay-gradient":""},"tablet":{"background-color":"var(--ast-global-color-5)","background-image":"","background-repeat":"repeat","background-position":"center center","background-size":"auto","background-attachment":"scroll","background-type":"","background-media":"","overlay-type":"","overlay-color":"","overlay-opacity":"","overlay-gradient":""},"mobile":{"background-color":"var(--ast-global-color-5)","background-image":"","background-repeat":"repeat","background-position":"center center","background-size":"auto","background-attachment":"scroll","background-type":"","background-media":"","overlay-type":"","overlay-color":"","overlay-opacity":"","overlay-gradient":""}}},"product_brand":[],"product_cat":[41],"product_tag":[],"class_list":{"0":"post-1831","1":"product","2":"type-product","3":"status-publish","4":"has-post-thumbnail","6":"product_cat-hydraulic-press","7":"desktop-align-left","8":"tablet-align-left","9":"mobile-align-left","10":"ast-product-gallery-layout-horizontal-slider","11":"ast-product-gallery-with-no-image","13":"first","14":"instock","15":"shipping-taxable","16":"product-type-simple"},"yoast_head":"<!-- This site is optimized with the Yoast SEO plugin v27.4 - https:\/\/yoast.com\/product\/yoast-seo-wordpress\/ -->\n<title>Manufacture of sink hydraulic presses - JIUYING<\/title>\n<meta name=\"robots\" content=\"index, follow, max-snippet:-1, max-image-preview:large, max-video-preview:-1\" \/>\n<link rel=\"canonical\" href=\"https:\/\/www.cncsheetmachine.com\/es\/producto\/fabricacion-de-prensas-hidraulicas-de-fregadero\/\" \/>\n<meta property=\"og:locale\" content=\"es_ES\" \/>\n<meta property=\"og:type\" content=\"article\" \/>\n<meta property=\"og:title\" content=\"Manufacture of sink hydraulic presses - JIUYING\" \/>\n<meta property=\"og:description\" content=\"Manufacture of sink hydraulic presses Can make finished products Hydraulic press used for ipg tank and provide complete producing line Product details \u00a0 \u00a0 Electrical accessories The electrical selection of well-known brands such as Delixi is safe and reliable. The switchboard circuit is clear. It is equipped with a time relay, which can realize delay [&hellip;]\" \/>\n<meta property=\"og:url\" content=\"https:\/\/www.cncsheetmachine.com\/es\/producto\/fabricacion-de-prensas-hidraulicas-de-fregadero\/\" \/>\n<meta property=\"og:site_name\" content=\"JIUYING\" \/>\n<meta property=\"article:publisher\" content=\"https:\/\/www.facebook.com\/profile.php?id=100093426904136\" \/>\n<meta property=\"article:modified_time\" content=\"2023-07-04T01:22:05+00:00\" \/>\n<meta property=\"og:image\" content=\"https:\/\/www.cncsheetmachine.com\/wp-content\/uploads\/2023\/05\/1-21112315120EP.jpg\" \/>\n\t<meta property=\"og:image:width\" content=\"600\" \/>\n\t<meta property=\"og:image:height\" content=\"600\" \/>\n\t<meta property=\"og:image:type\" content=\"image\/jpeg\" \/>\n<meta name=\"twitter:card\" content=\"summary_large_image\" \/>\n<meta name=\"twitter:label1\" content=\"Tiempo de lectura\" \/>\n\t<meta name=\"twitter:data1\" content=\"1 minuto\" \/>\n<script type=\"application\/ld+json\" class=\"yoast-schema-graph\">{\"@context\":\"https:\\\/\\\/schema.org\",\"@graph\":[{\"@type\":\"WebPage\",\"@id\":\"https:\\\/\\\/www.cncsheetmachine.com\\\/product\\\/manufacture-of-sink-hydraulic-presses\\\/\",\"url\":\"https:\\\/\\\/www.cncsheetmachine.com\\\/product\\\/manufacture-of-sink-hydraulic-presses\\\/\",\"name\":\"Manufacture of sink hydraulic presses - JIUYING\",\"isPartOf\":{\"@id\":\"https:\\\/\\\/www.cncsheetmachine.com\\\/en\\\/#website\"},\"primaryImageOfPage\":{\"@id\":\"https:\\\/\\\/www.cncsheetmachine.com\\\/product\\\/manufacture-of-sink-hydraulic-presses\\\/#primaryimage\"},\"image\":{\"@id\":\"https:\\\/\\\/www.cncsheetmachine.com\\\/product\\\/manufacture-of-sink-hydraulic-presses\\\/#primaryimage\"},\"thumbnailUrl\":\"https:\\\/\\\/www.cncsheetmachine.com\\\/wp-content\\\/uploads\\\/2023\\\/05\\\/1-21112315120EP.jpg\",\"datePublished\":\"2023-05-30T06:54:11+00:00\",\"dateModified\":\"2023-07-04T01:22:05+00:00\",\"breadcrumb\":{\"@id\":\"https:\\\/\\\/www.cncsheetmachine.com\\\/product\\\/manufacture-of-sink-hydraulic-presses\\\/#breadcrumb\"},\"inLanguage\":\"es\",\"potentialAction\":[{\"@type\":\"ReadAction\",\"target\":[\"https:\\\/\\\/www.cncsheetmachine.com\\\/product\\\/manufacture-of-sink-hydraulic-presses\\\/\"]}]},{\"@type\":\"ImageObject\",\"inLanguage\":\"es\",\"@id\":\"https:\\\/\\\/www.cncsheetmachine.com\\\/product\\\/manufacture-of-sink-hydraulic-presses\\\/#primaryimage\",\"url\":\"https:\\\/\\\/www.cncsheetmachine.com\\\/wp-content\\\/uploads\\\/2023\\\/05\\\/1-21112315120EP.jpg\",\"contentUrl\":\"https:\\\/\\\/www.cncsheetmachine.com\\\/wp-content\\\/uploads\\\/2023\\\/05\\\/1-21112315120EP.jpg\",\"width\":600,\"height\":600,\"caption\":\"Manufacture of sink hydraulic presses\"},{\"@type\":\"BreadcrumbList\",\"@id\":\"https:\\\/\\\/www.cncsheetmachine.com\\\/product\\\/manufacture-of-sink-hydraulic-presses\\\/#breadcrumb\",\"itemListElement\":[{\"@type\":\"ListItem\",\"position\":1,\"name\":\"Home\",\"item\":\"https:\\\/\\\/www.cncsheetmachine.com\\\/en\\\/\"},{\"@type\":\"ListItem\",\"position\":2,\"name\":\"Product\",\"item\":\"https:\\\/\\\/www.cncsheetmachine.com\\\/en\\\/product\\\/\"},{\"@type\":\"ListItem\",\"position\":3,\"name\":\"Manufacture of sink hydraulic presses\"}]},{\"@type\":\"WebSite\",\"@id\":\"https:\\\/\\\/www.cncsheetmachine.com\\\/en\\\/#website\",\"url\":\"https:\\\/\\\/www.cncsheetmachine.com\\\/en\\\/\",\"name\":\"JIUYING\",\"description\":\"Jiuying Hydraulic Press Official Website\",\"publisher\":{\"@id\":\"https:\\\/\\\/www.cncsheetmachine.com\\\/en\\\/#organization\"},\"potentialAction\":[{\"@type\":\"SearchAction\",\"target\":{\"@type\":\"EntryPoint\",\"urlTemplate\":\"https:\\\/\\\/www.cncsheetmachine.com\\\/en\\\/?s={search_term_string}\"},\"query-input\":{\"@type\":\"PropertyValueSpecification\",\"valueRequired\":true,\"valueName\":\"search_term_string\"}}],\"inLanguage\":\"es\"},{\"@type\":\"Organization\",\"@id\":\"https:\\\/\\\/www.cncsheetmachine.com\\\/en\\\/#organization\",\"name\":\"JIUYING\",\"url\":\"https:\\\/\\\/www.cncsheetmachine.com\\\/en\\\/\",\"logo\":{\"@type\":\"ImageObject\",\"inLanguage\":\"es\",\"@id\":\"https:\\\/\\\/www.cncsheetmachine.com\\\/en\\\/#\\\/schema\\\/logo\\\/image\\\/\",\"url\":\"\",\"contentUrl\":\"\",\"caption\":\"JIUYING\"},\"image\":{\"@id\":\"https:\\\/\\\/www.cncsheetmachine.com\\\/en\\\/#\\\/schema\\\/logo\\\/image\\\/\"},\"sameAs\":[\"https:\\\/\\\/www.facebook.com\\\/profile.php?id=100093426904136\"]}]}<\/script>\n<!-- \/ Yoast SEO plugin. -->","yoast_head_json":{"title":"Fabricaci\u00f3n de prensas hidr\u00e1ulicas de fregadero - JIUYING","robots":{"index":"index","follow":"follow","max-snippet":"max-snippet:-1","max-image-preview":"max-image-preview:large","max-video-preview":"max-video-preview:-1"},"canonical":"https:\/\/www.cncsheetmachine.com\/es\/producto\/fabricacion-de-prensas-hidraulicas-de-fregadero\/","og_locale":"es_ES","og_type":"article","og_title":"Manufacture of sink hydraulic presses - JIUYING","og_description":"Manufacture of sink hydraulic presses Can make finished products Hydraulic press used for ipg tank and provide complete producing line Product details \u00a0 \u00a0 Electrical accessories The electrical selection of well-known brands such as Delixi is safe and reliable. The switchboard circuit is clear. It is equipped with a time relay, which can realize delay [&hellip;]","og_url":"https:\/\/www.cncsheetmachine.com\/es\/producto\/fabricacion-de-prensas-hidraulicas-de-fregadero\/","og_site_name":"JIUYING","article_publisher":"https:\/\/www.facebook.com\/profile.php?id=100093426904136","article_modified_time":"2023-07-04T01:22:05+00:00","og_image":[{"width":600,"height":600,"url":"https:\/\/www.cncsheetmachine.com\/wp-content\/uploads\/2023\/05\/1-21112315120EP.jpg","type":"image\/jpeg"}],"twitter_card":"summary_large_image","twitter_misc":{"Tiempo de lectura":"1 minuto"},"schema":{"@context":"https:\/\/schema.org","@graph":[{"@type":"WebPage","@id":"https:\/\/www.cncsheetmachine.com\/product\/manufacture-of-sink-hydraulic-presses\/","url":"https:\/\/www.cncsheetmachine.com\/product\/manufacture-of-sink-hydraulic-presses\/","name":"Fabricaci\u00f3n de prensas hidr\u00e1ulicas de fregadero - JIUYING","isPartOf":{"@id":"https:\/\/www.cncsheetmachine.com\/en\/#website"},"primaryImageOfPage":{"@id":"https:\/\/www.cncsheetmachine.com\/product\/manufacture-of-sink-hydraulic-presses\/#primaryimage"},"image":{"@id":"https:\/\/www.cncsheetmachine.com\/product\/manufacture-of-sink-hydraulic-presses\/#primaryimage"},"thumbnailUrl":"https:\/\/www.cncsheetmachine.com\/wp-content\/uploads\/2023\/05\/1-21112315120EP.jpg","datePublished":"2023-05-30T06:54:11+00:00","dateModified":"2023-07-04T01:22:05+00:00","breadcrumb":{"@id":"https:\/\/www.cncsheetmachine.com\/product\/manufacture-of-sink-hydraulic-presses\/#breadcrumb"},"inLanguage":"es","potentialAction":[{"@type":"ReadAction","target":["https:\/\/www.cncsheetmachine.com\/product\/manufacture-of-sink-hydraulic-presses\/"]}]},{"@type":"ImageObject","inLanguage":"es","@id":"https:\/\/www.cncsheetmachine.com\/product\/manufacture-of-sink-hydraulic-presses\/#primaryimage","url":"https:\/\/www.cncsheetmachine.com\/wp-content\/uploads\/2023\/05\/1-21112315120EP.jpg","contentUrl":"https:\/\/www.cncsheetmachine.com\/wp-content\/uploads\/2023\/05\/1-21112315120EP.jpg","width":600,"height":600,"caption":"Manufacture of sink hydraulic presses"},{"@type":"BreadcrumbList","@id":"https:\/\/www.cncsheetmachine.com\/product\/manufacture-of-sink-hydraulic-presses\/#breadcrumb","itemListElement":[{"@type":"ListItem","position":1,"name":"Home","item":"https:\/\/www.cncsheetmachine.com\/en\/"},{"@type":"ListItem","position":2,"name":"Product","item":"https:\/\/www.cncsheetmachine.com\/en\/product\/"},{"@type":"ListItem","position":3,"name":"Manufacture of sink hydraulic presses"}]},{"@type":"WebSite","@id":"https:\/\/www.cncsheetmachine.com\/en\/#website","url":"https:\/\/www.cncsheetmachine.com\/en\/","name":"JIUYING","description":"Sitio web oficial de Jiuying Hydraulic Press","publisher":{"@id":"https:\/\/www.cncsheetmachine.com\/en\/#organization"},"potentialAction":[{"@type":"SearchAction","target":{"@type":"EntryPoint","urlTemplate":"https:\/\/www.cncsheetmachine.com\/en\/?s={search_term_string}"},"query-input":{"@type":"PropertyValueSpecification","valueRequired":true,"valueName":"search_term_string"}}],"inLanguage":"es"},{"@type":"Organization","@id":"https:\/\/www.cncsheetmachine.com\/en\/#organization","name":"JIUYING","url":"https:\/\/www.cncsheetmachine.com\/en\/","logo":{"@type":"ImageObject","inLanguage":"es","@id":"https:\/\/www.cncsheetmachine.com\/en\/#\/schema\/logo\/image\/","url":"","contentUrl":"","caption":"JIUYING"},"image":{"@id":"https:\/\/www.cncsheetmachine.com\/en\/#\/schema\/logo\/image\/"},"sameAs":["https:\/\/www.facebook.com\/profile.php?id=100093426904136"]}]}},"_links":{"self":[{"href":"https:\/\/www.cncsheetmachine.com\/es\/wp-json\/wp\/v2\/product\/1831","targetHints":{"allow":["GET"]}}],"collection":[{"href":"https:\/\/www.cncsheetmachine.com\/es\/wp-json\/wp\/v2\/product"}],"about":[{"href":"https:\/\/www.cncsheetmachine.com\/es\/wp-json\/wp\/v2\/types\/product"}],"replies":[{"embeddable":true,"href":"https:\/\/www.cncsheetmachine.com\/es\/wp-json\/wp\/v2\/comments?post=1831"}],"version-history":[{"count":3,"href":"https:\/\/www.cncsheetmachine.com\/es\/wp-json\/wp\/v2\/product\/1831\/revisions"}],"predecessor-version":[{"id":2320,"href":"https:\/\/www.cncsheetmachine.com\/es\/wp-json\/wp\/v2\/product\/1831\/revisions\/2320"}],"wp:featuredmedia":[{"embeddable":true,"href":"https:\/\/www.cncsheetmachine.com\/es\/wp-json\/wp\/v2\/media\/1601"}],"wp:attachment":[{"href":"https:\/\/www.cncsheetmachine.com\/es\/wp-json\/wp\/v2\/media?parent=1831"}],"wp:term":[{"taxonomy":"product_brand","embeddable":true,"href":"https:\/\/www.cncsheetmachine.com\/es\/wp-json\/wp\/v2\/product_brand?post=1831"},{"taxonomy":"product_cat","embeddable":true,"href":"https:\/\/www.cncsheetmachine.com\/es\/wp-json\/wp\/v2\/product_cat?post=1831"},{"taxonomy":"product_tag","embeddable":true,"href":"https:\/\/www.cncsheetmachine.com\/es\/wp-json\/wp\/v2\/product_tag?post=1831"}],"curies":[{"name":"wp","href":"https:\/\/api.w.org\/{rel}","templated":true}]}}