{"id":1840,"date":"2023-05-30T15:56:32","date_gmt":"2023-05-30T07:56:32","guid":{"rendered":"https:\/\/www.cncsheetmachine.com\/?post_type=product&#038;p=1840"},"modified":"2023-07-03T11:24:02","modified_gmt":"2023-07-03T03:24:02","slug":"manufacture-lpg-tank-hydraulic-press","status":"publish","type":"product","link":"https:\/\/www.cncsheetmachine.com\/es\/producto\/fabricacion-tanque-glp-prensa-hidraulica\/","title":{"rendered":"Prensas hidr\u00e1ulicas para dep\u00f3sitos de LPG"},"content":{"rendered":"<p>Como una de las m\u00e1quinas \/ equipos profesionales de la l\u00ednea de producci\u00f3n de tanques \/ cilindros de gas licuado de petr\u00f3leo, este producto desempe\u00f1a un papel muy importante. Si desea obtener m\u00e1s informaci\u00f3n sobre las m\u00e1quinas \/ equipos de la l\u00ednea de producci\u00f3n de tanques \/ cilindros de glp, puede hacer clic para ver los detalles o ponerse en contacto con nosotros directamente.<\/p>\n<p><img fetchpriority=\"high\" decoding=\"async\" class=\"aligncenter wp-image-1882 size-full\" src=\"https:\/\/www.cncsheetmachine.com\/wp-content\/uploads\/2023\/05\/H100c765ca43f479bad479479e2661a27R.jpg\" alt=\"\" width=\"900\" height=\"600\" srcset=\"https:\/\/www.cncsheetmachine.com\/wp-content\/uploads\/2023\/05\/H100c765ca43f479bad479479e2661a27R.jpg 900w, https:\/\/www.cncsheetmachine.com\/wp-content\/uploads\/2023\/05\/H100c765ca43f479bad479479e2661a27R-300x200.jpg 300w, https:\/\/www.cncsheetmachine.com\/wp-content\/uploads\/2023\/05\/H100c765ca43f479bad479479e2661a27R-768x512.jpg 768w, https:\/\/www.cncsheetmachine.com\/wp-content\/uploads\/2023\/05\/H100c765ca43f479bad479479e2661a27R-600x400.jpg 600w\" sizes=\"(max-width: 900px) 100vw, 900px\" \/><\/p>\n<p><strong>Fabricaci\u00f3n de detalles del producto de la prensa hidr\u00e1ulica del tanque de LPG<\/strong><\/p>\n<p><strong>servosistema<\/strong><br \/>\nEl sistema de bomba de aceite servo combina las caracter\u00edsticas de regulaci\u00f3n de velocidad r\u00e1pida y continua del servomotor y las caracter\u00edsticas de presi\u00f3n de aceite autorregulable de la bomba de aceite hidr\u00e1ulico, lo que brinda un gran potencial de ahorro de energ\u00eda, con una tasa de ahorro de energ\u00eda de hasta 30% -80%<br \/>\n<strong>Sistema de v\u00e1lvula de cartucho<\/strong><br \/>\nAdoptando un sistema integrado con v\u00e1lvulas enchufables, reduciendo los puntos de fuga y asegurando un funcionamiento confiable y una larga vida \u00fatil. La v\u00e1lvula enchufable de dos v\u00edas controla el flujo y la presi\u00f3n del aceite hidr\u00e1ulico, lo que garantiza una presi\u00f3n estable.<br \/>\n<strong>Sistema operativo<\/strong><br \/>\nEl sistema de control hidr\u00e1ulico y el\u00e9ctrico independiente, mediante el control centralizado de botones, puede lograr dos procesos de formaci\u00f3n: carrera fija y presi\u00f3n constante, con visualizaci\u00f3n de presi\u00f3n, carrera, ajuste de presi\u00f3n y otras funciones<br \/>\n<strong>Accesorios electricos<\/strong><br \/>\nSchneider es seleccionado por su dise\u00f1o el\u00e9ctrico, que es seguro y confiable. El circuito del tablero de distribuci\u00f3n es claro y el diagrama esquem\u00e1tico el\u00e9ctrico se proporciona cuando se realiza el env\u00edo, lo que lo hace m\u00e1s c\u00f3modo y libre de preocupaciones para los clientes.<br \/>\n<strong>Estaci\u00f3n de bombeo hidr\u00e1ulico<\/strong><br \/>\nLas bombas hidr\u00e1ulicas se pueden fabricar en estructuras integrales o divididas seg\u00fan las necesidades del cliente, utilizando cuatro tipos de bombas de salida de presi\u00f3n: baja presi\u00f3n, media presi\u00f3n, alta presi\u00f3n y ultra alta presi\u00f3n.<\/p>\n<p><strong>Fabricaci\u00f3n de prensas hidr\u00e1ulicas con dep\u00f3sito de LPG Opciones<\/strong><\/p>\n<p><img decoding=\"async\" class=\"alignnone wp-image-1843 size-full aligncenter\" src=\"https:\/\/www.cncsheetmachine.com\/wp-content\/uploads\/2023\/05\/\u5fae\u4fe1\u622a\u56fe_20230530154609.jpg\" alt=\"\" width=\"773\" height=\"179\" srcset=\"https:\/\/www.cncsheetmachine.com\/wp-content\/uploads\/2023\/05\/\u5fae\u4fe1\u622a\u56fe_20230530154609.jpg 773w, https:\/\/www.cncsheetmachine.com\/wp-content\/uploads\/2023\/05\/\u5fae\u4fe1\u622a\u56fe_20230530154609-300x69.jpg 300w, https:\/\/www.cncsheetmachine.com\/wp-content\/uploads\/2023\/05\/\u5fae\u4fe1\u622a\u56fe_20230530154609-768x178.jpg 768w, https:\/\/www.cncsheetmachine.com\/wp-content\/uploads\/2023\/05\/\u5fae\u4fe1\u622a\u56fe_20230530154609-600x139.jpg 600w\" sizes=\"(max-width: 773px) 100vw, 773px\" \/><\/p>\n<p style=\"text-align: center;\"><img decoding=\"async\" class=\"alignnone wp-image-1844 size-full\" src=\"https:\/\/www.cncsheetmachine.com\/wp-content\/uploads\/2023\/05\/\u5fae\u4fe1\u622a\u56fe_20230530154634.jpg\" alt=\"\" width=\"779\" height=\"178\" srcset=\"https:\/\/www.cncsheetmachine.com\/wp-content\/uploads\/2023\/05\/\u5fae\u4fe1\u622a\u56fe_20230530154634.jpg 779w, https:\/\/www.cncsheetmachine.com\/wp-content\/uploads\/2023\/05\/\u5fae\u4fe1\u622a\u56fe_20230530154634-300x69.jpg 300w, https:\/\/www.cncsheetmachine.com\/wp-content\/uploads\/2023\/05\/\u5fae\u4fe1\u622a\u56fe_20230530154634-768x175.jpg 768w, https:\/\/www.cncsheetmachine.com\/wp-content\/uploads\/2023\/05\/\u5fae\u4fe1\u622a\u56fe_20230530154634-600x137.jpg 600w\" sizes=\"(max-width: 779px) 100vw, 779px\" \/><\/p>\n<p><img loading=\"lazy\" decoding=\"async\" class=\"alignnone wp-image-1845 size-full aligncenter\" src=\"https:\/\/www.cncsheetmachine.com\/wp-content\/uploads\/2023\/05\/\u5fae\u4fe1\u622a\u56fe_20230530154648.jpg\" alt=\"\" width=\"779\" height=\"181\" srcset=\"https:\/\/www.cncsheetmachine.com\/wp-content\/uploads\/2023\/05\/\u5fae\u4fe1\u622a\u56fe_20230530154648.jpg 779w, https:\/\/www.cncsheetmachine.com\/wp-content\/uploads\/2023\/05\/\u5fae\u4fe1\u622a\u56fe_20230530154648-300x70.jpg 300w, https:\/\/www.cncsheetmachine.com\/wp-content\/uploads\/2023\/05\/\u5fae\u4fe1\u622a\u56fe_20230530154648-768x178.jpg 768w, https:\/\/www.cncsheetmachine.com\/wp-content\/uploads\/2023\/05\/\u5fae\u4fe1\u622a\u56fe_20230530154648-600x139.jpg 600w\" sizes=\"(max-width: 779px) 100vw, 779px\" \/><\/p>","protected":false},"excerpt":{"rendered":"<p>Como una de las m\u00e1quinas\/equipos profesionales de la l\u00ednea de producci\u00f3n de cilindros\/tanques de gas GLP, este producto tiene un papel muy importante. Si desea saber m\u00e1s acerca de las m\u00e1quinas\/equipos para l\u00ednea de producci\u00f3n de cilindros\/tanques de gas LPG, puede hacer clic para ver los detalles, o contactarnos directamente. Fabricaci\u00f3n del producto Prensa hidr\u00e1ulica para tanque de GLP Detalles Servo sistema El servo sistema de bomba de aceite combina [...]<\/p>","protected":false},"featured_media":1602,"comment_status":"open","ping_status":"closed","template":"","meta":{"site-sidebar-layout":"default","site-content-layout":"default","ast-site-content-layout":"default","site-content-style":"default","site-sidebar-style":"default","ast-global-header-display":"","ast-banner-title-visibility":"","ast-main-header-display":"","ast-hfb-above-header-display":"","ast-hfb-below-header-display":"","ast-hfb-mobile-header-display":"","site-post-title":"","ast-breadcrumbs-content":"","ast-featured-img":"","footer-sml-layout":"","ast-disable-related-posts":"","theme-transparent-header-meta":"default","adv-header-id-meta":"","stick-header-meta":"","header-above-stick-meta":"","header-main-stick-meta":"","header-below-stick-meta":"","astra-migrate-meta-layouts":"default","ast-page-background-enabled":"default","ast-page-background-meta":{"desktop":{"background-color":"var(--ast-global-color-4)","background-image":"","background-repeat":"repeat","background-position":"center center","background-size":"auto","background-attachment":"scroll","background-type":"","background-media":"","overlay-type":"","overlay-color":"","overlay-opacity":"","overlay-gradient":""},"tablet":{"background-color":"","background-image":"","background-repeat":"repeat","background-position":"center center","background-size":"auto","background-attachment":"scroll","background-type":"","background-media":"","overlay-type":"","overlay-color":"","overlay-opacity":"","overlay-gradient":""},"mobile":{"background-color":"","background-image":"","background-repeat":"repeat","background-position":"center center","background-size":"auto","background-attachment":"scroll","background-type":"","background-media":"","overlay-type":"","overlay-color":"","overlay-opacity":"","overlay-gradient":""}},"ast-content-background-meta":{"desktop":{"background-color":"var(--ast-global-color-5)","background-image":"","background-repeat":"repeat","background-position":"center center","background-size":"auto","background-attachment":"scroll","background-type":"","background-media":"","overlay-type":"","overlay-color":"","overlay-opacity":"","overlay-gradient":""},"tablet":{"background-color":"var(--ast-global-color-5)","background-image":"","background-repeat":"repeat","background-position":"center center","background-size":"auto","background-attachment":"scroll","background-type":"","background-media":"","overlay-type":"","overlay-color":"","overlay-opacity":"","overlay-gradient":""},"mobile":{"background-color":"var(--ast-global-color-5)","background-image":"","background-repeat":"repeat","background-position":"center center","background-size":"auto","background-attachment":"scroll","background-type":"","background-media":"","overlay-type":"","overlay-color":"","overlay-opacity":"","overlay-gradient":""}}},"product_brand":[],"product_cat":[41],"product_tag":[42],"class_list":{"0":"post-1840","1":"product","2":"type-product","3":"status-publish","4":"has-post-thumbnail","6":"product_cat-hydraulic-press","7":"product_tag-hydraulic-press","8":"desktop-align-left","9":"tablet-align-left","10":"mobile-align-left","11":"ast-product-gallery-layout-horizontal-slider","12":"ast-product-gallery-with-no-image","14":"first","15":"instock","16":"shipping-taxable","17":"product-type-simple"},"yoast_head":"<!-- This site is optimized with the Yoast SEO plugin v27.4 - https:\/\/yoast.com\/product\/yoast-seo-wordpress\/ -->\n<title>Manufacture LPG tank hydraulic press - JIUYING<\/title>\n<meta name=\"robots\" content=\"index, follow, max-snippet:-1, max-image-preview:large, max-video-preview:-1\" \/>\n<link rel=\"canonical\" href=\"https:\/\/www.cncsheetmachine.com\/es\/producto\/fabricacion-tanque-glp-prensa-hidraulica\/\" \/>\n<meta property=\"og:locale\" content=\"es_ES\" \/>\n<meta property=\"og:type\" content=\"article\" \/>\n<meta property=\"og:title\" content=\"Manufacture LPG tank hydraulic press - JIUYING\" \/>\n<meta property=\"og:description\" content=\"As one of the professional\u00a0LPG gas tank\/cylinder production line machines\/equipments, this product has a very important role. If you want to know more about\u00a0LPG gas tank\/cylinder production line machines\/equipments, you can click to view the details, or contact us directly. Manufacture LPG tank hydraulic press product Details Servo system The servo oil pump system combines [&hellip;]\" \/>\n<meta property=\"og:url\" content=\"https:\/\/www.cncsheetmachine.com\/es\/producto\/fabricacion-tanque-glp-prensa-hidraulica\/\" \/>\n<meta property=\"og:site_name\" content=\"JIUYING\" \/>\n<meta property=\"article:publisher\" content=\"https:\/\/www.facebook.com\/profile.php?id=100093426904136\" \/>\n<meta property=\"article:modified_time\" content=\"2023-07-03T03:24:02+00:00\" \/>\n<meta property=\"og:image\" content=\"https:\/\/www.cncsheetmachine.com\/wp-content\/uploads\/2023\/05\/1-220104150219208.jpg\" \/>\n\t<meta property=\"og:image:width\" content=\"600\" \/>\n\t<meta property=\"og:image:height\" content=\"600\" \/>\n\t<meta property=\"og:image:type\" content=\"image\/jpeg\" \/>\n<meta name=\"twitter:card\" content=\"summary_large_image\" \/>\n<meta name=\"twitter:label1\" content=\"Tiempo de lectura\" \/>\n\t<meta name=\"twitter:data1\" content=\"1 minuto\" \/>\n<script type=\"application\/ld+json\" class=\"yoast-schema-graph\">{\"@context\":\"https:\\\/\\\/schema.org\",\"@graph\":[{\"@type\":\"WebPage\",\"@id\":\"https:\\\/\\\/www.cncsheetmachine.com\\\/product\\\/manufacture-lpg-tank-hydraulic-press\\\/\",\"url\":\"https:\\\/\\\/www.cncsheetmachine.com\\\/product\\\/manufacture-lpg-tank-hydraulic-press\\\/\",\"name\":\"Manufacture LPG tank hydraulic press - JIUYING\",\"isPartOf\":{\"@id\":\"https:\\\/\\\/www.cncsheetmachine.com\\\/en\\\/#website\"},\"primaryImageOfPage\":{\"@id\":\"https:\\\/\\\/www.cncsheetmachine.com\\\/product\\\/manufacture-lpg-tank-hydraulic-press\\\/#primaryimage\"},\"image\":{\"@id\":\"https:\\\/\\\/www.cncsheetmachine.com\\\/product\\\/manufacture-lpg-tank-hydraulic-press\\\/#primaryimage\"},\"thumbnailUrl\":\"https:\\\/\\\/www.cncsheetmachine.com\\\/wp-content\\\/uploads\\\/2023\\\/05\\\/1-220104150219208.jpg\",\"datePublished\":\"2023-05-30T07:56:32+00:00\",\"dateModified\":\"2023-07-03T03:24:02+00:00\",\"breadcrumb\":{\"@id\":\"https:\\\/\\\/www.cncsheetmachine.com\\\/product\\\/manufacture-lpg-tank-hydraulic-press\\\/#breadcrumb\"},\"inLanguage\":\"es\",\"potentialAction\":[{\"@type\":\"ReadAction\",\"target\":[\"https:\\\/\\\/www.cncsheetmachine.com\\\/product\\\/manufacture-lpg-tank-hydraulic-press\\\/\"]}]},{\"@type\":\"ImageObject\",\"inLanguage\":\"es\",\"@id\":\"https:\\\/\\\/www.cncsheetmachine.com\\\/product\\\/manufacture-lpg-tank-hydraulic-press\\\/#primaryimage\",\"url\":\"https:\\\/\\\/www.cncsheetmachine.com\\\/wp-content\\\/uploads\\\/2023\\\/05\\\/1-220104150219208.jpg\",\"contentUrl\":\"https:\\\/\\\/www.cncsheetmachine.com\\\/wp-content\\\/uploads\\\/2023\\\/05\\\/1-220104150219208.jpg\",\"width\":600,\"height\":600,\"caption\":\"Manufacture of pressure tank hydraulic presses\"},{\"@type\":\"BreadcrumbList\",\"@id\":\"https:\\\/\\\/www.cncsheetmachine.com\\\/product\\\/manufacture-lpg-tank-hydraulic-press\\\/#breadcrumb\",\"itemListElement\":[{\"@type\":\"ListItem\",\"position\":1,\"name\":\"Home\",\"item\":\"https:\\\/\\\/www.cncsheetmachine.com\\\/en\\\/\"},{\"@type\":\"ListItem\",\"position\":2,\"name\":\"Product\",\"item\":\"https:\\\/\\\/www.cncsheetmachine.com\\\/en\\\/product\\\/\"},{\"@type\":\"ListItem\",\"position\":3,\"name\":\"Manufacture LPG tank hydraulic press\"}]},{\"@type\":\"WebSite\",\"@id\":\"https:\\\/\\\/www.cncsheetmachine.com\\\/en\\\/#website\",\"url\":\"https:\\\/\\\/www.cncsheetmachine.com\\\/en\\\/\",\"name\":\"JIUYING\",\"description\":\"Jiuying Hydraulic Press Official Website\",\"publisher\":{\"@id\":\"https:\\\/\\\/www.cncsheetmachine.com\\\/en\\\/#organization\"},\"potentialAction\":[{\"@type\":\"SearchAction\",\"target\":{\"@type\":\"EntryPoint\",\"urlTemplate\":\"https:\\\/\\\/www.cncsheetmachine.com\\\/en\\\/?s={search_term_string}\"},\"query-input\":{\"@type\":\"PropertyValueSpecification\",\"valueRequired\":true,\"valueName\":\"search_term_string\"}}],\"inLanguage\":\"es\"},{\"@type\":\"Organization\",\"@id\":\"https:\\\/\\\/www.cncsheetmachine.com\\\/en\\\/#organization\",\"name\":\"JIUYING\",\"url\":\"https:\\\/\\\/www.cncsheetmachine.com\\\/en\\\/\",\"logo\":{\"@type\":\"ImageObject\",\"inLanguage\":\"es\",\"@id\":\"https:\\\/\\\/www.cncsheetmachine.com\\\/en\\\/#\\\/schema\\\/logo\\\/image\\\/\",\"url\":\"\",\"contentUrl\":\"\",\"caption\":\"JIUYING\"},\"image\":{\"@id\":\"https:\\\/\\\/www.cncsheetmachine.com\\\/en\\\/#\\\/schema\\\/logo\\\/image\\\/\"},\"sameAs\":[\"https:\\\/\\\/www.facebook.com\\\/profile.php?id=100093426904136\"]}]}<\/script>\n<!-- \/ Yoast SEO plugin. -->","yoast_head_json":{"title":"Fabricaci\u00f3n LPG tanque prensa hidr\u00e1ulica - JIUYING","robots":{"index":"index","follow":"follow","max-snippet":"max-snippet:-1","max-image-preview":"max-image-preview:large","max-video-preview":"max-video-preview:-1"},"canonical":"https:\/\/www.cncsheetmachine.com\/es\/producto\/fabricacion-tanque-glp-prensa-hidraulica\/","og_locale":"es_ES","og_type":"article","og_title":"Manufacture LPG tank hydraulic press - JIUYING","og_description":"As one of the professional\u00a0LPG gas tank\/cylinder production line machines\/equipments, this product has a very important role. If you want to know more about\u00a0LPG gas tank\/cylinder production line machines\/equipments, you can click to view the details, or contact us directly. Manufacture LPG tank hydraulic press product Details Servo system The servo oil pump system combines [&hellip;]","og_url":"https:\/\/www.cncsheetmachine.com\/es\/producto\/fabricacion-tanque-glp-prensa-hidraulica\/","og_site_name":"JIUYING","article_publisher":"https:\/\/www.facebook.com\/profile.php?id=100093426904136","article_modified_time":"2023-07-03T03:24:02+00:00","og_image":[{"width":600,"height":600,"url":"https:\/\/www.cncsheetmachine.com\/wp-content\/uploads\/2023\/05\/1-220104150219208.jpg","type":"image\/jpeg"}],"twitter_card":"summary_large_image","twitter_misc":{"Tiempo de lectura":"1 minuto"},"schema":{"@context":"https:\/\/schema.org","@graph":[{"@type":"WebPage","@id":"https:\/\/www.cncsheetmachine.com\/product\/manufacture-lpg-tank-hydraulic-press\/","url":"https:\/\/www.cncsheetmachine.com\/product\/manufacture-lpg-tank-hydraulic-press\/","name":"Fabricaci\u00f3n LPG tanque prensa hidr\u00e1ulica - JIUYING","isPartOf":{"@id":"https:\/\/www.cncsheetmachine.com\/en\/#website"},"primaryImageOfPage":{"@id":"https:\/\/www.cncsheetmachine.com\/product\/manufacture-lpg-tank-hydraulic-press\/#primaryimage"},"image":{"@id":"https:\/\/www.cncsheetmachine.com\/product\/manufacture-lpg-tank-hydraulic-press\/#primaryimage"},"thumbnailUrl":"https:\/\/www.cncsheetmachine.com\/wp-content\/uploads\/2023\/05\/1-220104150219208.jpg","datePublished":"2023-05-30T07:56:32+00:00","dateModified":"2023-07-03T03:24:02+00:00","breadcrumb":{"@id":"https:\/\/www.cncsheetmachine.com\/product\/manufacture-lpg-tank-hydraulic-press\/#breadcrumb"},"inLanguage":"es","potentialAction":[{"@type":"ReadAction","target":["https:\/\/www.cncsheetmachine.com\/product\/manufacture-lpg-tank-hydraulic-press\/"]}]},{"@type":"ImageObject","inLanguage":"es","@id":"https:\/\/www.cncsheetmachine.com\/product\/manufacture-lpg-tank-hydraulic-press\/#primaryimage","url":"https:\/\/www.cncsheetmachine.com\/wp-content\/uploads\/2023\/05\/1-220104150219208.jpg","contentUrl":"https:\/\/www.cncsheetmachine.com\/wp-content\/uploads\/2023\/05\/1-220104150219208.jpg","width":600,"height":600,"caption":"Manufacture of pressure tank hydraulic presses"},{"@type":"BreadcrumbList","@id":"https:\/\/www.cncsheetmachine.com\/product\/manufacture-lpg-tank-hydraulic-press\/#breadcrumb","itemListElement":[{"@type":"ListItem","position":1,"name":"Home","item":"https:\/\/www.cncsheetmachine.com\/en\/"},{"@type":"ListItem","position":2,"name":"Product","item":"https:\/\/www.cncsheetmachine.com\/en\/product\/"},{"@type":"ListItem","position":3,"name":"Manufacture LPG tank hydraulic press"}]},{"@type":"WebSite","@id":"https:\/\/www.cncsheetmachine.com\/en\/#website","url":"https:\/\/www.cncsheetmachine.com\/en\/","name":"JIUYING","description":"Sitio web oficial de Jiuying Hydraulic Press","publisher":{"@id":"https:\/\/www.cncsheetmachine.com\/en\/#organization"},"potentialAction":[{"@type":"SearchAction","target":{"@type":"EntryPoint","urlTemplate":"https:\/\/www.cncsheetmachine.com\/en\/?s={search_term_string}"},"query-input":{"@type":"PropertyValueSpecification","valueRequired":true,"valueName":"search_term_string"}}],"inLanguage":"es"},{"@type":"Organization","@id":"https:\/\/www.cncsheetmachine.com\/en\/#organization","name":"JIUYING","url":"https:\/\/www.cncsheetmachine.com\/en\/","logo":{"@type":"ImageObject","inLanguage":"es","@id":"https:\/\/www.cncsheetmachine.com\/en\/#\/schema\/logo\/image\/","url":"","contentUrl":"","caption":"JIUYING"},"image":{"@id":"https:\/\/www.cncsheetmachine.com\/en\/#\/schema\/logo\/image\/"},"sameAs":["https:\/\/www.facebook.com\/profile.php?id=100093426904136"]}]}},"_links":{"self":[{"href":"https:\/\/www.cncsheetmachine.com\/es\/wp-json\/wp\/v2\/product\/1840","targetHints":{"allow":["GET"]}}],"collection":[{"href":"https:\/\/www.cncsheetmachine.com\/es\/wp-json\/wp\/v2\/product"}],"about":[{"href":"https:\/\/www.cncsheetmachine.com\/es\/wp-json\/wp\/v2\/types\/product"}],"replies":[{"embeddable":true,"href":"https:\/\/www.cncsheetmachine.com\/es\/wp-json\/wp\/v2\/comments?post=1840"}],"version-history":[{"count":2,"href":"https:\/\/www.cncsheetmachine.com\/es\/wp-json\/wp\/v2\/product\/1840\/revisions"}],"predecessor-version":[{"id":1883,"href":"https:\/\/www.cncsheetmachine.com\/es\/wp-json\/wp\/v2\/product\/1840\/revisions\/1883"}],"wp:featuredmedia":[{"embeddable":true,"href":"https:\/\/www.cncsheetmachine.com\/es\/wp-json\/wp\/v2\/media\/1602"}],"wp:attachment":[{"href":"https:\/\/www.cncsheetmachine.com\/es\/wp-json\/wp\/v2\/media?parent=1840"}],"wp:term":[{"taxonomy":"product_brand","embeddable":true,"href":"https:\/\/www.cncsheetmachine.com\/es\/wp-json\/wp\/v2\/product_brand?post=1840"},{"taxonomy":"product_cat","embeddable":true,"href":"https:\/\/www.cncsheetmachine.com\/es\/wp-json\/wp\/v2\/product_cat?post=1840"},{"taxonomy":"product_tag","embeddable":true,"href":"https:\/\/www.cncsheetmachine.com\/es\/wp-json\/wp\/v2\/product_tag?post=1840"}],"curies":[{"name":"wp","href":"https:\/\/api.w.org\/{rel}","templated":true}]}}