{"id":1846,"date":"2023-05-30T16:01:39","date_gmt":"2023-05-30T08:01:39","guid":{"rendered":"https:\/\/www.cncsheetmachine.com\/?post_type=product&#038;p=1846"},"modified":"2023-10-11T15:45:51","modified_gmt":"2023-10-11T07:45:51","slug":"manufacture-door-panel-hydraulic-press","status":"publish","type":"product","link":"https:\/\/www.cncsheetmachine.com\/es\/producto\/fabricacion-panel-de-la-puerta-prensa-hidraulica\/","title":{"rendered":"Prensas hidr\u00e1ulicas para paneles de puertas"},"content":{"rendered":"<p><img fetchpriority=\"high\" decoding=\"async\" class=\"wp-image-1847 size-full aligncenter\" src=\"https:\/\/www.cncsheetmachine.com\/wp-content\/uploads\/2023\/05\/embossed-skin-doors-11.jpg\" alt=\"\" width=\"650\" height=\"650\" srcset=\"https:\/\/www.cncsheetmachine.com\/wp-content\/uploads\/2023\/05\/embossed-skin-doors-11.jpg 650w, https:\/\/www.cncsheetmachine.com\/wp-content\/uploads\/2023\/05\/embossed-skin-doors-11-300x300.jpg 300w, https:\/\/www.cncsheetmachine.com\/wp-content\/uploads\/2023\/05\/embossed-skin-doors-11-150x150.jpg 150w, https:\/\/www.cncsheetmachine.com\/wp-content\/uploads\/2023\/05\/embossed-skin-doors-11-600x600.jpg 600w, https:\/\/www.cncsheetmachine.com\/wp-content\/uploads\/2023\/05\/embossed-skin-doors-11-100x100.jpg 100w\" sizes=\"(max-width: 650px) 100vw, 650px\" \/><\/p>\n<p><img decoding=\"async\" class=\"wp-image-1848 size-large aligncenter\" src=\"https:\/\/www.cncsheetmachine.com\/wp-content\/uploads\/2023\/05\/mmexport1517989272899-1024x1024.jpg\" alt=\"\" width=\"1024\" height=\"1024\" srcset=\"https:\/\/www.cncsheetmachine.com\/wp-content\/uploads\/2023\/05\/mmexport1517989272899-1024x1024.jpg 1024w, https:\/\/www.cncsheetmachine.com\/wp-content\/uploads\/2023\/05\/mmexport1517989272899-300x300.jpg 300w, https:\/\/www.cncsheetmachine.com\/wp-content\/uploads\/2023\/05\/mmexport1517989272899-150x150.jpg 150w, https:\/\/www.cncsheetmachine.com\/wp-content\/uploads\/2023\/05\/mmexport1517989272899-768x768.jpg 768w, https:\/\/www.cncsheetmachine.com\/wp-content\/uploads\/2023\/05\/mmexport1517989272899-600x600.jpg 600w, https:\/\/www.cncsheetmachine.com\/wp-content\/uploads\/2023\/05\/mmexport1517989272899-100x100.jpg 100w, https:\/\/www.cncsheetmachine.com\/wp-content\/uploads\/2023\/05\/mmexport1517989272899.jpg 1280w\" sizes=\"(max-width: 1024px) 100vw, 1024px\" \/><\/p>\n<p>&nbsp;<\/p>\n<p><strong>Prensa hidr\u00e1ulica M\u00e1quina de prensa de estampado hidr\u00e1ulica de cuatro columnas Rendimiento principal:<\/strong><br \/>\n1. Esta serie de prensas hidr\u00e1ulicas adopta una v\u00e1lvula enchufable de dos v\u00edas; El sistema de control el\u00e9ctrico puede equiparse con un controlador programable \u201cPC\u201d, y cuenta con mecanismos independientes de potencia el\u00e9ctrica e hidr\u00e1ulica. Mediante el uso de control centralizado de botones, se pueden lograr modos de operaci\u00f3n manual, semiautom\u00e1tico y de ajuste.<br \/>\n2. Esta serie tiene dos sistemas de control el\u00e9ctrico: control de rel\u00e9 y control de controlador programable. El ajuste de tres modos de operaci\u00f3n, manual y semiautom\u00e1tico, puede lograr m\u00e9todos de presi\u00f3n y l\u00edmite constantes.<br \/>\n3. Esta m\u00e1quina tiene tres modos de funcionamiento: ajuste, manual y semiautom\u00e1tico, que puede lograr dos m\u00e9todos de presi\u00f3n constante y distancia fija.<br \/>\n4. Moldeo a presi\u00f3n fija, calandra, acci\u00f3n de retorno autom\u00e1tico.<br \/>\n5. Se puede utilizar como almohadilla hidr\u00e1ulica en el proceso de estirado y estampado, y su presi\u00f3n de trabajo se puede ajustar dentro del rango especificado de acuerdo con las necesidades del proceso.<br \/>\n6. Dise\u00f1o completo de prensa de cuatro columnas, marco de acero soldado, compacto con alta rigidez y m\u00ednima deformaci\u00f3n.<br \/>\n7. El bastidor proporciona una gran rigidez y una peque\u00f1a deflexi\u00f3n para piezas de precisi\u00f3n y vida \u00fatil de la herramienta. Los tableros gruesos y las columnas grandes le brindan una plataforma estable que necesita para sus aplicaciones exigentes.<br \/>\n8. Esta m\u00e1quina est\u00e1 certificada por el sistema internacional de certificaci\u00f3n de calidad. Accionamiento completamente cerrado, f\u00e1cil de mantener.<br \/>\n9. Alta precisi\u00f3n, alta eficiencia, operaci\u00f3n simple, buen desempe\u00f1o, precios reducidos y buen servicio.<br \/>\n10. El sistema de control hidr\u00e1ulico adopta una v\u00e1lvula enchufable integrada, que facilita la confiabilidad de la acci\u00f3n, prolonga la vida \u00fatil y reduce el impacto hidr\u00e1ulico.<br \/>\n11. Adopta anillos de sellado importados, tiene buena durabilidad, prolonga el tiempo del ciclo de cambio y evita fugas.<br \/>\n12. El filtro hidr\u00e1ulico est\u00e1 equipado con un sistema hidr\u00e1ulico que puede cumplir con los requisitos de trabajo en diversas condiciones de trabajo. Al mismo tiempo, tambi\u00e9n tiene funciones de alarma de falla, como bloqueo de filtro, nivel de aceite y temperatura del aceite.<br \/>\n13. El control el\u00e9ctrico adopta un controlador programable, con una estructura compacta y operaci\u00f3n confiable. El controlador programable es importado y el controlador es una marca de la empresa japonesa Omron y equipo el\u00e9ctrico.<br \/>\n14. El sistema de energ\u00eda instalado en la parte superior tiene un tama\u00f1o peque\u00f1o, alta velocidad y alta eficiencia en condiciones de inactividad. Las prensas hidr\u00e1ulicas de alta calidad se pueden personalizar de acuerdo con los requisitos del cliente.<\/p>\n<p><img decoding=\"async\" class=\"aligncenter wp-image-1849 size-large\" src=\"https:\/\/www.cncsheetmachine.com\/wp-content\/uploads\/2023\/05\/steel-door-skin1-682x1024.jpg\" alt=\"\" width=\"682\" height=\"1024\" srcset=\"https:\/\/www.cncsheetmachine.com\/wp-content\/uploads\/2023\/05\/steel-door-skin1-682x1024.jpg 682w, https:\/\/www.cncsheetmachine.com\/wp-content\/uploads\/2023\/05\/steel-door-skin1-200x300.jpg 200w, https:\/\/www.cncsheetmachine.com\/wp-content\/uploads\/2023\/05\/steel-door-skin1-768x1154.jpg 768w, https:\/\/www.cncsheetmachine.com\/wp-content\/uploads\/2023\/05\/steel-door-skin1-600x901.jpg 600w, https:\/\/www.cncsheetmachine.com\/wp-content\/uploads\/2023\/05\/steel-door-skin1.jpg 852w\" sizes=\"(max-width: 682px) 100vw, 682px\" \/><\/p>\n<p><img loading=\"lazy\" decoding=\"async\" class=\"aligncenter wp-image-1850 size-large\" src=\"https:\/\/www.cncsheetmachine.com\/wp-content\/uploads\/2023\/05\/steel-door-skin3-682x1024.jpg\" alt=\"\" width=\"682\" height=\"1024\" srcset=\"https:\/\/www.cncsheetmachine.com\/wp-content\/uploads\/2023\/05\/steel-door-skin3-682x1024.jpg 682w, https:\/\/www.cncsheetmachine.com\/wp-content\/uploads\/2023\/05\/steel-door-skin3-200x300.jpg 200w, https:\/\/www.cncsheetmachine.com\/wp-content\/uploads\/2023\/05\/steel-door-skin3-768x1154.jpg 768w, https:\/\/www.cncsheetmachine.com\/wp-content\/uploads\/2023\/05\/steel-door-skin3-600x901.jpg 600w, https:\/\/www.cncsheetmachine.com\/wp-content\/uploads\/2023\/05\/steel-door-skin3.jpg 852w\" sizes=\"(max-width: 682px) 100vw, 682px\" \/><\/p>\n<p><strong>Prensa hidr\u00e1ulica de cuatro columnas de la m\u00e1quina de prensa de estampado hidr\u00e1ulico Caracter\u00edsticas<\/strong><\/p>\n<p>1.M\u00e1quina hidr\u00e1ulica que utiliza la presi\u00f3n hidrost\u00e1tica para procesar metal, pl\u00e1stico, caucho, madera, polvo y otros productos.<\/p>\n<p>2. Se utiliza com\u00fanmente en el proceso de prensado y formaci\u00f3n de prensa, tales como: forjado, estampado, extrusi\u00f3n en fr\u00edo, enderezado, doblado, rebordeado, embutici\u00f3n profunda de l\u00e1minas de metal, pulvimetalurgia, ajuste a presi\u00f3n, etc.<\/p>\n<p><span data-spm-anchor-id=\"a2700.details.0.i32.2d316db7uSfDrf\">3. Ventajas t\u00e9cnicas y econ\u00f3micas significativas en la reducci\u00f3n de peso, la reducci\u00f3n de la cantidad de piezas y la cantidad de moldes, mejora la rigidez y la resistencia, reduce los costos de producci\u00f3n, etc.<\/span><\/p>\n<p><strong>m\u00e1quina hidr\u00e1ulica de la prensa de grabar en relieve,<\/strong>aceptamos personalizado en consecuencia. por favor avise al\u00a0<strong>presi\u00f3n nominal<\/strong>, dise\u00f1aremos la m\u00e1quina de prensado en relieve hidr\u00e1ulica para usted.<\/p>","protected":false},"excerpt":{"rendered":"<p><strong>m\u00e1quina hidr\u00e1ulica de la prensa de grabar en relieve,<\/strong>Adem\u00e1s del modelo anterior, aceptamos la personalizaci\u00f3n en consecuencia. Por favor, avise al\u00a0<strong>presi\u00f3n nominal<\/strong>, dise\u00f1aremos la m\u00e1quina de prensado en relieve hidr\u00e1ulica para usted.<\/p>","protected":false},"featured_media":1848,"comment_status":"open","ping_status":"closed","template":"","meta":{"site-sidebar-layout":"default","site-content-layout":"default","ast-site-content-layout":"default","site-content-style":"default","site-sidebar-style":"default","ast-global-header-display":"","ast-banner-title-visibility":"","ast-main-header-display":"","ast-hfb-above-header-display":"","ast-hfb-below-header-display":"","ast-hfb-mobile-header-display":"","site-post-title":"","ast-breadcrumbs-content":"","ast-featured-img":"","footer-sml-layout":"","ast-disable-related-posts":"","theme-transparent-header-meta":"default","adv-header-id-meta":"","stick-header-meta":"","header-above-stick-meta":"","header-main-stick-meta":"","header-below-stick-meta":"","astra-migrate-meta-layouts":"default","ast-page-background-enabled":"default","ast-page-background-meta":{"desktop":{"background-color":"var(--ast-global-color-4)","background-image":"","background-repeat":"repeat","background-position":"center center","background-size":"auto","background-attachment":"scroll","background-type":"","background-media":"","overlay-type":"","overlay-color":"","overlay-opacity":"","overlay-gradient":""},"tablet":{"background-color":"","background-image":"","background-repeat":"repeat","background-position":"center center","background-size":"auto","background-attachment":"scroll","background-type":"","background-media":"","overlay-type":"","overlay-color":"","overlay-opacity":"","overlay-gradient":""},"mobile":{"background-color":"","background-image":"","background-repeat":"repeat","background-position":"center center","background-size":"auto","background-attachment":"scroll","background-type":"","background-media":"","overlay-type":"","overlay-color":"","overlay-opacity":"","overlay-gradient":""}},"ast-content-background-meta":{"desktop":{"background-color":"var(--ast-global-color-5)","background-image":"","background-repeat":"repeat","background-position":"center center","background-size":"auto","background-attachment":"scroll","background-type":"","background-media":"","overlay-type":"","overlay-color":"","overlay-opacity":"","overlay-gradient":""},"tablet":{"background-color":"var(--ast-global-color-5)","background-image":"","background-repeat":"repeat","background-position":"center center","background-size":"auto","background-attachment":"scroll","background-type":"","background-media":"","overlay-type":"","overlay-color":"","overlay-opacity":"","overlay-gradient":""},"mobile":{"background-color":"var(--ast-global-color-5)","background-image":"","background-repeat":"repeat","background-position":"center center","background-size":"auto","background-attachment":"scroll","background-type":"","background-media":"","overlay-type":"","overlay-color":"","overlay-opacity":"","overlay-gradient":""}}},"product_brand":[],"product_cat":[41],"product_tag":[],"class_list":{"0":"post-1846","1":"product","2":"type-product","3":"status-publish","4":"has-post-thumbnail","6":"product_cat-hydraulic-press","7":"desktop-align-left","8":"tablet-align-left","9":"mobile-align-left","10":"ast-product-gallery-layout-horizontal-slider","12":"first","13":"instock","14":"shipping-taxable","15":"product-type-simple"},"yoast_head":"<!-- This site is optimized with the Yoast SEO plugin v27.4 - https:\/\/yoast.com\/product\/yoast-seo-wordpress\/ -->\n<title>Manufacture door panel hydraulic press - JIUYING<\/title>\n<meta name=\"robots\" content=\"index, follow, max-snippet:-1, max-image-preview:large, max-video-preview:-1\" \/>\n<link rel=\"canonical\" href=\"https:\/\/www.cncsheetmachine.com\/es\/producto\/fabricacion-panel-de-la-puerta-prensa-hidraulica\/\" \/>\n<meta property=\"og:locale\" content=\"es_ES\" \/>\n<meta property=\"og:type\" content=\"article\" \/>\n<meta property=\"og:title\" content=\"Manufacture door panel hydraulic press - JIUYING\" \/>\n<meta property=\"og:description\" content=\"hydraulic embossing press machine,besides the above model,we accept customized\u00a0accordingly.pls advise the\u00a0rated pressure,we will design the hydraulic embossing press machinefor you.\" \/>\n<meta property=\"og:url\" content=\"https:\/\/www.cncsheetmachine.com\/es\/producto\/fabricacion-panel-de-la-puerta-prensa-hidraulica\/\" \/>\n<meta property=\"og:site_name\" content=\"JIUYING\" \/>\n<meta property=\"article:publisher\" content=\"https:\/\/www.facebook.com\/profile.php?id=100093426904136\" \/>\n<meta property=\"article:modified_time\" content=\"2023-10-11T07:45:51+00:00\" \/>\n<meta property=\"og:image\" content=\"https:\/\/www.cncsheetmachine.com\/wp-content\/uploads\/2023\/05\/mmexport1517989272899.jpg\" \/>\n\t<meta property=\"og:image:width\" content=\"1280\" \/>\n\t<meta property=\"og:image:height\" content=\"1280\" \/>\n\t<meta property=\"og:image:type\" content=\"image\/jpeg\" \/>\n<meta name=\"twitter:card\" content=\"summary_large_image\" \/>\n<meta name=\"twitter:label1\" content=\"Tiempo de lectura\" \/>\n\t<meta name=\"twitter:data1\" content=\"3 minutos\" \/>\n<script type=\"application\/ld+json\" class=\"yoast-schema-graph\">{\"@context\":\"https:\\\/\\\/schema.org\",\"@graph\":[{\"@type\":\"WebPage\",\"@id\":\"https:\\\/\\\/www.cncsheetmachine.com\\\/product\\\/manufacture-door-panel-hydraulic-press\\\/\",\"url\":\"https:\\\/\\\/www.cncsheetmachine.com\\\/product\\\/manufacture-door-panel-hydraulic-press\\\/\",\"name\":\"Manufacture door panel hydraulic press - JIUYING\",\"isPartOf\":{\"@id\":\"https:\\\/\\\/www.cncsheetmachine.com\\\/en\\\/#website\"},\"primaryImageOfPage\":{\"@id\":\"https:\\\/\\\/www.cncsheetmachine.com\\\/product\\\/manufacture-door-panel-hydraulic-press\\\/#primaryimage\"},\"image\":{\"@id\":\"https:\\\/\\\/www.cncsheetmachine.com\\\/product\\\/manufacture-door-panel-hydraulic-press\\\/#primaryimage\"},\"thumbnailUrl\":\"https:\\\/\\\/www.cncsheetmachine.com\\\/wp-content\\\/uploads\\\/2023\\\/05\\\/mmexport1517989272899.jpg\",\"datePublished\":\"2023-05-30T08:01:39+00:00\",\"dateModified\":\"2023-10-11T07:45:51+00:00\",\"breadcrumb\":{\"@id\":\"https:\\\/\\\/www.cncsheetmachine.com\\\/product\\\/manufacture-door-panel-hydraulic-press\\\/#breadcrumb\"},\"inLanguage\":\"es\",\"potentialAction\":[{\"@type\":\"ReadAction\",\"target\":[\"https:\\\/\\\/www.cncsheetmachine.com\\\/product\\\/manufacture-door-panel-hydraulic-press\\\/\"]}]},{\"@type\":\"ImageObject\",\"inLanguage\":\"es\",\"@id\":\"https:\\\/\\\/www.cncsheetmachine.com\\\/product\\\/manufacture-door-panel-hydraulic-press\\\/#primaryimage\",\"url\":\"https:\\\/\\\/www.cncsheetmachine.com\\\/wp-content\\\/uploads\\\/2023\\\/05\\\/mmexport1517989272899.jpg\",\"contentUrl\":\"https:\\\/\\\/www.cncsheetmachine.com\\\/wp-content\\\/uploads\\\/2023\\\/05\\\/mmexport1517989272899.jpg\",\"width\":1280,\"height\":1280},{\"@type\":\"BreadcrumbList\",\"@id\":\"https:\\\/\\\/www.cncsheetmachine.com\\\/product\\\/manufacture-door-panel-hydraulic-press\\\/#breadcrumb\",\"itemListElement\":[{\"@type\":\"ListItem\",\"position\":1,\"name\":\"Home\",\"item\":\"https:\\\/\\\/www.cncsheetmachine.com\\\/en\\\/\"},{\"@type\":\"ListItem\",\"position\":2,\"name\":\"Product\",\"item\":\"https:\\\/\\\/www.cncsheetmachine.com\\\/en\\\/product\\\/\"},{\"@type\":\"ListItem\",\"position\":3,\"name\":\"Manufacture door panel hydraulic press\"}]},{\"@type\":\"WebSite\",\"@id\":\"https:\\\/\\\/www.cncsheetmachine.com\\\/en\\\/#website\",\"url\":\"https:\\\/\\\/www.cncsheetmachine.com\\\/en\\\/\",\"name\":\"JIUYING\",\"description\":\"Jiuying Hydraulic Press Official Website\",\"publisher\":{\"@id\":\"https:\\\/\\\/www.cncsheetmachine.com\\\/en\\\/#organization\"},\"potentialAction\":[{\"@type\":\"SearchAction\",\"target\":{\"@type\":\"EntryPoint\",\"urlTemplate\":\"https:\\\/\\\/www.cncsheetmachine.com\\\/en\\\/?s={search_term_string}\"},\"query-input\":{\"@type\":\"PropertyValueSpecification\",\"valueRequired\":true,\"valueName\":\"search_term_string\"}}],\"inLanguage\":\"es\"},{\"@type\":\"Organization\",\"@id\":\"https:\\\/\\\/www.cncsheetmachine.com\\\/en\\\/#organization\",\"name\":\"JIUYING\",\"url\":\"https:\\\/\\\/www.cncsheetmachine.com\\\/en\\\/\",\"logo\":{\"@type\":\"ImageObject\",\"inLanguage\":\"es\",\"@id\":\"https:\\\/\\\/www.cncsheetmachine.com\\\/en\\\/#\\\/schema\\\/logo\\\/image\\\/\",\"url\":\"\",\"contentUrl\":\"\",\"caption\":\"JIUYING\"},\"image\":{\"@id\":\"https:\\\/\\\/www.cncsheetmachine.com\\\/en\\\/#\\\/schema\\\/logo\\\/image\\\/\"},\"sameAs\":[\"https:\\\/\\\/www.facebook.com\\\/profile.php?id=100093426904136\"]}]}<\/script>\n<!-- \/ Yoast SEO plugin. -->","yoast_head_json":{"title":"Fabricaci\u00f3n panel de la puerta de prensa hidr\u00e1ulica - JIUYING","robots":{"index":"index","follow":"follow","max-snippet":"max-snippet:-1","max-image-preview":"max-image-preview:large","max-video-preview":"max-video-preview:-1"},"canonical":"https:\/\/www.cncsheetmachine.com\/es\/producto\/fabricacion-panel-de-la-puerta-prensa-hidraulica\/","og_locale":"es_ES","og_type":"article","og_title":"Manufacture door panel hydraulic press - JIUYING","og_description":"hydraulic embossing press machine,besides the above model,we accept customized\u00a0accordingly.pls advise the\u00a0rated pressure,we will design the hydraulic embossing press machinefor you.","og_url":"https:\/\/www.cncsheetmachine.com\/es\/producto\/fabricacion-panel-de-la-puerta-prensa-hidraulica\/","og_site_name":"JIUYING","article_publisher":"https:\/\/www.facebook.com\/profile.php?id=100093426904136","article_modified_time":"2023-10-11T07:45:51+00:00","og_image":[{"width":1280,"height":1280,"url":"https:\/\/www.cncsheetmachine.com\/wp-content\/uploads\/2023\/05\/mmexport1517989272899.jpg","type":"image\/jpeg"}],"twitter_card":"summary_large_image","twitter_misc":{"Tiempo de lectura":"3 minutos"},"schema":{"@context":"https:\/\/schema.org","@graph":[{"@type":"WebPage","@id":"https:\/\/www.cncsheetmachine.com\/product\/manufacture-door-panel-hydraulic-press\/","url":"https:\/\/www.cncsheetmachine.com\/product\/manufacture-door-panel-hydraulic-press\/","name":"Fabricaci\u00f3n panel de la puerta de prensa hidr\u00e1ulica - JIUYING","isPartOf":{"@id":"https:\/\/www.cncsheetmachine.com\/en\/#website"},"primaryImageOfPage":{"@id":"https:\/\/www.cncsheetmachine.com\/product\/manufacture-door-panel-hydraulic-press\/#primaryimage"},"image":{"@id":"https:\/\/www.cncsheetmachine.com\/product\/manufacture-door-panel-hydraulic-press\/#primaryimage"},"thumbnailUrl":"https:\/\/www.cncsheetmachine.com\/wp-content\/uploads\/2023\/05\/mmexport1517989272899.jpg","datePublished":"2023-05-30T08:01:39+00:00","dateModified":"2023-10-11T07:45:51+00:00","breadcrumb":{"@id":"https:\/\/www.cncsheetmachine.com\/product\/manufacture-door-panel-hydraulic-press\/#breadcrumb"},"inLanguage":"es","potentialAction":[{"@type":"ReadAction","target":["https:\/\/www.cncsheetmachine.com\/product\/manufacture-door-panel-hydraulic-press\/"]}]},{"@type":"ImageObject","inLanguage":"es","@id":"https:\/\/www.cncsheetmachine.com\/product\/manufacture-door-panel-hydraulic-press\/#primaryimage","url":"https:\/\/www.cncsheetmachine.com\/wp-content\/uploads\/2023\/05\/mmexport1517989272899.jpg","contentUrl":"https:\/\/www.cncsheetmachine.com\/wp-content\/uploads\/2023\/05\/mmexport1517989272899.jpg","width":1280,"height":1280},{"@type":"BreadcrumbList","@id":"https:\/\/www.cncsheetmachine.com\/product\/manufacture-door-panel-hydraulic-press\/#breadcrumb","itemListElement":[{"@type":"ListItem","position":1,"name":"Home","item":"https:\/\/www.cncsheetmachine.com\/en\/"},{"@type":"ListItem","position":2,"name":"Product","item":"https:\/\/www.cncsheetmachine.com\/en\/product\/"},{"@type":"ListItem","position":3,"name":"Manufacture door panel hydraulic press"}]},{"@type":"WebSite","@id":"https:\/\/www.cncsheetmachine.com\/en\/#website","url":"https:\/\/www.cncsheetmachine.com\/en\/","name":"JIUYING","description":"Sitio web oficial de Jiuying Hydraulic Press","publisher":{"@id":"https:\/\/www.cncsheetmachine.com\/en\/#organization"},"potentialAction":[{"@type":"SearchAction","target":{"@type":"EntryPoint","urlTemplate":"https:\/\/www.cncsheetmachine.com\/en\/?s={search_term_string}"},"query-input":{"@type":"PropertyValueSpecification","valueRequired":true,"valueName":"search_term_string"}}],"inLanguage":"es"},{"@type":"Organization","@id":"https:\/\/www.cncsheetmachine.com\/en\/#organization","name":"JIUYING","url":"https:\/\/www.cncsheetmachine.com\/en\/","logo":{"@type":"ImageObject","inLanguage":"es","@id":"https:\/\/www.cncsheetmachine.com\/en\/#\/schema\/logo\/image\/","url":"","contentUrl":"","caption":"JIUYING"},"image":{"@id":"https:\/\/www.cncsheetmachine.com\/en\/#\/schema\/logo\/image\/"},"sameAs":["https:\/\/www.facebook.com\/profile.php?id=100093426904136"]}]}},"_links":{"self":[{"href":"https:\/\/www.cncsheetmachine.com\/es\/wp-json\/wp\/v2\/product\/1846","targetHints":{"allow":["GET"]}}],"collection":[{"href":"https:\/\/www.cncsheetmachine.com\/es\/wp-json\/wp\/v2\/product"}],"about":[{"href":"https:\/\/www.cncsheetmachine.com\/es\/wp-json\/wp\/v2\/types\/product"}],"replies":[{"embeddable":true,"href":"https:\/\/www.cncsheetmachine.com\/es\/wp-json\/wp\/v2\/comments?post=1846"}],"version-history":[{"count":2,"href":"https:\/\/www.cncsheetmachine.com\/es\/wp-json\/wp\/v2\/product\/1846\/revisions"}],"predecessor-version":[{"id":1851,"href":"https:\/\/www.cncsheetmachine.com\/es\/wp-json\/wp\/v2\/product\/1846\/revisions\/1851"}],"wp:featuredmedia":[{"embeddable":true,"href":"https:\/\/www.cncsheetmachine.com\/es\/wp-json\/wp\/v2\/media\/1848"}],"wp:attachment":[{"href":"https:\/\/www.cncsheetmachine.com\/es\/wp-json\/wp\/v2\/media?parent=1846"}],"wp:term":[{"taxonomy":"product_brand","embeddable":true,"href":"https:\/\/www.cncsheetmachine.com\/es\/wp-json\/wp\/v2\/product_brand?post=1846"},{"taxonomy":"product_cat","embeddable":true,"href":"https:\/\/www.cncsheetmachine.com\/es\/wp-json\/wp\/v2\/product_cat?post=1846"},{"taxonomy":"product_tag","embeddable":true,"href":"https:\/\/www.cncsheetmachine.com\/es\/wp-json\/wp\/v2\/product_tag?post=1846"}],"curies":[{"name":"wp","href":"https:\/\/api.w.org\/{rel}","templated":true}]}}