{"id":2332,"date":"2023-07-17T10:21:17","date_gmt":"2023-07-17T02:21:17","guid":{"rendered":"https:\/\/www.cncsheetmachine.com\/?post_type=product&#038;p=2332"},"modified":"2023-07-28T09:00:56","modified_gmt":"2023-07-28T01:00:56","slug":"y78-3600t-hydraulic-press-door-panel-embossing-machine","status":"publish","type":"product","link":"https:\/\/www.cncsheetmachine.com\/es\/producto\/y78-3600t-prensa-hidraulica-maquina-de-estampacion-de-panel-de-puerta\/","title":{"rendered":"Y78 - 3600t \u0413\u0438\u0434\u0440\u0430\u0432\u043b\u0438\u0447\u0435\u0441\u043a\u0438\u0439 \u043f\u0440\u0435\u0441\u0441 \u0434\u0432\u0435\u0440\u0435\u0439"},"content":{"rendered":"<p>La m\u00e1quina es una prensa hidr\u00e1ulica y78 - 3600t, una m\u00e1quina de estampado de panel de puerta, que se utiliza para el estampado de puertas, que puede suprimir el estampado de placas de hierro, placas de aluminio, placas de acero inoxidable, placas de cobre, etc. la estructura de la prensa hidr\u00e1ulica es vertical en tres vigas y ocho pilares, con un dise\u00f1o estructural razonable, Econom\u00eda y durabilidad. Es bien recibido por los clientes nacionales y extranjeros.<\/p>\n<p><img fetchpriority=\"high\" decoding=\"async\" class=\"wp-image-2333 size-full aligncenter\" src=\"https:\/\/www.cncsheetmachine.com\/wp-content\/uploads\/2023\/07\/1680760350b76589.jpg\" alt=\"M\u00e1quina de estampaci\u00f3n de paneles de puerta de 3600 toneladas\" width=\"600\" height=\"600\" srcset=\"https:\/\/www.cncsheetmachine.com\/wp-content\/uploads\/2023\/07\/1680760350b76589.jpg 600w, https:\/\/www.cncsheetmachine.com\/wp-content\/uploads\/2023\/07\/1680760350b76589-300x300.jpg 300w, https:\/\/www.cncsheetmachine.com\/wp-content\/uploads\/2023\/07\/1680760350b76589-150x150.jpg 150w, https:\/\/www.cncsheetmachine.com\/wp-content\/uploads\/2023\/07\/1680760350b76589-12x12.jpg 12w, https:\/\/www.cncsheetmachine.com\/wp-content\/uploads\/2023\/07\/1680760350b76589-100x100.jpg 100w\" sizes=\"(max-width: 600px) 100vw, 600px\" \/><\/p>\n<p><img decoding=\"async\" class=\"wp-image-2335 size-full aligncenter\" src=\"https:\/\/www.cncsheetmachine.com\/wp-content\/uploads\/2023\/07\/1680760349cd1791.jpg\" alt=\"M\u00e1quina de estampaci\u00f3n de paneles de puerta de 3600 toneladas\" width=\"600\" height=\"600\" srcset=\"https:\/\/www.cncsheetmachine.com\/wp-content\/uploads\/2023\/07\/1680760349cd1791.jpg 600w, https:\/\/www.cncsheetmachine.com\/wp-content\/uploads\/2023\/07\/1680760349cd1791-300x300.jpg 300w, https:\/\/www.cncsheetmachine.com\/wp-content\/uploads\/2023\/07\/1680760349cd1791-150x150.jpg 150w, https:\/\/www.cncsheetmachine.com\/wp-content\/uploads\/2023\/07\/1680760349cd1791-12x12.jpg 12w, https:\/\/www.cncsheetmachine.com\/wp-content\/uploads\/2023\/07\/1680760349cd1791-100x100.jpg 100w\" sizes=\"(max-width: 600px) 100vw, 600px\" \/><\/p>\n<p><img decoding=\"async\" class=\"wp-image-2336 size-full aligncenter\" src=\"https:\/\/www.cncsheetmachine.com\/wp-content\/uploads\/2023\/07\/1680760350ee5782.jpg\" alt=\"M\u00e1quina de estampaci\u00f3n de paneles de puerta de 3600 toneladas\" width=\"600\" height=\"600\" srcset=\"https:\/\/www.cncsheetmachine.com\/wp-content\/uploads\/2023\/07\/1680760350ee5782.jpg 600w, https:\/\/www.cncsheetmachine.com\/wp-content\/uploads\/2023\/07\/1680760350ee5782-300x300.jpg 300w, https:\/\/www.cncsheetmachine.com\/wp-content\/uploads\/2023\/07\/1680760350ee5782-150x150.jpg 150w, https:\/\/www.cncsheetmachine.com\/wp-content\/uploads\/2023\/07\/1680760350ee5782-12x12.jpg 12w, https:\/\/www.cncsheetmachine.com\/wp-content\/uploads\/2023\/07\/1680760350ee5782-100x100.jpg 100w\" sizes=\"(max-width: 600px) 100vw, 600px\" \/><\/p>\n<p><img loading=\"lazy\" decoding=\"async\" class=\"wp-image-2337 size-full aligncenter\" src=\"https:\/\/www.cncsheetmachine.com\/wp-content\/uploads\/2023\/07\/168076035170d411.jpg\" alt=\"M\u00e1quina de estampaci\u00f3n de paneles de puerta de 3600 toneladas\" width=\"600\" height=\"450\" srcset=\"https:\/\/www.cncsheetmachine.com\/wp-content\/uploads\/2023\/07\/168076035170d411.jpg 600w, https:\/\/www.cncsheetmachine.com\/wp-content\/uploads\/2023\/07\/168076035170d411-300x225.jpg 300w, https:\/\/www.cncsheetmachine.com\/wp-content\/uploads\/2023\/07\/168076035170d411-16x12.jpg 16w\" sizes=\"(max-width: 600px) 100vw, 600px\" \/><\/p>\n<p><img loading=\"lazy\" decoding=\"async\" class=\"wp-image-2338 size-full aligncenter\" src=\"https:\/\/www.cncsheetmachine.com\/wp-content\/uploads\/2023\/07\/168076035048887c.jpg\" alt=\"M\u00e1quina de estampaci\u00f3n de paneles de puerta de 3600 toneladas\" width=\"600\" height=\"600\" srcset=\"https:\/\/www.cncsheetmachine.com\/wp-content\/uploads\/2023\/07\/168076035048887c.jpg 600w, https:\/\/www.cncsheetmachine.com\/wp-content\/uploads\/2023\/07\/168076035048887c-300x300.jpg 300w, https:\/\/www.cncsheetmachine.com\/wp-content\/uploads\/2023\/07\/168076035048887c-150x150.jpg 150w, https:\/\/www.cncsheetmachine.com\/wp-content\/uploads\/2023\/07\/168076035048887c-12x12.jpg 12w, https:\/\/www.cncsheetmachine.com\/wp-content\/uploads\/2023\/07\/168076035048887c-100x100.jpg 100w\" sizes=\"(max-width: 600px) 100vw, 600px\" \/><\/p>\n<p><img loading=\"lazy\" decoding=\"async\" class=\"aligncenter wp-image-2339 size-full\" src=\"https:\/\/www.cncsheetmachine.com\/wp-content\/uploads\/2023\/07\/1680760349259264.jpg\" alt=\"M\u00e1quina de estampaci\u00f3n de paneles de puerta de 3600 toneladas\" width=\"600\" height=\"450\" srcset=\"https:\/\/www.cncsheetmachine.com\/wp-content\/uploads\/2023\/07\/1680760349259264.jpg 600w, https:\/\/www.cncsheetmachine.com\/wp-content\/uploads\/2023\/07\/1680760349259264-300x225.jpg 300w, https:\/\/www.cncsheetmachine.com\/wp-content\/uploads\/2023\/07\/1680760349259264-16x12.jpg 16w\" sizes=\"(max-width: 600px) 100vw, 600px\" \/><\/p>\n<p>La m\u00e1quina es una m\u00e1quina hidr\u00e1ulica servohidr\u00e1brica de 3.600 toneladas, una m\u00e1quina hidr\u00e1ulica de tres vigas y ocho columnas, que se utiliza para presionar y formar filtros de placa de filtro PP y ba\u00f1os integrales smc. la m\u00e1quina est\u00e1 dise\u00f1ada para distribuir seis cilindros, con fuerza uniforme y funcionamiento estable, lo que hace que los productos de placa de filtro PP presionados sean planos, hermosos y bajos en tasa de residuos. La prensa hidr\u00e1ulica est\u00e1 configurada como un sistema servcnc, con las ventajas de bajo ruido, peque\u00f1o tama\u00f1o, ahorro de energ\u00eda y electricidad, y su velocidad es ajustable, lo que est\u00e1 relacionado con la tasa de producto terminado del producto suprimido, ya que la velocidad est\u00e1 relacionada con la calidad del producto. Su velocidad se puede ajustar, lo que est\u00e1 relacionado con la producci\u00f3n del producto suprimido, ya que la velocidad est\u00e1 relacionada con la calidad del producto.<\/p>","protected":false},"excerpt":{"rendered":"<p>La m\u00e1quina es una prensa hidr\u00e1ulica y78 - 3600t, una m\u00e1quina de estampado de panel de puerta, que se utiliza para el estampado de puertas, que puede suprimir el estampado de placas de hierro, placas de aluminio, placas de acero inoxidable, placas de cobre, etc. la estructura de la prensa hidr\u00e1ulica es vertical en tres vigas y ocho pilares, con un dise\u00f1o estructural razonable, Econom\u00eda y durabilidad. Es bien recibido por los clientes nacionales y extranjeros.<\/p>","protected":false},"featured_media":2340,"comment_status":"open","ping_status":"closed","template":"","meta":{"site-sidebar-layout":"default","site-content-layout":"default","ast-site-content-layout":"default","site-content-style":"default","site-sidebar-style":"default","ast-global-header-display":"","ast-banner-title-visibility":"","ast-main-header-display":"","ast-hfb-above-header-display":"","ast-hfb-below-header-display":"","ast-hfb-mobile-header-display":"","site-post-title":"","ast-breadcrumbs-content":"","ast-featured-img":"","footer-sml-layout":"","ast-disable-related-posts":"","theme-transparent-header-meta":"default","adv-header-id-meta":"","stick-header-meta":"","header-above-stick-meta":"","header-main-stick-meta":"","header-below-stick-meta":"","astra-migrate-meta-layouts":"default","ast-page-background-enabled":"default","ast-page-background-meta":{"desktop":{"background-color":"var(--ast-global-color-4)","background-image":"","background-repeat":"repeat","background-position":"center center","background-size":"auto","background-attachment":"scroll","background-type":"","background-media":"","overlay-type":"","overlay-color":"","overlay-opacity":"","overlay-gradient":""},"tablet":{"background-color":"","background-image":"","background-repeat":"repeat","background-position":"center center","background-size":"auto","background-attachment":"scroll","background-type":"","background-media":"","overlay-type":"","overlay-color":"","overlay-opacity":"","overlay-gradient":""},"mobile":{"background-color":"","background-image":"","background-repeat":"repeat","background-position":"center center","background-size":"auto","background-attachment":"scroll","background-type":"","background-media":"","overlay-type":"","overlay-color":"","overlay-opacity":"","overlay-gradient":""}},"ast-content-background-meta":{"desktop":{"background-color":"var(--ast-global-color-5)","background-image":"","background-repeat":"repeat","background-position":"center center","background-size":"auto","background-attachment":"scroll","background-type":"","background-media":"","overlay-type":"","overlay-color":"","overlay-opacity":"","overlay-gradient":""},"tablet":{"background-color":"var(--ast-global-color-5)","background-image":"","background-repeat":"repeat","background-position":"center center","background-size":"auto","background-attachment":"scroll","background-type":"","background-media":"","overlay-type":"","overlay-color":"","overlay-opacity":"","overlay-gradient":""},"mobile":{"background-color":"var(--ast-global-color-5)","background-image":"","background-repeat":"repeat","background-position":"center center","background-size":"auto","background-attachment":"scroll","background-type":"","background-media":"","overlay-type":"","overlay-color":"","overlay-opacity":"","overlay-gradient":""}}},"product_brand":[],"product_cat":[41],"product_tag":[],"class_list":{"0":"post-2332","1":"product","2":"type-product","3":"status-publish","4":"has-post-thumbnail","6":"product_cat-hydraulic-press","7":"desktop-align-left","8":"tablet-align-left","9":"mobile-align-left","10":"ast-product-gallery-layout-horizontal-slider","12":"first","13":"instock","14":"shipping-taxable","15":"product-type-simple"},"yoast_head":"<!-- This site is optimized with the Yoast SEO plugin v27.4 - https:\/\/yoast.com\/product\/yoast-seo-wordpress\/ -->\n<title>Y78-3600t hydraulic press door panel embossing machine - JIUYING<\/title>\n<meta name=\"description\" content=\"This machine is Y78-3600t hydraulic press, door embossing machine, used for door embossing forming,the structure is designed to be reasonable\" \/>\n<meta name=\"robots\" content=\"index, follow, max-snippet:-1, max-image-preview:large, max-video-preview:-1\" \/>\n<link rel=\"canonical\" href=\"https:\/\/www.cncsheetmachine.com\/es\/producto\/y78-3600t-prensa-hidraulica-maquina-de-estampacion-de-panel-de-puerta\/\" \/>\n<meta property=\"og:locale\" content=\"es_ES\" \/>\n<meta property=\"og:type\" content=\"article\" \/>\n<meta property=\"og:title\" content=\"Y78-3600t hydraulic press door panel embossing machine - JIUYING\" \/>\n<meta property=\"og:description\" content=\"This machine is Y78-3600t hydraulic press, door embossing machine, used for door embossing forming,the structure is designed to be reasonable\" \/>\n<meta property=\"og:url\" content=\"https:\/\/www.cncsheetmachine.com\/es\/producto\/y78-3600t-prensa-hidraulica-maquina-de-estampacion-de-panel-de-puerta\/\" \/>\n<meta property=\"og:site_name\" content=\"JIUYING\" \/>\n<meta property=\"article:publisher\" content=\"https:\/\/www.facebook.com\/profile.php?id=100093426904136\" \/>\n<meta property=\"article:modified_time\" content=\"2023-07-28T01:00:56+00:00\" \/>\n<meta property=\"og:image\" content=\"https:\/\/www.cncsheetmachine.com\/wp-content\/uploads\/2023\/07\/11.jpg\" \/>\n\t<meta property=\"og:image:width\" content=\"600\" \/>\n\t<meta property=\"og:image:height\" content=\"600\" \/>\n\t<meta property=\"og:image:type\" content=\"image\/jpeg\" \/>\n<meta name=\"twitter:card\" content=\"summary_large_image\" \/>\n<meta name=\"twitter:label1\" content=\"Tiempo de lectura\" \/>\n\t<meta name=\"twitter:data1\" content=\"3 minutos\" \/>\n<script type=\"application\/ld+json\" class=\"yoast-schema-graph\">{\"@context\":\"https:\\\/\\\/schema.org\",\"@graph\":[{\"@type\":\"WebPage\",\"@id\":\"https:\\\/\\\/www.cncsheetmachine.com\\\/product\\\/y78-3600t-hydraulic-press-door-panel-embossing-machine\\\/\",\"url\":\"https:\\\/\\\/www.cncsheetmachine.com\\\/product\\\/y78-3600t-hydraulic-press-door-panel-embossing-machine\\\/\",\"name\":\"Y78-3600t hydraulic press door panel embossing machine - JIUYING\",\"isPartOf\":{\"@id\":\"https:\\\/\\\/www.cncsheetmachine.com\\\/en\\\/#website\"},\"primaryImageOfPage\":{\"@id\":\"https:\\\/\\\/www.cncsheetmachine.com\\\/product\\\/y78-3600t-hydraulic-press-door-panel-embossing-machine\\\/#primaryimage\"},\"image\":{\"@id\":\"https:\\\/\\\/www.cncsheetmachine.com\\\/product\\\/y78-3600t-hydraulic-press-door-panel-embossing-machine\\\/#primaryimage\"},\"thumbnailUrl\":\"https:\\\/\\\/www.cncsheetmachine.com\\\/wp-content\\\/uploads\\\/2023\\\/07\\\/11.jpg\",\"datePublished\":\"2023-07-17T02:21:17+00:00\",\"dateModified\":\"2023-07-28T01:00:56+00:00\",\"description\":\"This machine is Y78-3600t hydraulic press, door embossing machine, used for door embossing forming,the structure is designed to be reasonable\",\"breadcrumb\":{\"@id\":\"https:\\\/\\\/www.cncsheetmachine.com\\\/product\\\/y78-3600t-hydraulic-press-door-panel-embossing-machine\\\/#breadcrumb\"},\"inLanguage\":\"es\",\"potentialAction\":[{\"@type\":\"ReadAction\",\"target\":[\"https:\\\/\\\/www.cncsheetmachine.com\\\/product\\\/y78-3600t-hydraulic-press-door-panel-embossing-machine\\\/\"]}]},{\"@type\":\"ImageObject\",\"inLanguage\":\"es\",\"@id\":\"https:\\\/\\\/www.cncsheetmachine.com\\\/product\\\/y78-3600t-hydraulic-press-door-panel-embossing-machine\\\/#primaryimage\",\"url\":\"https:\\\/\\\/www.cncsheetmachine.com\\\/wp-content\\\/uploads\\\/2023\\\/07\\\/11.jpg\",\"contentUrl\":\"https:\\\/\\\/www.cncsheetmachine.com\\\/wp-content\\\/uploads\\\/2023\\\/07\\\/11.jpg\",\"width\":600,\"height\":600},{\"@type\":\"BreadcrumbList\",\"@id\":\"https:\\\/\\\/www.cncsheetmachine.com\\\/product\\\/y78-3600t-hydraulic-press-door-panel-embossing-machine\\\/#breadcrumb\",\"itemListElement\":[{\"@type\":\"ListItem\",\"position\":1,\"name\":\"Home\",\"item\":\"https:\\\/\\\/www.cncsheetmachine.com\\\/en\\\/\"},{\"@type\":\"ListItem\",\"position\":2,\"name\":\"Product\",\"item\":\"https:\\\/\\\/www.cncsheetmachine.com\\\/en\\\/product\\\/\"},{\"@type\":\"ListItem\",\"position\":3,\"name\":\"Y78-3600t hydraulic press door panel embossing machine\"}]},{\"@type\":\"WebSite\",\"@id\":\"https:\\\/\\\/www.cncsheetmachine.com\\\/en\\\/#website\",\"url\":\"https:\\\/\\\/www.cncsheetmachine.com\\\/en\\\/\",\"name\":\"JIUYING\",\"description\":\"Jiuying Hydraulic Press Official Website\",\"publisher\":{\"@id\":\"https:\\\/\\\/www.cncsheetmachine.com\\\/en\\\/#organization\"},\"potentialAction\":[{\"@type\":\"SearchAction\",\"target\":{\"@type\":\"EntryPoint\",\"urlTemplate\":\"https:\\\/\\\/www.cncsheetmachine.com\\\/en\\\/?s={search_term_string}\"},\"query-input\":{\"@type\":\"PropertyValueSpecification\",\"valueRequired\":true,\"valueName\":\"search_term_string\"}}],\"inLanguage\":\"es\"},{\"@type\":\"Organization\",\"@id\":\"https:\\\/\\\/www.cncsheetmachine.com\\\/en\\\/#organization\",\"name\":\"JIUYING\",\"url\":\"https:\\\/\\\/www.cncsheetmachine.com\\\/en\\\/\",\"logo\":{\"@type\":\"ImageObject\",\"inLanguage\":\"es\",\"@id\":\"https:\\\/\\\/www.cncsheetmachine.com\\\/en\\\/#\\\/schema\\\/logo\\\/image\\\/\",\"url\":\"\",\"contentUrl\":\"\",\"caption\":\"JIUYING\"},\"image\":{\"@id\":\"https:\\\/\\\/www.cncsheetmachine.com\\\/en\\\/#\\\/schema\\\/logo\\\/image\\\/\"},\"sameAs\":[\"https:\\\/\\\/www.facebook.com\\\/profile.php?id=100093426904136\"]}]}<\/script>\n<!-- \/ Yoast SEO plugin. -->","yoast_head_json":{"title":"Y78-3600t prensa hidr\u00e1ulica puerta panel m\u00e1quina de estampaci\u00f3n - JIUYING","description":"Esta m\u00e1quina es Y78-3600t prensa hidr\u00e1ulica, m\u00e1quina de puerta en relieve, que se utiliza para la puerta en relieve formando, la estructura est\u00e1 dise\u00f1ada para ser razonable","robots":{"index":"index","follow":"follow","max-snippet":"max-snippet:-1","max-image-preview":"max-image-preview:large","max-video-preview":"max-video-preview:-1"},"canonical":"https:\/\/www.cncsheetmachine.com\/es\/producto\/y78-3600t-prensa-hidraulica-maquina-de-estampacion-de-panel-de-puerta\/","og_locale":"es_ES","og_type":"article","og_title":"Y78-3600t hydraulic press door panel embossing machine - JIUYING","og_description":"This machine is Y78-3600t hydraulic press, door embossing machine, used for door embossing forming,the structure is designed to be reasonable","og_url":"https:\/\/www.cncsheetmachine.com\/es\/producto\/y78-3600t-prensa-hidraulica-maquina-de-estampacion-de-panel-de-puerta\/","og_site_name":"JIUYING","article_publisher":"https:\/\/www.facebook.com\/profile.php?id=100093426904136","article_modified_time":"2023-07-28T01:00:56+00:00","og_image":[{"width":600,"height":600,"url":"https:\/\/www.cncsheetmachine.com\/wp-content\/uploads\/2023\/07\/11.jpg","type":"image\/jpeg"}],"twitter_card":"summary_large_image","twitter_misc":{"Tiempo de lectura":"3 minutos"},"schema":{"@context":"https:\/\/schema.org","@graph":[{"@type":"WebPage","@id":"https:\/\/www.cncsheetmachine.com\/product\/y78-3600t-hydraulic-press-door-panel-embossing-machine\/","url":"https:\/\/www.cncsheetmachine.com\/product\/y78-3600t-hydraulic-press-door-panel-embossing-machine\/","name":"Y78-3600t prensa hidr\u00e1ulica puerta panel m\u00e1quina de estampaci\u00f3n - JIUYING","isPartOf":{"@id":"https:\/\/www.cncsheetmachine.com\/en\/#website"},"primaryImageOfPage":{"@id":"https:\/\/www.cncsheetmachine.com\/product\/y78-3600t-hydraulic-press-door-panel-embossing-machine\/#primaryimage"},"image":{"@id":"https:\/\/www.cncsheetmachine.com\/product\/y78-3600t-hydraulic-press-door-panel-embossing-machine\/#primaryimage"},"thumbnailUrl":"https:\/\/www.cncsheetmachine.com\/wp-content\/uploads\/2023\/07\/11.jpg","datePublished":"2023-07-17T02:21:17+00:00","dateModified":"2023-07-28T01:00:56+00:00","description":"Esta m\u00e1quina es Y78-3600t prensa hidr\u00e1ulica, m\u00e1quina de puerta en relieve, que se utiliza para la puerta en relieve formando, la estructura est\u00e1 dise\u00f1ada para ser razonable","breadcrumb":{"@id":"https:\/\/www.cncsheetmachine.com\/product\/y78-3600t-hydraulic-press-door-panel-embossing-machine\/#breadcrumb"},"inLanguage":"es","potentialAction":[{"@type":"ReadAction","target":["https:\/\/www.cncsheetmachine.com\/product\/y78-3600t-hydraulic-press-door-panel-embossing-machine\/"]}]},{"@type":"ImageObject","inLanguage":"es","@id":"https:\/\/www.cncsheetmachine.com\/product\/y78-3600t-hydraulic-press-door-panel-embossing-machine\/#primaryimage","url":"https:\/\/www.cncsheetmachine.com\/wp-content\/uploads\/2023\/07\/11.jpg","contentUrl":"https:\/\/www.cncsheetmachine.com\/wp-content\/uploads\/2023\/07\/11.jpg","width":600,"height":600},{"@type":"BreadcrumbList","@id":"https:\/\/www.cncsheetmachine.com\/product\/y78-3600t-hydraulic-press-door-panel-embossing-machine\/#breadcrumb","itemListElement":[{"@type":"ListItem","position":1,"name":"Home","item":"https:\/\/www.cncsheetmachine.com\/en\/"},{"@type":"ListItem","position":2,"name":"Product","item":"https:\/\/www.cncsheetmachine.com\/en\/product\/"},{"@type":"ListItem","position":3,"name":"Y78-3600t hydraulic press door panel embossing machine"}]},{"@type":"WebSite","@id":"https:\/\/www.cncsheetmachine.com\/en\/#website","url":"https:\/\/www.cncsheetmachine.com\/en\/","name":"JIUYING","description":"Sitio web oficial de Jiuying Hydraulic Press","publisher":{"@id":"https:\/\/www.cncsheetmachine.com\/en\/#organization"},"potentialAction":[{"@type":"SearchAction","target":{"@type":"EntryPoint","urlTemplate":"https:\/\/www.cncsheetmachine.com\/en\/?s={search_term_string}"},"query-input":{"@type":"PropertyValueSpecification","valueRequired":true,"valueName":"search_term_string"}}],"inLanguage":"es"},{"@type":"Organization","@id":"https:\/\/www.cncsheetmachine.com\/en\/#organization","name":"JIUYING","url":"https:\/\/www.cncsheetmachine.com\/en\/","logo":{"@type":"ImageObject","inLanguage":"es","@id":"https:\/\/www.cncsheetmachine.com\/en\/#\/schema\/logo\/image\/","url":"","contentUrl":"","caption":"JIUYING"},"image":{"@id":"https:\/\/www.cncsheetmachine.com\/en\/#\/schema\/logo\/image\/"},"sameAs":["https:\/\/www.facebook.com\/profile.php?id=100093426904136"]}]}},"_links":{"self":[{"href":"https:\/\/www.cncsheetmachine.com\/es\/wp-json\/wp\/v2\/product\/2332","targetHints":{"allow":["GET"]}}],"collection":[{"href":"https:\/\/www.cncsheetmachine.com\/es\/wp-json\/wp\/v2\/product"}],"about":[{"href":"https:\/\/www.cncsheetmachine.com\/es\/wp-json\/wp\/v2\/types\/product"}],"replies":[{"embeddable":true,"href":"https:\/\/www.cncsheetmachine.com\/es\/wp-json\/wp\/v2\/comments?post=2332"}],"version-history":[{"count":1,"href":"https:\/\/www.cncsheetmachine.com\/es\/wp-json\/wp\/v2\/product\/2332\/revisions"}],"predecessor-version":[{"id":2341,"href":"https:\/\/www.cncsheetmachine.com\/es\/wp-json\/wp\/v2\/product\/2332\/revisions\/2341"}],"wp:featuredmedia":[{"embeddable":true,"href":"https:\/\/www.cncsheetmachine.com\/es\/wp-json\/wp\/v2\/media\/2340"}],"wp:attachment":[{"href":"https:\/\/www.cncsheetmachine.com\/es\/wp-json\/wp\/v2\/media?parent=2332"}],"wp:term":[{"taxonomy":"product_brand","embeddable":true,"href":"https:\/\/www.cncsheetmachine.com\/es\/wp-json\/wp\/v2\/product_brand?post=2332"},{"taxonomy":"product_cat","embeddable":true,"href":"https:\/\/www.cncsheetmachine.com\/es\/wp-json\/wp\/v2\/product_cat?post=2332"},{"taxonomy":"product_tag","embeddable":true,"href":"https:\/\/www.cncsheetmachine.com\/es\/wp-json\/wp\/v2\/product_tag?post=2332"}],"curies":[{"name":"wp","href":"https:\/\/api.w.org\/{rel}","templated":true}]}}