{"id":2982,"date":"2025-08-12T10:56:01","date_gmt":"2025-08-12T02:56:01","guid":{"rendered":"https:\/\/www.cncsheetmachine.com\/?post_type=product&#038;p=2982"},"modified":"2025-08-12T10:56:03","modified_gmt":"2025-08-12T02:56:03","slug":"hydraulic-press-for-pressing-metal-sheets","status":"publish","type":"product","link":"https:\/\/www.cncsheetmachine.com\/es\/producto\/prensa-hidraulica-para-prensar-chapas\/","title":{"rendered":"Prensa hidr\u00e1ulica para prensar chapas"},"content":{"rendered":"<h2 data-start=\"538\" data-end=\"613\">Prensa hidr\u00e1ulica de tres vigas y cuatro columnas de 200 toneladas para el conformado de chapa met\u00e1lica<\/h2>\n<p data-start=\"615\" data-end=\"944\">La <strong data-start=\"619\" data-end=\"646\">Prensa hidr\u00e1ulica de 200 toneladas<\/strong> adopta una <strong data-start=\"656\" data-end=\"692\">estructura de tres vigas y cuatro columnas<\/strong> y un sistema hidr\u00e1ulico fiable para transmitir la presi\u00f3n, lo que lo hace ideal para <strong data-start=\"767\" data-end=\"828\">aplanado, estampado, embutici\u00f3n y plegado de chapa met\u00e1lica<\/strong> procesos. Esta prensa hidr\u00e1ulica de tama\u00f1o medio ofrece un rendimiento estable, un control preciso y una larga vida \u00fatil.<\/p>\n<h3 data-start=\"946\" data-end=\"991\">Aplicaciones de la prensa hidr\u00e1ulica de 200 toneladas<\/h3>\n<h4 data-start=\"993\" data-end=\"1027\">1. Fabricaci\u00f3n de autom\u00f3viles<\/h4>\n<p data-start=\"1028\" data-end=\"1258\">Perfecta para procesar componentes de chapa fina como <strong data-start=\"1081\" data-end=\"1102\">paneles interiores de las puertas<\/strong> y <strong data-start=\"1107\" data-end=\"1129\">revestimientos de cap\u00f3<\/strong>. En <strong data-start=\"1135\" data-end=\"1158\">prensa de conformado de metales<\/strong> garantiza <strong data-start=\"1167\" data-end=\"1185\">alta precisi\u00f3n<\/strong>, <strong data-start=\"1187\" data-end=\"1200\">bajo nivel de ruido<\/strong>y calidad constante en la producci\u00f3n de piezas de automoci\u00f3n.<\/p>\n<h4 data-start=\"1260\" data-end=\"1295\">2. Producci\u00f3n de electrodom\u00e9sticos<\/h4>\n<p data-start=\"1296\" data-end=\"1555\">Ampliamente utilizado para <strong data-start=\"1312\" data-end=\"1328\">dibujo profundo<\/strong> de tambores interiores de lavadoras, paneles laterales de frigor\u00edficos y otras piezas de chapa de electrodom\u00e9sticos. El sitio <strong data-start=\"1430\" data-end=\"1462\">embutici\u00f3n profunda con prensa hidr\u00e1ulica<\/strong> ofrece <strong data-start=\"1470\" data-end=\"1505\">capacidad de dibujo lenta y estable<\/strong> y una eficaz <strong data-start=\"1523\" data-end=\"1552\">funci\u00f3n de mantenimiento de la presi\u00f3n<\/strong>.<\/p>\n<h4 data-start=\"1557\" data-end=\"1599\">3. Fabricaci\u00f3n de hardware de precisi\u00f3n<\/h4>\n<p data-start=\"1600\" data-end=\"1820\">Ideal para producir peque\u00f1os componentes met\u00e1licos como <strong data-start=\"1648\" data-end=\"1676\">cerraduras, luminarias<\/strong>y otros herrajes de precisi\u00f3n. La m\u00e1quina <strong data-start=\"1722\" data-end=\"1748\">sistema de ajuste fino<\/strong> y <strong data-start=\"1753\" data-end=\"1770\">gran rigidez<\/strong> garantizar la precisi\u00f3n y la estabilidad durante el funcionamiento.<\/p>\n<h3>Modelos 100T a 315T<\/h3>\n<table>\n<tbody>\n<tr>\n<th>Art\u00edculo<\/th>\n<th>100T-A<\/th>\n<th>100T-B<\/th>\n<th>160T<\/th>\n<th>200T-A<\/th>\n<th>200T-B<\/th>\n<th>315T-A<\/th>\n<th>315T-B<\/th>\n<\/tr>\n<tr>\n<td>Presi\u00f3n hidr\u00e1ulica (MPa)<\/td>\n<td>25<\/td>\n<td>25<\/td>\n<td>25<\/td>\n<td>25<\/td>\n<td>25<\/td>\n<td>25<\/td>\n<td>25<\/td>\n<\/tr>\n<tr>\n<td>Max. Carrera de la corredera (mm)<\/td>\n<td>500<\/td>\n<td>600<\/td>\n<td>600<\/td>\n<td>700<\/td>\n<td>600<\/td>\n<td>800<\/td>\n<td>600<\/td>\n<\/tr>\n<tr>\n<td>Max. Altura de apertura (mm)<\/td>\n<td>800<\/td>\n<td>900<\/td>\n<td>900<\/td>\n<td>1200<\/td>\n<td>900<\/td>\n<td>1250<\/td>\n<td>1000<\/td>\n<\/tr>\n<tr>\n<td>Tama\u00f1o efectivo de la mesa (mm)<\/td>\n<td>630\u00d7550<\/td>\n<td>750\u00d7700<\/td>\n<td>660\u00d7600<\/td>\n<td>1000\u00d71000<\/td>\n<td>800\u00d7800<\/td>\n<td>1260\u00d71160<\/td>\n<td>800\u00d7800<\/td>\n<\/tr>\n<tr>\n<td>Velocidad de bajada r\u00e1pida (mm\/s)<\/td>\n<td>100<\/td>\n<td>100<\/td>\n<td>100<\/td>\n<td>100<\/td>\n<td>100<\/td>\n<td>120<\/td>\n<td>120<\/td>\n<\/tr>\n<tr>\n<td>Velocidad de prensado (mm\/s)<\/td>\n<td>7-15<\/td>\n<td>7-15<\/td>\n<td>7-15<\/td>\n<td>7-18<\/td>\n<td>7-18<\/td>\n<td>7-12<\/td>\n<td>7-12<\/td>\n<\/tr>\n<tr>\n<td>Velocidad de retorno (mm\/s)<\/td>\n<td>90<\/td>\n<td>90<\/td>\n<td>90<\/td>\n<td>90<\/td>\n<td>90<\/td>\n<td>100<\/td>\n<td>90<\/td>\n<\/tr>\n<tr>\n<td>Potencia del motor (kW)<\/td>\n<td>5.5<\/td>\n<td>5.5<\/td>\n<td>7.5<\/td>\n<td>7.5<\/td>\n<td>7.5<\/td>\n<td>22<\/td>\n<td>15<\/td>\n<\/tr>\n<tr>\n<td>Fuerza de expulsi\u00f3n (kN)<\/td>\n<td>200<\/td>\n<td>200<\/td>\n<td>400<\/td>\n<td>400<\/td>\n<td>400<\/td>\n<td>630<\/td>\n<td>630<\/td>\n<\/tr>\n<tr>\n<td>Carrera del eyector (mm)<\/td>\n<td>200<\/td>\n<td>200<\/td>\n<td>200<\/td>\n<td>200<\/td>\n<td>200<\/td>\n<td>300<\/td>\n<td>300<\/td>\n<\/tr>\n<\/tbody>\n<\/table>\n<h3>Modelos 400T a 1600T<\/h3>\n<table>\n<tbody>\n<tr>\n<th>Art\u00edculo<\/th>\n<th>400T<\/th>\n<th>500T<\/th>\n<th>630T<\/th>\n<th>800T<\/th>\n<th>1000T<\/th>\n<th>1250T<\/th>\n<th>1600T<\/th>\n<\/tr>\n<tr>\n<td>Presi\u00f3n hidr\u00e1ulica (MPa)<\/td>\n<td>25<\/td>\n<td>25<\/td>\n<td>25<\/td>\n<td>25<\/td>\n<td>25<\/td>\n<td>25<\/td>\n<td>25<\/td>\n<\/tr>\n<tr>\n<td>Max. Carrera de la corredera (mm)<\/td>\n<td>800<\/td>\n<td>900<\/td>\n<td>900<\/td>\n<td>1000<\/td>\n<td>900<\/td>\n<td>900<\/td>\n<td>1000<\/td>\n<\/tr>\n<tr>\n<td>Max. Altura de apertura (mm)<\/td>\n<td>1250<\/td>\n<td>1500<\/td>\n<td>1500<\/td>\n<td>1800<\/td>\n<td>1600<\/td>\n<td>1600<\/td>\n<td>1800<\/td>\n<\/tr>\n<tr>\n<td>Tama\u00f1o efectivo de la mesa (mm)<\/td>\n<td>1260\u00d71160<\/td>\n<td>1400\u00d71400<\/td>\n<td>1600\u00d71600<\/td>\n<td>1500\u00d71500<\/td>\n<td>1500\u00d71500<\/td>\n<td>1800\u00d71600<\/td>\n<td>1600\u00d71600<\/td>\n<\/tr>\n<tr>\n<td>Velocidad de bajada r\u00e1pida (mm\/s)<\/td>\n<td>100<\/td>\n<td>150<\/td>\n<td>150<\/td>\n<td>180<\/td>\n<td>180<\/td>\n<td>160<\/td>\n<td>180<\/td>\n<\/tr>\n<tr>\n<td>Velocidad de prensado (mm\/s)<\/td>\n<td>5-11<\/td>\n<td>10-18<\/td>\n<td>9-18<\/td>\n<td>9-18<\/td>\n<td>10-18<\/td>\n<td>10-18<\/td>\n<td>6-14<\/td>\n<\/tr>\n<tr>\n<td>Velocidad de retorno (mm\/s)<\/td>\n<td>100<\/td>\n<td>120<\/td>\n<td>150<\/td>\n<td>180<\/td>\n<td>220<\/td>\n<td>200<\/td>\n<td>220<\/td>\n<\/tr>\n<tr>\n<td>Potencia del motor (kW)<\/td>\n<td>45<\/td>\n<td>45<\/td>\n<td>45<\/td>\n<td>37\u00d72<\/td>\n<td>37\u00d72<\/td>\n<td>37\u00d72<\/td>\n<td>37\u00d72<\/td>\n<\/tr>\n<tr>\n<td>Fuerza de expulsi\u00f3n (kN)<\/td>\n<td>630<\/td>\n<td>1000<\/td>\n<td>1000<\/td>\n<td>1000<\/td>\n<td>1000<\/td>\n<td>1000<\/td>\n<td>1600<\/td>\n<\/tr>\n<tr>\n<td>Carrera del eyector (mm)<\/td>\n<td>300<\/td>\n<td>300<\/td>\n<td>300<\/td>\n<td>300<\/td>\n<td>300<\/td>\n<td>300<\/td>\n<td>350<\/td>\n<\/tr>\n<\/tbody>\n<\/table>\n<h3>Proceso de prensado<\/h3>\n<p><img fetchpriority=\"high\" decoding=\"async\" class=\"aligncenter size-full wp-image-2983\" src=\"https:\/\/www.cncsheetmachine.com\/wp-content\/uploads\/2025\/08\/1754557726e807fa-scaled.jpg\" alt=\"proceso de prensado\" width=\"1983\" height=\"2560\" srcset=\"https:\/\/www.cncsheetmachine.com\/wp-content\/uploads\/2025\/08\/1754557726e807fa-scaled.jpg 1983w, https:\/\/www.cncsheetmachine.com\/wp-content\/uploads\/2025\/08\/1754557726e807fa-232x300.jpg 232w, https:\/\/www.cncsheetmachine.com\/wp-content\/uploads\/2025\/08\/1754557726e807fa-793x1024.jpg 793w, https:\/\/www.cncsheetmachine.com\/wp-content\/uploads\/2025\/08\/1754557726e807fa-768x991.jpg 768w, https:\/\/www.cncsheetmachine.com\/wp-content\/uploads\/2025\/08\/1754557726e807fa-1190x1536.jpg 1190w, https:\/\/www.cncsheetmachine.com\/wp-content\/uploads\/2025\/08\/1754557726e807fa-1587x2048.jpg 1587w, https:\/\/www.cncsheetmachine.com\/wp-content\/uploads\/2025\/08\/1754557726e807fa-9x12.jpg 9w, https:\/\/www.cncsheetmachine.com\/wp-content\/uploads\/2025\/08\/1754557726e807fa-600x775.jpg 600w\" sizes=\"(max-width: 1983px) 100vw, 1983px\" \/><\/p>\n<h3>Qui\u00e9nes somos<\/h3>\n<p><img decoding=\"async\" class=\"aligncenter size-full wp-image-2987\" src=\"https:\/\/www.cncsheetmachine.com\/wp-content\/uploads\/2025\/08\/wechat_2025-08-11_163040_014.jpg\" alt=\"\" width=\"787\" height=\"666\" srcset=\"https:\/\/www.cncsheetmachine.com\/wp-content\/uploads\/2025\/08\/wechat_2025-08-11_163040_014.jpg 787w, https:\/\/www.cncsheetmachine.com\/wp-content\/uploads\/2025\/08\/wechat_2025-08-11_163040_014-300x254.jpg 300w, https:\/\/www.cncsheetmachine.com\/wp-content\/uploads\/2025\/08\/wechat_2025-08-11_163040_014-768x650.jpg 768w, https:\/\/www.cncsheetmachine.com\/wp-content\/uploads\/2025\/08\/wechat_2025-08-11_163040_014-14x12.jpg 14w, https:\/\/www.cncsheetmachine.com\/wp-content\/uploads\/2025\/08\/wechat_2025-08-11_163040_014-600x508.jpg 600w\" sizes=\"(max-width: 787px) 100vw, 787px\" \/><\/p>\n<p>JIUYING HEAVY MACHINE CO,LIMITED se estableci\u00f3 en 2012. Somos un fabricante profesional y distribuidor de prensas hidr\u00e1ulicas, proporcionando una amplia gama de modelos de prensas hidr\u00e1ulicas a los clientes globales. Ofrecemos productos personalizados adaptados a las necesidades del cliente. Todos nuestros productos est\u00e1n certificados por ISO, CE, EAC, UL y CSA. Para m\u00e1s detalles, p\u00f3ngase en contacto con nuestros representantes de ventas.<br \/>\nTodos nuestros productos tienen un a\u00f1o de garant\u00eda para reparaciones y servicio posventa de piezas de repuesto de por vida. Si tiene alg\u00fan problema con el producto, no dude en ponerse en contacto con nosotros en cualquier momento.<\/p>\n<p><img decoding=\"async\" class=\"aligncenter size-full wp-image-2988\" src=\"https:\/\/www.cncsheetmachine.com\/wp-content\/uploads\/2025\/08\/e4201d65-7dd4-42c0-9ac5-09f03c33071b.jpg\" alt=\"Embalaje y transporte de productos\" width=\"750\" height=\"1085\" srcset=\"https:\/\/www.cncsheetmachine.com\/wp-content\/uploads\/2025\/08\/e4201d65-7dd4-42c0-9ac5-09f03c33071b.jpg 750w, https:\/\/www.cncsheetmachine.com\/wp-content\/uploads\/2025\/08\/e4201d65-7dd4-42c0-9ac5-09f03c33071b-207x300.jpg 207w, https:\/\/www.cncsheetmachine.com\/wp-content\/uploads\/2025\/08\/e4201d65-7dd4-42c0-9ac5-09f03c33071b-708x1024.jpg 708w, https:\/\/www.cncsheetmachine.com\/wp-content\/uploads\/2025\/08\/e4201d65-7dd4-42c0-9ac5-09f03c33071b-8x12.jpg 8w, https:\/\/www.cncsheetmachine.com\/wp-content\/uploads\/2025\/08\/e4201d65-7dd4-42c0-9ac5-09f03c33071b-600x868.jpg 600w\" sizes=\"(max-width: 750px) 100vw, 750px\" \/><\/p>","protected":false},"excerpt":{"rendered":"<p>Prensas hidr\u00e1ulicas de alta precisi\u00f3n para prensado de chapas, estampaci\u00f3n, embutici\u00f3n profunda y plegado. Prensas hidr\u00e1ulicas de tres vigas y cuatro columnas de la serie YQ32 para la fabricaci\u00f3n de autom\u00f3viles, electrodom\u00e9sticos y hardware de precisi\u00f3n.<\/p>","protected":false},"featured_media":2984,"comment_status":"open","ping_status":"closed","template":"","meta":{"site-sidebar-layout":"default","site-content-layout":"","ast-site-content-layout":"default","site-content-style":"default","site-sidebar-style":"default","ast-global-header-display":"","ast-banner-title-visibility":"","ast-main-header-display":"","ast-hfb-above-header-display":"","ast-hfb-below-header-display":"","ast-hfb-mobile-header-display":"","site-post-title":"","ast-breadcrumbs-content":"","ast-featured-img":"","footer-sml-layout":"","ast-disable-related-posts":"","theme-transparent-header-meta":"default","adv-header-id-meta":"","stick-header-meta":"","header-above-stick-meta":"","header-main-stick-meta":"","header-below-stick-meta":"","astra-migrate-meta-layouts":"set","ast-page-background-enabled":"default","ast-page-background-meta":{"desktop":{"background-color":"var(--ast-global-color-4)","background-image":"","background-repeat":"repeat","background-position":"center center","background-size":"auto","background-attachment":"scroll","background-type":"","background-media":"","overlay-type":"","overlay-color":"","overlay-opacity":"","overlay-gradient":""},"tablet":{"background-color":"","background-image":"","background-repeat":"repeat","background-position":"center center","background-size":"auto","background-attachment":"scroll","background-type":"","background-media":"","overlay-type":"","overlay-color":"","overlay-opacity":"","overlay-gradient":""},"mobile":{"background-color":"","background-image":"","background-repeat":"repeat","background-position":"center center","background-size":"auto","background-attachment":"scroll","background-type":"","background-media":"","overlay-type":"","overlay-color":"","overlay-opacity":"","overlay-gradient":""}},"ast-content-background-meta":{"desktop":{"background-color":"var(--ast-global-color-5)","background-image":"","background-repeat":"repeat","background-position":"center center","background-size":"auto","background-attachment":"scroll","background-type":"","background-media":"","overlay-type":"","overlay-color":"","overlay-opacity":"","overlay-gradient":""},"tablet":{"background-color":"var(--ast-global-color-5)","background-image":"","background-repeat":"repeat","background-position":"center center","background-size":"auto","background-attachment":"scroll","background-type":"","background-media":"","overlay-type":"","overlay-color":"","overlay-opacity":"","overlay-gradient":""},"mobile":{"background-color":"var(--ast-global-color-5)","background-image":"","background-repeat":"repeat","background-position":"center center","background-size":"auto","background-attachment":"scroll","background-type":"","background-media":"","overlay-type":"","overlay-color":"","overlay-opacity":"","overlay-gradient":""}}},"product_brand":[],"product_cat":[183],"product_tag":[],"class_list":{"0":"post-2982","1":"product","2":"type-product","3":"status-publish","4":"has-post-thumbnail","6":"product_cat-forming-hydraulic-press","7":"desktop-align-left","8":"tablet-align-left","9":"mobile-align-left","10":"ast-product-gallery-layout-horizontal-slider","12":"first","13":"instock","14":"shipping-taxable","15":"product-type-simple"},"yoast_head":"<!-- This site is optimized with the Yoast SEO plugin v27.4 - https:\/\/yoast.com\/product\/yoast-seo-wordpress\/ -->\n<title>Hydraulic press for pressing metal sheets - JIUYING<\/title>\n<meta name=\"description\" content=\"YQ32 series three-beam four-column hydraulic presses for pressing metal sheets, automotive, appliance, and precision hardware manufacturing.\" \/>\n<meta name=\"robots\" content=\"index, follow, max-snippet:-1, max-image-preview:large, max-video-preview:-1\" \/>\n<link rel=\"canonical\" href=\"https:\/\/www.cncsheetmachine.com\/es\/producto\/prensa-hidraulica-para-prensar-chapas\/\" \/>\n<meta property=\"og:locale\" content=\"es_ES\" \/>\n<meta property=\"og:type\" content=\"article\" \/>\n<meta property=\"og:title\" content=\"Hydraulic press for pressing metal sheets - JIUYING\" \/>\n<meta property=\"og:description\" content=\"YQ32 series three-beam four-column hydraulic presses for pressing metal sheets, automotive, appliance, and precision hardware manufacturing.\" \/>\n<meta property=\"og:url\" content=\"https:\/\/www.cncsheetmachine.com\/es\/producto\/prensa-hidraulica-para-prensar-chapas\/\" \/>\n<meta property=\"og:site_name\" content=\"JIUYING\" \/>\n<meta property=\"article:publisher\" content=\"https:\/\/www.facebook.com\/profile.php?id=100093426904136\" \/>\n<meta property=\"article:modified_time\" content=\"2025-08-12T02:56:03+00:00\" \/>\n<meta property=\"og:image\" content=\"https:\/\/www.cncsheetmachine.com\/wp-content\/uploads\/2025\/08\/e09ea62ffc05376.jpg\" \/>\n\t<meta property=\"og:image:width\" content=\"800\" \/>\n\t<meta property=\"og:image:height\" content=\"800\" \/>\n\t<meta property=\"og:image:type\" content=\"image\/jpeg\" \/>\n<meta name=\"twitter:card\" content=\"summary_large_image\" \/>\n<meta name=\"twitter:label1\" content=\"Tiempo de lectura\" \/>\n\t<meta name=\"twitter:data1\" content=\"3 minutos\" \/>\n<script type=\"application\/ld+json\" class=\"yoast-schema-graph\">{\"@context\":\"https:\\\/\\\/schema.org\",\"@graph\":[{\"@type\":\"WebPage\",\"@id\":\"https:\\\/\\\/www.cncsheetmachine.com\\\/product\\\/hydraulic-press-for-pressing-metal-sheets\\\/\",\"url\":\"https:\\\/\\\/www.cncsheetmachine.com\\\/product\\\/hydraulic-press-for-pressing-metal-sheets\\\/\",\"name\":\"Hydraulic press for pressing metal sheets - JIUYING\",\"isPartOf\":{\"@id\":\"https:\\\/\\\/www.cncsheetmachine.com\\\/en\\\/#website\"},\"primaryImageOfPage\":{\"@id\":\"https:\\\/\\\/www.cncsheetmachine.com\\\/product\\\/hydraulic-press-for-pressing-metal-sheets\\\/#primaryimage\"},\"image\":{\"@id\":\"https:\\\/\\\/www.cncsheetmachine.com\\\/product\\\/hydraulic-press-for-pressing-metal-sheets\\\/#primaryimage\"},\"thumbnailUrl\":\"https:\\\/\\\/www.cncsheetmachine.com\\\/wp-content\\\/uploads\\\/2025\\\/08\\\/e09ea62ffc05376.jpg\",\"datePublished\":\"2025-08-12T02:56:01+00:00\",\"dateModified\":\"2025-08-12T02:56:03+00:00\",\"description\":\"YQ32 series three-beam four-column hydraulic presses for pressing metal sheets, automotive, appliance, and precision hardware manufacturing.\",\"breadcrumb\":{\"@id\":\"https:\\\/\\\/www.cncsheetmachine.com\\\/product\\\/hydraulic-press-for-pressing-metal-sheets\\\/#breadcrumb\"},\"inLanguage\":\"es\",\"potentialAction\":[{\"@type\":\"ReadAction\",\"target\":[\"https:\\\/\\\/www.cncsheetmachine.com\\\/product\\\/hydraulic-press-for-pressing-metal-sheets\\\/\"]}]},{\"@type\":\"ImageObject\",\"inLanguage\":\"es\",\"@id\":\"https:\\\/\\\/www.cncsheetmachine.com\\\/product\\\/hydraulic-press-for-pressing-metal-sheets\\\/#primaryimage\",\"url\":\"https:\\\/\\\/www.cncsheetmachine.com\\\/wp-content\\\/uploads\\\/2025\\\/08\\\/e09ea62ffc05376.jpg\",\"contentUrl\":\"https:\\\/\\\/www.cncsheetmachine.com\\\/wp-content\\\/uploads\\\/2025\\\/08\\\/e09ea62ffc05376.jpg\",\"width\":800,\"height\":800,\"caption\":\"hydraulic press machine\"},{\"@type\":\"BreadcrumbList\",\"@id\":\"https:\\\/\\\/www.cncsheetmachine.com\\\/product\\\/hydraulic-press-for-pressing-metal-sheets\\\/#breadcrumb\",\"itemListElement\":[{\"@type\":\"ListItem\",\"position\":1,\"name\":\"Home\",\"item\":\"https:\\\/\\\/www.cncsheetmachine.com\\\/en\\\/\"},{\"@type\":\"ListItem\",\"position\":2,\"name\":\"Product\",\"item\":\"https:\\\/\\\/www.cncsheetmachine.com\\\/en\\\/product\\\/\"},{\"@type\":\"ListItem\",\"position\":3,\"name\":\"Hydraulic press for pressing metal sheets\"}]},{\"@type\":\"WebSite\",\"@id\":\"https:\\\/\\\/www.cncsheetmachine.com\\\/en\\\/#website\",\"url\":\"https:\\\/\\\/www.cncsheetmachine.com\\\/en\\\/\",\"name\":\"JIUYING\",\"description\":\"Jiuying Hydraulic Press Official Website\",\"publisher\":{\"@id\":\"https:\\\/\\\/www.cncsheetmachine.com\\\/en\\\/#organization\"},\"potentialAction\":[{\"@type\":\"SearchAction\",\"target\":{\"@type\":\"EntryPoint\",\"urlTemplate\":\"https:\\\/\\\/www.cncsheetmachine.com\\\/en\\\/?s={search_term_string}\"},\"query-input\":{\"@type\":\"PropertyValueSpecification\",\"valueRequired\":true,\"valueName\":\"search_term_string\"}}],\"inLanguage\":\"es\"},{\"@type\":\"Organization\",\"@id\":\"https:\\\/\\\/www.cncsheetmachine.com\\\/en\\\/#organization\",\"name\":\"JIUYING\",\"url\":\"https:\\\/\\\/www.cncsheetmachine.com\\\/en\\\/\",\"logo\":{\"@type\":\"ImageObject\",\"inLanguage\":\"es\",\"@id\":\"https:\\\/\\\/www.cncsheetmachine.com\\\/en\\\/#\\\/schema\\\/logo\\\/image\\\/\",\"url\":\"\",\"contentUrl\":\"\",\"caption\":\"JIUYING\"},\"image\":{\"@id\":\"https:\\\/\\\/www.cncsheetmachine.com\\\/en\\\/#\\\/schema\\\/logo\\\/image\\\/\"},\"sameAs\":[\"https:\\\/\\\/www.facebook.com\\\/profile.php?id=100093426904136\"]}]}<\/script>\n<!-- \/ Yoast SEO plugin. -->","yoast_head_json":{"title":"Prensa hidr\u00e1ulica para prensar chapas met\u00e1licas - JIUYING","description":"Prensas hidr\u00e1ulicas de tres vigas y cuatro columnas de la serie YQ32 para prensado de chapas met\u00e1licas, fabricaci\u00f3n de autom\u00f3viles, electrodom\u00e9sticos y herrajes de precisi\u00f3n.","robots":{"index":"index","follow":"follow","max-snippet":"max-snippet:-1","max-image-preview":"max-image-preview:large","max-video-preview":"max-video-preview:-1"},"canonical":"https:\/\/www.cncsheetmachine.com\/es\/producto\/prensa-hidraulica-para-prensar-chapas\/","og_locale":"es_ES","og_type":"article","og_title":"Hydraulic press for pressing metal sheets - JIUYING","og_description":"YQ32 series three-beam four-column hydraulic presses for pressing metal sheets, automotive, appliance, and precision hardware manufacturing.","og_url":"https:\/\/www.cncsheetmachine.com\/es\/producto\/prensa-hidraulica-para-prensar-chapas\/","og_site_name":"JIUYING","article_publisher":"https:\/\/www.facebook.com\/profile.php?id=100093426904136","article_modified_time":"2025-08-12T02:56:03+00:00","og_image":[{"width":800,"height":800,"url":"https:\/\/www.cncsheetmachine.com\/wp-content\/uploads\/2025\/08\/e09ea62ffc05376.jpg","type":"image\/jpeg"}],"twitter_card":"summary_large_image","twitter_misc":{"Tiempo de lectura":"3 minutos"},"schema":{"@context":"https:\/\/schema.org","@graph":[{"@type":"WebPage","@id":"https:\/\/www.cncsheetmachine.com\/product\/hydraulic-press-for-pressing-metal-sheets\/","url":"https:\/\/www.cncsheetmachine.com\/product\/hydraulic-press-for-pressing-metal-sheets\/","name":"Prensa hidr\u00e1ulica para prensar chapas met\u00e1licas - JIUYING","isPartOf":{"@id":"https:\/\/www.cncsheetmachine.com\/en\/#website"},"primaryImageOfPage":{"@id":"https:\/\/www.cncsheetmachine.com\/product\/hydraulic-press-for-pressing-metal-sheets\/#primaryimage"},"image":{"@id":"https:\/\/www.cncsheetmachine.com\/product\/hydraulic-press-for-pressing-metal-sheets\/#primaryimage"},"thumbnailUrl":"https:\/\/www.cncsheetmachine.com\/wp-content\/uploads\/2025\/08\/e09ea62ffc05376.jpg","datePublished":"2025-08-12T02:56:01+00:00","dateModified":"2025-08-12T02:56:03+00:00","description":"Prensas hidr\u00e1ulicas de tres vigas y cuatro columnas de la serie YQ32 para prensado de chapas met\u00e1licas, fabricaci\u00f3n de autom\u00f3viles, electrodom\u00e9sticos y herrajes de precisi\u00f3n.","breadcrumb":{"@id":"https:\/\/www.cncsheetmachine.com\/product\/hydraulic-press-for-pressing-metal-sheets\/#breadcrumb"},"inLanguage":"es","potentialAction":[{"@type":"ReadAction","target":["https:\/\/www.cncsheetmachine.com\/product\/hydraulic-press-for-pressing-metal-sheets\/"]}]},{"@type":"ImageObject","inLanguage":"es","@id":"https:\/\/www.cncsheetmachine.com\/product\/hydraulic-press-for-pressing-metal-sheets\/#primaryimage","url":"https:\/\/www.cncsheetmachine.com\/wp-content\/uploads\/2025\/08\/e09ea62ffc05376.jpg","contentUrl":"https:\/\/www.cncsheetmachine.com\/wp-content\/uploads\/2025\/08\/e09ea62ffc05376.jpg","width":800,"height":800,"caption":"hydraulic press machine"},{"@type":"BreadcrumbList","@id":"https:\/\/www.cncsheetmachine.com\/product\/hydraulic-press-for-pressing-metal-sheets\/#breadcrumb","itemListElement":[{"@type":"ListItem","position":1,"name":"Home","item":"https:\/\/www.cncsheetmachine.com\/en\/"},{"@type":"ListItem","position":2,"name":"Product","item":"https:\/\/www.cncsheetmachine.com\/en\/product\/"},{"@type":"ListItem","position":3,"name":"Hydraulic press for pressing metal sheets"}]},{"@type":"WebSite","@id":"https:\/\/www.cncsheetmachine.com\/en\/#website","url":"https:\/\/www.cncsheetmachine.com\/en\/","name":"JIUYING","description":"Sitio web oficial de Jiuying Hydraulic Press","publisher":{"@id":"https:\/\/www.cncsheetmachine.com\/en\/#organization"},"potentialAction":[{"@type":"SearchAction","target":{"@type":"EntryPoint","urlTemplate":"https:\/\/www.cncsheetmachine.com\/en\/?s={search_term_string}"},"query-input":{"@type":"PropertyValueSpecification","valueRequired":true,"valueName":"search_term_string"}}],"inLanguage":"es"},{"@type":"Organization","@id":"https:\/\/www.cncsheetmachine.com\/en\/#organization","name":"JIUYING","url":"https:\/\/www.cncsheetmachine.com\/en\/","logo":{"@type":"ImageObject","inLanguage":"es","@id":"https:\/\/www.cncsheetmachine.com\/en\/#\/schema\/logo\/image\/","url":"","contentUrl":"","caption":"JIUYING"},"image":{"@id":"https:\/\/www.cncsheetmachine.com\/en\/#\/schema\/logo\/image\/"},"sameAs":["https:\/\/www.facebook.com\/profile.php?id=100093426904136"]}]}},"_links":{"self":[{"href":"https:\/\/www.cncsheetmachine.com\/es\/wp-json\/wp\/v2\/product\/2982","targetHints":{"allow":["GET"]}}],"collection":[{"href":"https:\/\/www.cncsheetmachine.com\/es\/wp-json\/wp\/v2\/product"}],"about":[{"href":"https:\/\/www.cncsheetmachine.com\/es\/wp-json\/wp\/v2\/types\/product"}],"replies":[{"embeddable":true,"href":"https:\/\/www.cncsheetmachine.com\/es\/wp-json\/wp\/v2\/comments?post=2982"}],"version-history":[{"count":4,"href":"https:\/\/www.cncsheetmachine.com\/es\/wp-json\/wp\/v2\/product\/2982\/revisions"}],"predecessor-version":[{"id":2991,"href":"https:\/\/www.cncsheetmachine.com\/es\/wp-json\/wp\/v2\/product\/2982\/revisions\/2991"}],"wp:featuredmedia":[{"embeddable":true,"href":"https:\/\/www.cncsheetmachine.com\/es\/wp-json\/wp\/v2\/media\/2984"}],"wp:attachment":[{"href":"https:\/\/www.cncsheetmachine.com\/es\/wp-json\/wp\/v2\/media?parent=2982"}],"wp:term":[{"taxonomy":"product_brand","embeddable":true,"href":"https:\/\/www.cncsheetmachine.com\/es\/wp-json\/wp\/v2\/product_brand?post=2982"},{"taxonomy":"product_cat","embeddable":true,"href":"https:\/\/www.cncsheetmachine.com\/es\/wp-json\/wp\/v2\/product_cat?post=2982"},{"taxonomy":"product_tag","embeddable":true,"href":"https:\/\/www.cncsheetmachine.com\/es\/wp-json\/wp\/v2\/product_tag?post=2982"}],"curies":[{"name":"wp","href":"https:\/\/api.w.org\/{rel}","templated":true}]}}