{"id":2996,"date":"2025-08-12T13:38:28","date_gmt":"2025-08-12T05:38:28","guid":{"rendered":"https:\/\/www.cncsheetmachine.com\/?post_type=product&#038;p=2996"},"modified":"2025-08-12T13:38:30","modified_gmt":"2025-08-12T05:38:30","slug":"yd27-series-metal-stamping-hydraulic-press","status":"publish","type":"product","link":"https:\/\/www.cncsheetmachine.com\/es\/producto\/prensa-hidraulica-de-estampacion-de-metal-serie-yd27\/","title":{"rendered":"Prensa hidr\u00e1ulica de estampaci\u00f3n de metal serie YD27"},"content":{"rendered":"<p>La <strong data-start=\"150\" data-end=\"196\">Prensa hidr\u00e1ulica para estampaci\u00f3n de metal serie YD27<\/strong> cubre una amplia gama de capacidades, desde <strong data-start=\"236\" data-end=\"253\">De 100T a 4000T<\/strong>La producci\u00f3n de acero inoxidable se realiza a gran escala, satisfaciendo diversas escalas de producci\u00f3n y requisitos de proceso. Se utiliza ampliamente para fabricar dep\u00f3sitos de agua de acero inoxidable, cap\u00f3s de autom\u00f3viles, chasis, paneles de lavadoras, paneles laterales de frigor\u00edficos, etc. Con un <strong data-start=\"479\" data-end=\"506\">sistema hidr\u00e1ulico estable<\/strong>, <strong data-start=\"508\" data-end=\"535\">poderosa fuerza de presi\u00f3n<\/strong>y <strong data-start=\"541\" data-end=\"567\">control preciso de la carrera<\/strong>Es uno de los productos estrella de Juying.<br data-start=\"609\" data-end=\"612\" \/>Ya sea para embutici\u00f3n de metal, conformado, prensado en caliente, prensado en fr\u00edo, ensayos de moldes o procesamiento de grandes componentes estructurales, la serie YD27 ofrece un rendimiento excepcional.<\/p>\n<h3 data-start=\"786\" data-end=\"817\">Principales caracter\u00edsticas y ventajas<\/h3>\n<ul data-start=\"818\" data-end=\"1622\">\n<li data-start=\"818\" data-end=\"974\">\n<p data-start=\"820\" data-end=\"974\"><strong data-start=\"820\" data-end=\"843\">Amplia gama de presiones<\/strong> - Capacidades a partir de <strong data-start=\"862\" data-end=\"879\">De 100T a 4000T<\/strong> con una presi\u00f3n de trabajo de <strong data-start=\"907\" data-end=\"917\">25 MPa<\/strong>, adecuado para una gran variedad de aplicaciones de alta resistencia.<\/p>\n<\/li>\n<li data-start=\"975\" data-end=\"1116\">\n<p data-start=\"977\" data-end=\"1116\"><strong data-start=\"977\" data-end=\"1010\">M\u00faltiples opciones de trazo de diapositiva<\/strong> - Carrera de deslizamiento efectiva desde <strong data-start=\"1041\" data-end=\"1062\">500 mm a 1600 mm<\/strong>, adapt\u00e1ndose a diferentes moldes y alturas de producto.<\/p>\n<\/li>\n<li data-start=\"1117\" data-end=\"1212\">\n<p data-start=\"1119\" data-end=\"1212\"><strong data-start=\"1119\" data-end=\"1138\">Mesa de trabajo grande<\/strong> - Mesa de trabajo de hasta <strong data-start=\"1162\" data-end=\"1180\">1800 \u00d7 1800 mm<\/strong>Soporte de piezas de gran tama\u00f1o.<\/p>\n<\/li>\n<li data-start=\"1213\" data-end=\"1346\">\n<p data-start=\"1215\" data-end=\"1346\"><strong data-start=\"1215\" data-end=\"1239\">Funcionamiento a alta velocidad<\/strong> - Velocidad de descenso al ralent\u00ed hasta <strong data-start=\"1267\" data-end=\"1279\">180 mm\/s<\/strong>, con velocidad de prensado ajustable con precisi\u00f3n entre <strong data-start=\"1330\" data-end=\"1343\">5-15 mm\/s<\/strong>.<\/p>\n<\/li>\n<li data-start=\"1347\" data-end=\"1474\">\n<p data-start=\"1349\" data-end=\"1474\"><strong data-start=\"1349\" data-end=\"1374\">Motor de alta eficiencia<\/strong> - Opciones de alimentaci\u00f3n de <strong data-start=\"1396\" data-end=\"1406\">5,5 kW<\/strong> a doble <strong data-start=\"1415\" data-end=\"1424\">37 kW<\/strong>El equilibrio entre eficiencia energ\u00e9tica y producci\u00f3n estable.<\/p>\n<\/li>\n<li data-start=\"1475\" data-end=\"1622\">\n<p data-start=\"1477\" data-end=\"1622\"><strong data-start=\"1477\" data-end=\"1504\">Potente fuerza de expulsi\u00f3n<\/strong> - Fuerza de eyecci\u00f3n m\u00e1xima de hasta <strong data-start=\"1536\" data-end=\"1544\">630T<\/strong>con una carrera de eyecci\u00f3n de hasta <strong data-start=\"1573\" data-end=\"1583\">450 mm<\/strong> para facilitar el desmoldeo de piezas complejas.<\/p>\n<\/li>\n<\/ul>\n<h3>Campos de aplicaci\u00f3n<\/h3>\n<p><strong>Fabricaci\u00f3n de autom\u00f3viles:<\/strong><\/p>\n<p>El estampado de piezas de acero de alta resistencia, como puertas, cap\u00f3s y chasis de autom\u00f3viles, requiere equipos con una gran rigidez (rigidez del cuerpo de la m\u00e1quina de 1\/6000) y resistencia a la fatiga para soportar impactos de alta presi\u00f3n a largo plazo.<\/p>\n<p><strong>Fabricaci\u00f3n de electrodom\u00e9sticos:<\/strong><\/p>\n<p>El procesamiento de piezas finas de chapa met\u00e1lica, como carcasas de lavadoras y paneles laterales de frigor\u00edficos, requiere equipos con caracter\u00edsticas tanto de alta velocidad (carreras de hasta 40 veces por minuto) como de bajo nivel de ruido (inferior a 75 decibelios).<\/p>\n<p><strong>Hardware de precisi\u00f3n:<\/strong><\/p>\n<p>La fabricaci\u00f3n de piezas met\u00e1licas peque\u00f1as, como cerraduras y luminarias, requiere equipos con capacidad de ajuste fino (rango de ajuste de la altura de la matriz de hasta 150 mm) y precisi\u00f3n de posicionamiento repetible (\u00b10,1 mm).<\/p>\n<h3>Par\u00e1metros del producto<\/h3>\n<table style=\"border-collapse: collapse; width: 100%; font-family: Arial, sans-serif;\" border=\"1\" cellspacing=\"0\" cellpadding=\"6\">\n<thead style=\"background-color: #f2f2f2;\">\n<tr>\n<th>&nbsp;<\/p>\n<p>&nbsp;<\/p>\n<p>&nbsp;<\/p>\n<p>Modelo<\/th>\n<th>Presi\u00f3n del l\u00edquido (MPa)<\/th>\n<th>Carrera de la corredera (mm)<\/th>\n<th>Max. Altura abierta (mm)<\/th>\n<th>Tama\u00f1o de la mesa (mm)<\/th>\n<th>Velocidad de descenso en vac\u00edo (mm\/s)<\/th>\n<th>Velocidad de prensado (mm\/s)<\/th>\n<th>Velocidad de retorno (mm\/s)<\/th>\n<th>Potencia del motor (kW)<\/th>\n<th>Fuerza de eyecci\u00f3n (T)<\/th>\n<th>Carrera de eyecci\u00f3n (mm)<\/th>\n<\/tr>\n<\/thead>\n<tbody>\n<tr>\n<td>100T<\/td>\n<td>25<\/td>\n<td>500<\/td>\n<td>800<\/td>\n<td>630 \u00d7 550<\/td>\n<td>100<\/td>\n<td>5-10<\/td>\n<td>300<\/td>\n<td>5.5<\/td>\n<td>200<\/td>\n<td>200<\/td>\n<\/tr>\n<tr>\n<td>200T<\/td>\n<td>25<\/td>\n<td>700<\/td>\n<td>1100<\/td>\n<td>750 \u00d7 700<\/td>\n<td>100<\/td>\n<td>5-15<\/td>\n<td>300<\/td>\n<td>5.5<\/td>\n<td>200<\/td>\n<td>300<\/td>\n<\/tr>\n<tr>\n<td>315T<\/td>\n<td>25<\/td>\n<td>800<\/td>\n<td>1250<\/td>\n<td>660 \u00d7 600<\/td>\n<td>100<\/td>\n<td>5-10<\/td>\n<td>300<\/td>\n<td>7.5<\/td>\n<td>400<\/td>\n<td>200<\/td>\n<\/tr>\n<tr>\n<td>400T<\/td>\n<td>25<\/td>\n<td>900<\/td>\n<td>1500<\/td>\n<td>1000 \u00d7 1000<\/td>\n<td>100<\/td>\n<td>5-10<\/td>\n<td>300<\/td>\n<td>7.5<\/td>\n<td>400<\/td>\n<td>220<\/td>\n<\/tr>\n<tr>\n<td>500T<\/td>\n<td>25<\/td>\n<td>1200<\/td>\n<td>1800<\/td>\n<td>800 \u00d7 800<\/td>\n<td>100<\/td>\n<td>5-10<\/td>\n<td>300<\/td>\n<td>7.5<\/td>\n<td>400<\/td>\n<td>220<\/td>\n<\/tr>\n<tr>\n<td>630T<\/td>\n<td>25<\/td>\n<td>1200<\/td>\n<td>1800<\/td>\n<td>1260 \u00d7 1160<\/td>\n<td>120<\/td>\n<td>8-15<\/td>\n<td>300<\/td>\n<td>22<\/td>\n<td>630<\/td>\n<td>300<\/td>\n<\/tr>\n<tr>\n<td>800T<\/td>\n<td>25<\/td>\n<td>1200<\/td>\n<td>1000<\/td>\n<td>800 \u00d7 800<\/td>\n<td>120<\/td>\n<td>8-15<\/td>\n<td>300<\/td>\n<td>15<\/td>\n<td>630<\/td>\n<td>300<\/td>\n<\/tr>\n<tr>\n<td>1000T<\/td>\n<td>25<\/td>\n<td>1200<\/td>\n<td>1800<\/td>\n<td>1260 \u00d7 1160<\/td>\n<td>120<\/td>\n<td>5-12<\/td>\n<td>300<\/td>\n<td>45<\/td>\n<td>100<\/td>\n<td>350<\/td>\n<\/tr>\n<tr>\n<td>1250T<\/td>\n<td>25<\/td>\n<td>1400<\/td>\n<td>2000<\/td>\n<td>1600 \u00d7 1000<\/td>\n<td>150<\/td>\n<td>5-12<\/td>\n<td>300<\/td>\n<td>45<\/td>\n<td>100<\/td>\n<td>350<\/td>\n<\/tr>\n<tr>\n<td>1600T<\/td>\n<td>25<\/td>\n<td>1400<\/td>\n<td>2000<\/td>\n<td>1500 \u00d7 1500<\/td>\n<td>150<\/td>\n<td>5-12<\/td>\n<td>300<\/td>\n<td>45<\/td>\n<td>100<\/td>\n<td>350<\/td>\n<\/tr>\n<tr>\n<td>2000T<\/td>\n<td>25<\/td>\n<td>1400<\/td>\n<td>2000<\/td>\n<td>1500 \u00d7 1500<\/td>\n<td>160<\/td>\n<td>5-12<\/td>\n<td>300<\/td>\n<td>37 \u00d7 2<\/td>\n<td>125<\/td>\n<td>350<\/td>\n<\/tr>\n<tr>\n<td>2500T<\/td>\n<td>25<\/td>\n<td>1400<\/td>\n<td>2000<\/td>\n<td>1800 \u00d7 1600<\/td>\n<td>160<\/td>\n<td>10<\/td>\n<td>300<\/td>\n<td>37 \u00d7 2<\/td>\n<td>125<\/td>\n<td>350<\/td>\n<\/tr>\n<tr>\n<td>3000T<\/td>\n<td>25<\/td>\n<td>1600<\/td>\n<td>2200<\/td>\n<td>1600 \u00d7 1600<\/td>\n<td>160<\/td>\n<td>6-10<\/td>\n<td>300<\/td>\n<td>37 \u00d7 2<\/td>\n<td>200<\/td>\n<td>450<\/td>\n<\/tr>\n<tr>\n<td>4000T<\/td>\n<td>25<\/td>\n<td>1600<\/td>\n<td>2200<\/td>\n<td>1800 \u00d7 1800<\/td>\n<td>180<\/td>\n<td>6-10<\/td>\n<td>300<\/td>\n<td>37 \u00d7 2<\/td>\n<td>200<\/td>\n<td>450<\/td>\n<\/tr>\n<\/tbody>\n<\/table>\n<h3>Prensa hidr\u00e1ulica para estampaci\u00f3n de metales Aplicaci\u00f3n del producto<\/h3>\n<h3><img fetchpriority=\"high\" decoding=\"async\" class=\"aligncenter size-full wp-image-3000\" src=\"https:\/\/www.cncsheetmachine.com\/wp-content\/uploads\/2025\/08\/1754555789dc21f9.jpg\" alt=\"Aplicaci\u00f3n del producto Prensa hidr\u00e1ulica para estampaci\u00f3n de metal serie YD27\" width=\"800\" height=\"850\" srcset=\"https:\/\/www.cncsheetmachine.com\/wp-content\/uploads\/2025\/08\/1754555789dc21f9.jpg 800w, https:\/\/www.cncsheetmachine.com\/wp-content\/uploads\/2025\/08\/1754555789dc21f9-282x300.jpg 282w, https:\/\/www.cncsheetmachine.com\/wp-content\/uploads\/2025\/08\/1754555789dc21f9-768x816.jpg 768w, https:\/\/www.cncsheetmachine.com\/wp-content\/uploads\/2025\/08\/1754555789dc21f9-11x12.jpg 11w, https:\/\/www.cncsheetmachine.com\/wp-content\/uploads\/2025\/08\/1754555789dc21f9-600x638.jpg 600w\" sizes=\"(max-width: 800px) 100vw, 800px\" \/><img \/><\/h3>\n<h3>Qui\u00e9nes somos<\/h3>\n<p><img decoding=\"async\" class=\"aligncenter size-full wp-image-2987\" src=\"https:\/\/www.cncsheetmachine.com\/wp-content\/uploads\/2025\/08\/wechat_2025-08-11_163040_014.jpg\" sizes=\"(max-width: 787px) 100vw, 787px\" srcset=\"https:\/\/www.cncsheetmachine.com\/wp-content\/uploads\/2025\/08\/wechat_2025-08-11_163040_014.jpg 787w, https:\/\/www.cncsheetmachine.com\/wp-content\/uploads\/2025\/08\/wechat_2025-08-11_163040_014-300x254.jpg 300w, https:\/\/www.cncsheetmachine.com\/wp-content\/uploads\/2025\/08\/wechat_2025-08-11_163040_014-768x650.jpg 768w, https:\/\/www.cncsheetmachine.com\/wp-content\/uploads\/2025\/08\/wechat_2025-08-11_163040_014-14x12.jpg 14w, https:\/\/www.cncsheetmachine.com\/wp-content\/uploads\/2025\/08\/wechat_2025-08-11_163040_014-600x508.jpg 600w\" alt=\"\" width=\"787\" height=\"666\" \/><\/p>\n<p>JIUYING HEAVY MACHINE CO,LIMITED se estableci\u00f3 en 2012. Somos un fabricante profesional y distribuidor de prensas hidr\u00e1ulicas, proporcionando una amplia gama de modelos de prensas hidr\u00e1ulicas a los clientes globales. Ofrecemos productos personalizados adaptados a las necesidades del cliente. Todos nuestros productos est\u00e1n certificados por ISO, CE, EAC, UL y CSA. Para m\u00e1s detalles, p\u00f3ngase en contacto con nuestros representantes de ventas.<br \/>\nTodos nuestros productos tienen un a\u00f1o de garant\u00eda para reparaciones y servicio posventa de piezas de repuesto de por vida. Si tiene alg\u00fan problema con el producto, no dude en ponerse en contacto con nosotros en cualquier momento.<\/p>\n<p><img decoding=\"async\" class=\"aligncenter size-full wp-image-2988\" src=\"https:\/\/www.cncsheetmachine.com\/wp-content\/uploads\/2025\/08\/e4201d65-7dd4-42c0-9ac5-09f03c33071b.jpg\" sizes=\"(max-width: 750px) 100vw, 750px\" srcset=\"https:\/\/www.cncsheetmachine.com\/wp-content\/uploads\/2025\/08\/e4201d65-7dd4-42c0-9ac5-09f03c33071b.jpg 750w, https:\/\/www.cncsheetmachine.com\/wp-content\/uploads\/2025\/08\/e4201d65-7dd4-42c0-9ac5-09f03c33071b-207x300.jpg 207w, https:\/\/www.cncsheetmachine.com\/wp-content\/uploads\/2025\/08\/e4201d65-7dd4-42c0-9ac5-09f03c33071b-708x1024.jpg 708w, https:\/\/www.cncsheetmachine.com\/wp-content\/uploads\/2025\/08\/e4201d65-7dd4-42c0-9ac5-09f03c33071b-8x12.jpg 8w, https:\/\/www.cncsheetmachine.com\/wp-content\/uploads\/2025\/08\/e4201d65-7dd4-42c0-9ac5-09f03c33071b-600x868.jpg 600w\" alt=\"Embalaje y transporte de productos\" width=\"750\" height=\"1085\" \/><\/p>\n<p>&nbsp;<\/p>","protected":false},"excerpt":{"rendered":"<p>The YD27 Series Metal Stamping Hydraulic Press covers a wide range of capacities from 100T to 4000T, meeting diverse production scales and process requirements. It is widely used for manufacturing stainless steel water tanks, automotive hoods, chassis, washing machine panels, refrigerator side panels, and more. Featuring a stable hydraulic system, powerful pressing force, and precise [&hellip;]<\/p>","protected":false},"featured_media":2999,"comment_status":"open","ping_status":"closed","template":"","meta":{"site-sidebar-layout":"default","site-content-layout":"","ast-site-content-layout":"default","site-content-style":"default","site-sidebar-style":"default","ast-global-header-display":"","ast-banner-title-visibility":"","ast-main-header-display":"","ast-hfb-above-header-display":"","ast-hfb-below-header-display":"","ast-hfb-mobile-header-display":"","site-post-title":"","ast-breadcrumbs-content":"","ast-featured-img":"","footer-sml-layout":"","ast-disable-related-posts":"","theme-transparent-header-meta":"default","adv-header-id-meta":"","stick-header-meta":"","header-above-stick-meta":"","header-main-stick-meta":"","header-below-stick-meta":"","astra-migrate-meta-layouts":"set","ast-page-background-enabled":"default","ast-page-background-meta":{"desktop":{"background-color":"var(--ast-global-color-4)","background-image":"","background-repeat":"repeat","background-position":"center center","background-size":"auto","background-attachment":"scroll","background-type":"","background-media":"","overlay-type":"","overlay-color":"","overlay-opacity":"","overlay-gradient":""},"tablet":{"background-color":"","background-image":"","background-repeat":"repeat","background-position":"center center","background-size":"auto","background-attachment":"scroll","background-type":"","background-media":"","overlay-type":"","overlay-color":"","overlay-opacity":"","overlay-gradient":""},"mobile":{"background-color":"","background-image":"","background-repeat":"repeat","background-position":"center center","background-size":"auto","background-attachment":"scroll","background-type":"","background-media":"","overlay-type":"","overlay-color":"","overlay-opacity":"","overlay-gradient":""}},"ast-content-background-meta":{"desktop":{"background-color":"var(--ast-global-color-5)","background-image":"","background-repeat":"repeat","background-position":"center center","background-size":"auto","background-attachment":"scroll","background-type":"","background-media":"","overlay-type":"","overlay-color":"","overlay-opacity":"","overlay-gradient":""},"tablet":{"background-color":"var(--ast-global-color-5)","background-image":"","background-repeat":"repeat","background-position":"center center","background-size":"auto","background-attachment":"scroll","background-type":"","background-media":"","overlay-type":"","overlay-color":"","overlay-opacity":"","overlay-gradient":""},"mobile":{"background-color":"var(--ast-global-color-5)","background-image":"","background-repeat":"repeat","background-position":"center center","background-size":"auto","background-attachment":"scroll","background-type":"","background-media":"","overlay-type":"","overlay-color":"","overlay-opacity":"","overlay-gradient":""}}},"product_brand":[],"product_cat":[180],"product_tag":[],"class_list":{"0":"post-2996","1":"product","2":"type-product","3":"status-publish","4":"has-post-thumbnail","6":"product_cat-four-column-hydraulic-press","7":"desktop-align-left","8":"tablet-align-left","9":"mobile-align-left","10":"ast-product-gallery-layout-horizontal-slider","11":"ast-product-gallery-with-no-image","13":"first","14":"instock","15":"shipping-taxable","16":"product-type-simple"},"yoast_head":"<!-- This site is optimized with the Yoast SEO plugin v27.4 - https:\/\/yoast.com\/product\/yoast-seo-wordpress\/ -->\n<title>YD27 Series Metal stamping hydraulic press - JIUYING<\/title>\n<meta name=\"robots\" content=\"index, follow, max-snippet:-1, max-image-preview:large, max-video-preview:-1\" \/>\n<link rel=\"canonical\" href=\"https:\/\/www.cncsheetmachine.com\/es\/producto\/prensa-hidraulica-de-estampacion-de-metal-serie-yd27\/\" \/>\n<meta property=\"og:locale\" content=\"es_ES\" \/>\n<meta property=\"og:type\" content=\"article\" \/>\n<meta property=\"og:title\" content=\"YD27 Series Metal stamping hydraulic press - JIUYING\" \/>\n<meta property=\"og:description\" content=\"The YD27 Series Metal Stamping Hydraulic Press covers a wide range of capacities from 100T to 4000T, meeting diverse production scales and process requirements. It is widely used for manufacturing stainless steel water tanks, automotive hoods, chassis, washing machine panels, refrigerator side panels, and more. Featuring a stable hydraulic system, powerful pressing force, and precise [&hellip;]\" \/>\n<meta property=\"og:url\" content=\"https:\/\/www.cncsheetmachine.com\/es\/producto\/prensa-hidraulica-de-estampacion-de-metal-serie-yd27\/\" \/>\n<meta property=\"og:site_name\" content=\"JIUYING\" \/>\n<meta property=\"article:publisher\" content=\"https:\/\/www.facebook.com\/profile.php?id=100093426904136\" \/>\n<meta property=\"article:modified_time\" content=\"2025-08-12T05:38:30+00:00\" \/>\n<meta property=\"og:image\" content=\"https:\/\/www.cncsheetmachine.com\/wp-content\/uploads\/2025\/08\/48be0d957ab1537-\u62f7\u8d1d.jpg\" \/>\n\t<meta property=\"og:image:width\" content=\"800\" \/>\n\t<meta property=\"og:image:height\" content=\"800\" \/>\n\t<meta property=\"og:image:type\" content=\"image\/jpeg\" \/>\n<meta name=\"twitter:card\" content=\"summary_large_image\" \/>\n<meta name=\"twitter:label1\" content=\"Tiempo de lectura\" \/>\n\t<meta name=\"twitter:data1\" content=\"4 minutos\" \/>\n<script type=\"application\/ld+json\" class=\"yoast-schema-graph\">{\"@context\":\"https:\\\/\\\/schema.org\",\"@graph\":[{\"@type\":\"WebPage\",\"@id\":\"https:\\\/\\\/www.cncsheetmachine.com\\\/product\\\/yd27-series-metal-stamping-hydraulic-press\\\/\",\"url\":\"https:\\\/\\\/www.cncsheetmachine.com\\\/product\\\/yd27-series-metal-stamping-hydraulic-press\\\/\",\"name\":\"YD27 Series Metal stamping hydraulic press - JIUYING\",\"isPartOf\":{\"@id\":\"https:\\\/\\\/www.cncsheetmachine.com\\\/en\\\/#website\"},\"primaryImageOfPage\":{\"@id\":\"https:\\\/\\\/www.cncsheetmachine.com\\\/product\\\/yd27-series-metal-stamping-hydraulic-press\\\/#primaryimage\"},\"image\":{\"@id\":\"https:\\\/\\\/www.cncsheetmachine.com\\\/product\\\/yd27-series-metal-stamping-hydraulic-press\\\/#primaryimage\"},\"thumbnailUrl\":\"https:\\\/\\\/www.cncsheetmachine.com\\\/wp-content\\\/uploads\\\/2025\\\/08\\\/48be0d957ab1537-\u62f7\u8d1d.jpg\",\"datePublished\":\"2025-08-12T05:38:28+00:00\",\"dateModified\":\"2025-08-12T05:38:30+00:00\",\"breadcrumb\":{\"@id\":\"https:\\\/\\\/www.cncsheetmachine.com\\\/product\\\/yd27-series-metal-stamping-hydraulic-press\\\/#breadcrumb\"},\"inLanguage\":\"es\",\"potentialAction\":[{\"@type\":\"ReadAction\",\"target\":[\"https:\\\/\\\/www.cncsheetmachine.com\\\/product\\\/yd27-series-metal-stamping-hydraulic-press\\\/\"]}]},{\"@type\":\"ImageObject\",\"inLanguage\":\"es\",\"@id\":\"https:\\\/\\\/www.cncsheetmachine.com\\\/product\\\/yd27-series-metal-stamping-hydraulic-press\\\/#primaryimage\",\"url\":\"https:\\\/\\\/www.cncsheetmachine.com\\\/wp-content\\\/uploads\\\/2025\\\/08\\\/48be0d957ab1537-\u62f7\u8d1d.jpg\",\"contentUrl\":\"https:\\\/\\\/www.cncsheetmachine.com\\\/wp-content\\\/uploads\\\/2025\\\/08\\\/48be0d957ab1537-\u62f7\u8d1d.jpg\",\"width\":800,\"height\":800,\"caption\":\"YD27 Series Metal Stamping Hydraulic Press\"},{\"@type\":\"BreadcrumbList\",\"@id\":\"https:\\\/\\\/www.cncsheetmachine.com\\\/product\\\/yd27-series-metal-stamping-hydraulic-press\\\/#breadcrumb\",\"itemListElement\":[{\"@type\":\"ListItem\",\"position\":1,\"name\":\"Home\",\"item\":\"https:\\\/\\\/www.cncsheetmachine.com\\\/en\\\/\"},{\"@type\":\"ListItem\",\"position\":2,\"name\":\"Product\",\"item\":\"https:\\\/\\\/www.cncsheetmachine.com\\\/en\\\/product\\\/\"},{\"@type\":\"ListItem\",\"position\":3,\"name\":\"YD27 Series Metal stamping hydraulic press\"}]},{\"@type\":\"WebSite\",\"@id\":\"https:\\\/\\\/www.cncsheetmachine.com\\\/en\\\/#website\",\"url\":\"https:\\\/\\\/www.cncsheetmachine.com\\\/en\\\/\",\"name\":\"JIUYING\",\"description\":\"Jiuying Hydraulic Press Official Website\",\"publisher\":{\"@id\":\"https:\\\/\\\/www.cncsheetmachine.com\\\/en\\\/#organization\"},\"potentialAction\":[{\"@type\":\"SearchAction\",\"target\":{\"@type\":\"EntryPoint\",\"urlTemplate\":\"https:\\\/\\\/www.cncsheetmachine.com\\\/en\\\/?s={search_term_string}\"},\"query-input\":{\"@type\":\"PropertyValueSpecification\",\"valueRequired\":true,\"valueName\":\"search_term_string\"}}],\"inLanguage\":\"es\"},{\"@type\":\"Organization\",\"@id\":\"https:\\\/\\\/www.cncsheetmachine.com\\\/en\\\/#organization\",\"name\":\"JIUYING\",\"url\":\"https:\\\/\\\/www.cncsheetmachine.com\\\/en\\\/\",\"logo\":{\"@type\":\"ImageObject\",\"inLanguage\":\"es\",\"@id\":\"https:\\\/\\\/www.cncsheetmachine.com\\\/en\\\/#\\\/schema\\\/logo\\\/image\\\/\",\"url\":\"\",\"contentUrl\":\"\",\"caption\":\"JIUYING\"},\"image\":{\"@id\":\"https:\\\/\\\/www.cncsheetmachine.com\\\/en\\\/#\\\/schema\\\/logo\\\/image\\\/\"},\"sameAs\":[\"https:\\\/\\\/www.facebook.com\\\/profile.php?id=100093426904136\"]}]}<\/script>\n<!-- \/ Yoast SEO plugin. -->","yoast_head_json":{"title":"Prensa hidr\u00e1ulica para estampaci\u00f3n de metal serie YD27 - JIUYING","robots":{"index":"index","follow":"follow","max-snippet":"max-snippet:-1","max-image-preview":"max-image-preview:large","max-video-preview":"max-video-preview:-1"},"canonical":"https:\/\/www.cncsheetmachine.com\/es\/producto\/prensa-hidraulica-de-estampacion-de-metal-serie-yd27\/","og_locale":"es_ES","og_type":"article","og_title":"YD27 Series Metal stamping hydraulic press - JIUYING","og_description":"The YD27 Series Metal Stamping Hydraulic Press covers a wide range of capacities from 100T to 4000T, meeting diverse production scales and process requirements. It is widely used for manufacturing stainless steel water tanks, automotive hoods, chassis, washing machine panels, refrigerator side panels, and more. Featuring a stable hydraulic system, powerful pressing force, and precise [&hellip;]","og_url":"https:\/\/www.cncsheetmachine.com\/es\/producto\/prensa-hidraulica-de-estampacion-de-metal-serie-yd27\/","og_site_name":"JIUYING","article_publisher":"https:\/\/www.facebook.com\/profile.php?id=100093426904136","article_modified_time":"2025-08-12T05:38:30+00:00","og_image":[{"width":800,"height":800,"url":"https:\/\/www.cncsheetmachine.com\/wp-content\/uploads\/2025\/08\/48be0d957ab1537-\u62f7\u8d1d.jpg","type":"image\/jpeg"}],"twitter_card":"summary_large_image","twitter_misc":{"Tiempo de lectura":"4 minutos"},"schema":{"@context":"https:\/\/schema.org","@graph":[{"@type":"WebPage","@id":"https:\/\/www.cncsheetmachine.com\/product\/yd27-series-metal-stamping-hydraulic-press\/","url":"https:\/\/www.cncsheetmachine.com\/product\/yd27-series-metal-stamping-hydraulic-press\/","name":"Prensa hidr\u00e1ulica para estampaci\u00f3n de metal serie YD27 - JIUYING","isPartOf":{"@id":"https:\/\/www.cncsheetmachine.com\/en\/#website"},"primaryImageOfPage":{"@id":"https:\/\/www.cncsheetmachine.com\/product\/yd27-series-metal-stamping-hydraulic-press\/#primaryimage"},"image":{"@id":"https:\/\/www.cncsheetmachine.com\/product\/yd27-series-metal-stamping-hydraulic-press\/#primaryimage"},"thumbnailUrl":"https:\/\/www.cncsheetmachine.com\/wp-content\/uploads\/2025\/08\/48be0d957ab1537-\u62f7\u8d1d.jpg","datePublished":"2025-08-12T05:38:28+00:00","dateModified":"2025-08-12T05:38:30+00:00","breadcrumb":{"@id":"https:\/\/www.cncsheetmachine.com\/product\/yd27-series-metal-stamping-hydraulic-press\/#breadcrumb"},"inLanguage":"es","potentialAction":[{"@type":"ReadAction","target":["https:\/\/www.cncsheetmachine.com\/product\/yd27-series-metal-stamping-hydraulic-press\/"]}]},{"@type":"ImageObject","inLanguage":"es","@id":"https:\/\/www.cncsheetmachine.com\/product\/yd27-series-metal-stamping-hydraulic-press\/#primaryimage","url":"https:\/\/www.cncsheetmachine.com\/wp-content\/uploads\/2025\/08\/48be0d957ab1537-\u62f7\u8d1d.jpg","contentUrl":"https:\/\/www.cncsheetmachine.com\/wp-content\/uploads\/2025\/08\/48be0d957ab1537-\u62f7\u8d1d.jpg","width":800,"height":800,"caption":"YD27 Series Metal Stamping Hydraulic Press"},{"@type":"BreadcrumbList","@id":"https:\/\/www.cncsheetmachine.com\/product\/yd27-series-metal-stamping-hydraulic-press\/#breadcrumb","itemListElement":[{"@type":"ListItem","position":1,"name":"Home","item":"https:\/\/www.cncsheetmachine.com\/en\/"},{"@type":"ListItem","position":2,"name":"Product","item":"https:\/\/www.cncsheetmachine.com\/en\/product\/"},{"@type":"ListItem","position":3,"name":"YD27 Series Metal stamping hydraulic press"}]},{"@type":"WebSite","@id":"https:\/\/www.cncsheetmachine.com\/en\/#website","url":"https:\/\/www.cncsheetmachine.com\/en\/","name":"JIUYING","description":"Sitio web oficial de Jiuying Hydraulic Press","publisher":{"@id":"https:\/\/www.cncsheetmachine.com\/en\/#organization"},"potentialAction":[{"@type":"SearchAction","target":{"@type":"EntryPoint","urlTemplate":"https:\/\/www.cncsheetmachine.com\/en\/?s={search_term_string}"},"query-input":{"@type":"PropertyValueSpecification","valueRequired":true,"valueName":"search_term_string"}}],"inLanguage":"es"},{"@type":"Organization","@id":"https:\/\/www.cncsheetmachine.com\/en\/#organization","name":"JIUYING","url":"https:\/\/www.cncsheetmachine.com\/en\/","logo":{"@type":"ImageObject","inLanguage":"es","@id":"https:\/\/www.cncsheetmachine.com\/en\/#\/schema\/logo\/image\/","url":"","contentUrl":"","caption":"JIUYING"},"image":{"@id":"https:\/\/www.cncsheetmachine.com\/en\/#\/schema\/logo\/image\/"},"sameAs":["https:\/\/www.facebook.com\/profile.php?id=100093426904136"]}]}},"_links":{"self":[{"href":"https:\/\/www.cncsheetmachine.com\/es\/wp-json\/wp\/v2\/product\/2996","targetHints":{"allow":["GET"]}}],"collection":[{"href":"https:\/\/www.cncsheetmachine.com\/es\/wp-json\/wp\/v2\/product"}],"about":[{"href":"https:\/\/www.cncsheetmachine.com\/es\/wp-json\/wp\/v2\/types\/product"}],"replies":[{"embeddable":true,"href":"https:\/\/www.cncsheetmachine.com\/es\/wp-json\/wp\/v2\/comments?post=2996"}],"version-history":[{"count":3,"href":"https:\/\/www.cncsheetmachine.com\/es\/wp-json\/wp\/v2\/product\/2996\/revisions"}],"predecessor-version":[{"id":3001,"href":"https:\/\/www.cncsheetmachine.com\/es\/wp-json\/wp\/v2\/product\/2996\/revisions\/3001"}],"wp:featuredmedia":[{"embeddable":true,"href":"https:\/\/www.cncsheetmachine.com\/es\/wp-json\/wp\/v2\/media\/2999"}],"wp:attachment":[{"href":"https:\/\/www.cncsheetmachine.com\/es\/wp-json\/wp\/v2\/media?parent=2996"}],"wp:term":[{"taxonomy":"product_brand","embeddable":true,"href":"https:\/\/www.cncsheetmachine.com\/es\/wp-json\/wp\/v2\/product_brand?post=2996"},{"taxonomy":"product_cat","embeddable":true,"href":"https:\/\/www.cncsheetmachine.com\/es\/wp-json\/wp\/v2\/product_cat?post=2996"},{"taxonomy":"product_tag","embeddable":true,"href":"https:\/\/www.cncsheetmachine.com\/es\/wp-json\/wp\/v2\/product_tag?post=2996"}],"curies":[{"name":"wp","href":"https:\/\/api.w.org\/{rel}","templated":true}]}}